{"id":103,"date":"2025-03-03T00:37:43","date_gmt":"2025-03-03T00:37:43","guid":{"rendered":"https:\/\/euthanasiasleep.com\/?page_id=103"},"modified":"2025-03-03T01:15:04","modified_gmt":"2025-03-03T01:15:04","slug":"shipping-policy","status":"publish","type":"page","link":"https:\/\/euthanasiasleep.com\/de\/shipping-policy\/","title":{"rendered":"Schifffahrtspolitik"},"content":{"rendered":"<section class=\"section\" id=\"section_578812001\">\n\t\t<div class=\"section-bg fill\" >\n\t\t\t\t\t\t\t\t\t\n\t\t\t\n\n\t\t<\/div>\n\n\t\t\n\n\t\t<div class=\"section-content relative\">\n\t\t\t\n\n<div class=\"slider-wrapper relative\" id=\"slider-557190439\" >\n    <div class=\"slider slider-nav-circle slider-nav-large slider-nav-light slider-style-normal\"\n        data-flickity-options='{            \"cellAlign\": \"center\",            \"imagesLoaded\": true,            \"lazyLoad\": 1,            \"freeScroll\": false,            \"wrapAround\": true,            \"autoPlay\": 6000,            \"pauseAutoPlayOnHover\" : true,            \"prevNextButtons\": true,            \"contain\" : true,            \"adaptiveHeight\" : true,            \"dragThreshold\" : 10,            \"percentPosition\": true,            \"pageDots\": true,            \"rightToLeft\": false,            \"draggable\": true,            \"selectedAttraction\": 0.1,            \"parallax\" : 0,            \"friction\": 0.6        }'\n        >\n        \n\n\n  <div class=\"banner has-hover\" id=\"banner-417445817\">\n          <div class=\"banner-inner fill\">\n        <div class=\"banner-bg fill\" >\n            <img loading=\"lazy\" decoding=\"async\" width=\"1000\" height=\"600\" src=\"https:\/\/euthanasiasleep.com\/wp-content\/uploads\/2025\/03\/Delivery-1.png\" class=\"bg attachment-large size-large\" alt=\"\" \/>                        <div class=\"overlay\"><\/div>            \n                    <\/div>\n\t\t\n        <div class=\"banner-layers container\">\n            <div class=\"fill banner-link\"><\/div>            \n\n   <div id=\"text-box-401802485\" class=\"text-box banner-layer x50 md-x50 lg-x50 y50 md-y25 lg-y25 res-text\">\n                                <div class=\"text-box-content text dark\">\n              \n              <div class=\"text-inner text-center\">\n                  \n\n<h4 class=\"uppercase\">SEIT 2012<\/h4>\n<h2 class=\"uppercase\"><strong>SCHNELLE LIEFERUNG<\/strong><\/h2>\n\n              <\/div>\n           <\/div>\n                            \n<style>\n#text-box-401802485 {\n  width: 80%;\n}\n#text-box-401802485 .text-box-content {\n  font-size: 100%;\n}\n<\/style>\n    <\/div>\n \n\n        <\/div>\n      <\/div>\n\n            \n<style>\n#banner-417445817 {\n  padding-top: 125px;\n}\n#banner-417445817 .overlay {\n  background-color: rgba(0,0,0,.5);\n}\n@media (min-width:550px) {\n  #banner-417445817 {\n    padding-top: 400px;\n  }\n}\n<\/style>\n  <\/div>\n\n\n\n     <\/div>\n\n     <div class=\"loading-spin dark large centered\"><\/div>\n\n\t<\/div>\n\n\n<div class=\"row\"  id=\"row-1581853706\">\n\n\n\t<div id=\"col-231505359\" class=\"col medium-6 small-12 large-6\"  >\n\t\t\t\t<div class=\"col-inner\"  >\n\t\t\t\n\t\t\t\n\n\t<div id=\"text-3650697366\" class=\"text\">\n\t\t\n\n<h3 class=\"title-subtitle subtitle-color-default subtitle-style-background wd-fontsize-xs\">Zuverl\u00e4ssiger und diskreter Versand, dem Sie vertrauen k\u00f6nnen<\/h3>\n\t\t\n<style>\n#text-3650697366 {\n  color: rgb(51, 175, 165);\n}\n#text-3650697366 > * {\n  color: rgb(51, 175, 165);\n}\n<\/style>\n\t<\/div>\n\t\n<ul>\n<li>Unter <strong>Euthanasie Schlaf<\/strong>wissen wir, wie wichtig ein zuverl\u00e4ssiger, sicherer und diskreter Versand ist. Unsere Versandpolitik soll sicherstellen, dass Ihre Bestellung sicher, schnell und unter Einhaltung der geltenden Vorschriften bei Ihnen ankommt.<\/li>\n<\/ul>\n\n\t\t<\/div>\n\t\t\t\t\t<\/div>\n\n\t\n\n\t<div id=\"col-1439004220\" class=\"col medium-6 small-12 large-6\"  >\n\t\t\t\t<div class=\"col-inner\"  >\n\t\t\t\n\t\t\t\n\n\t<div id=\"text-3046149973\" class=\"text\">\n\t\t\n\n<h3 class=\"title-subtitle subtitle-color-default subtitle-style-background wd-fontsize-xs\">Versanddestinationen<\/h3>\n\t\t\n<style>\n#text-3046149973 {\n  color: rgb(51, 175, 165);\n}\n#text-3046149973 > * {\n  color: rgb(51, 175, 165);\n}\n<\/style>\n\t<\/div>\n\t\n<ul>\n<li>Wir versenden in ausgew\u00e4hlte L\u00e4nder in Europa und andere Regionen, in denen Nembutal gesetzlich zugelassen ist. In L\u00e4nder, in denen Nembutal illegal ist, versenden wir die Pakete als diskretes Paket.<\/li>\n<li>Bitte \u00fcberpr\u00fcfen Sie die Vorschriften in Ihrem Land, bevor Sie eine Bestellung aufgeben.<\/li>\n<li>Sie finden die Versandkosten f\u00fcr Ihren Standort sowohl auf der Warenkorb- als auch auf der Kassenseite.<\/li>\n<\/ul>\n\n\t\t<\/div>\n\t\t\t\t\t<\/div>\n\n\t\n\n<\/div>\n<div class=\"row\"  id=\"row-400088715\">\n\n\n\t<div id=\"col-139319264\" class=\"col small-12 large-12\"  >\n\t\t\t\t<div class=\"col-inner\"  >\n\t\t\t\n\t\t\t\n\n<div class=\"row\"  id=\"row-347903608\">\n\n\n\t<div id=\"col-523652318\" class=\"col medium-6 small-12 large-6\"  >\n\t\t\t\t<div class=\"col-inner\"  >\n\t\t\t\n\t\t\t\n\n\t<div id=\"text-1584539838\" class=\"text\">\n\t\t\n\n<h3 class=\"title-subtitle subtitle-color-default subtitle-style-background wd-fontsize-xs\">Versandmethoden<\/h3>\n\t\t\n<style>\n#text-1584539838 {\n  color: rgb(255,255,255);\n}\n#text-1584539838 > * {\n  color: rgb(255,255,255);\n}\n<\/style>\n\t<\/div>\n\t\n\t<div id=\"gap-553107500\" class=\"gap-element clearfix\" style=\"display:block; height:auto;\">\n\t\t\n<style>\n#gap-553107500 {\n  padding-top: 30px;\n}\n<\/style>\n\t<\/div>\n\t\n\n\t<div id=\"text-931449410\" class=\"text\">\n\t\t\n\n<p>Wir arbeiten mit vertrauensw\u00fcrdigen und seri\u00f6sen Kurierdiensten zusammen, um die sichere Zustellung Ihres Pakets zu gew\u00e4hrleisten. Alle Sendungen werden aus Gr\u00fcnden der Diskretion und des Schutzes sicher verpackt.<\/p>\n<ul>\n<li><strong>Standard-Versand:<\/strong>\u00a0Lieferung innerhalb von 3-4 Werktagen.<\/li>\n<li><strong>Express-Versand:<\/strong>\u00a0Lieferung innerhalb von 1-2 Werktagen gegen Aufpreis.<\/li>\n<li><strong>Informationen zur Verfolgung:<\/strong>\u00a0Alle Bestellungen enthalten Angaben zur Sendungsverfolgung, damit Sie Ihre Sendung verfolgen k\u00f6nnen.<\/li>\n<\/ul>\n\t\t\n<style>\n#text-931449410 {\n  color: rgb(255,255,255);\n}\n#text-931449410 > * {\n  color: rgb(255,255,255);\n}\n<\/style>\n\t<\/div>\n\t\n\n\t\t<\/div>\n\t\t\t\t\t<\/div>\n\n\t\n\n\t<div id=\"col-1210810811\" class=\"col medium-6 small-12 large-6\"  >\n\t\t\t\t<div class=\"col-inner\"  >\n\t\t\t\n\t\t\t\n\n\t<div id=\"text-2640709669\" class=\"text\">\n\t\t\n\n<h3 class=\"title-subtitle subtitle-color-default subtitle-style-background wd-fontsize-xs\"><strong>Kosten f\u00fcr den Versand<\/strong><\/h3>\n\t\t\n<style>\n#text-2640709669 {\n  color: rgb(255,255,255);\n}\n#text-2640709669 > * {\n  color: rgb(255,255,255);\n}\n<\/style>\n\t<\/div>\n\t\n\t<div id=\"gap-1610013217\" class=\"gap-element clearfix\" style=\"display:block; height:auto;\">\n\t\t\n<style>\n#gap-1610013217 {\n  padding-top: 30px;\n}\n<\/style>\n\t<\/div>\n\t\n\n\t<div id=\"text-2639881743\" class=\"text\">\n\t\t\n\n<div class=\"wd-negative-gap elementor-element elementor-element-833fdac e-flex e-con-boxed e-con e-parent e-lazyloaded\" data-id=\"833fdac\" data-element_type=\"container\" data-settings=\"{&quot;background_background&quot;:&quot;classic&quot;}\">\n<div class=\"e-con-inner\">\n<div class=\"elementor-element elementor-element-3ee470d e-con-full e-flex e-con e-child\" data-id=\"3ee470d\" data-element_type=\"container\">\n<div class=\"elementor-element elementor-element-42a7f2e wd-width-100 elementor-widget elementor-widget-wd_title\" data-id=\"42a7f2e\" data-element_type=\"widget\" data-widget_type=\"wd_title.default\">\n<div class=\"elementor-widget-container\">\n<div class=\"title-wrapper wd-set-mb reset-last-child wd-title-color-default wd-title-style-default wd-title-size-default text-left\">\n<div class=\"title-after_title reset-last-child wd-fontsize-xs\">\n<ul>\n<li>Die Versandkosten h\u00e4ngen von Ihrem Standort und der von Ihnen gew\u00e4hlten Versandart ab. Die Gesamtkosten werden berechnet und w\u00e4hrend des Bestellvorgangs angezeigt.<\/li>\n<\/ul>\n<\/div>\n<\/div>\n<\/div>\n<\/div>\n<\/div>\n<\/div>\n<\/div>\n<div class=\"wd-negative-gap elementor-element elementor-element-0407097 e-flex e-con-boxed e-con e-parent e-lazyloaded\" data-id=\"0407097\" data-element_type=\"container\" data-settings=\"{&quot;background_background&quot;:&quot;classic&quot;}\">\n<div class=\"e-con-inner\">\n<div class=\"elementor-element elementor-element-2baa92f e-con-full e-flex e-con e-child\" data-id=\"2baa92f\" data-element_type=\"container\">\n<div class=\"elementor-element elementor-element-e2dd5be wd-width-100 elementor-widget elementor-widget-wd_title\" data-id=\"e2dd5be\" data-element_type=\"widget\" data-widget_type=\"wd_title.default\">\n<div class=\"elementor-widget-container\">\u00a0<\/div>\n<\/div>\n<\/div>\n<\/div>\n<\/div>\n\t\t\n<style>\n#text-2639881743 {\n  color: rgb(255,255,255);\n}\n#text-2639881743 > * {\n  color: rgb(255,255,255);\n}\n<\/style>\n\t<\/div>\n\t\n\n\t\t<\/div>\n\t\t\t\t\t<\/div>\n\n\t\n\n<\/div>\n\n\t\t<\/div>\n\t\t\t\t\t<\/div>\n\n\t\n\n\n<style>\n#row-400088715 > .col > .col-inner {\n  background-color: rgb(67, 153, 161);\n}\n<\/style>\n<\/div>\n<div class=\"row\"  id=\"row-1790587809\">\n\n\n\t<div id=\"col-1979531028\" class=\"col medium-6 small-12 large-6\"  >\n\t\t\t\t<div class=\"col-inner\"  >\n\t\t\t\n\t\t\t\n\n<h3 class=\"title-subtitle subtitle-color-default subtitle-style-background wd-fontsize-xs\"><strong>Besch\u00e4digte oder verlorene Sendungen<\/strong><\/h3>\n<div class=\"elementor-element elementor-element-2baa92f e-con-full e-flex e-con e-child\" data-id=\"2baa92f\" data-element_type=\"container\">\n<div class=\"elementor-element elementor-element-e2dd5be wd-width-100 elementor-widget elementor-widget-wd_title\" data-id=\"e2dd5be\" data-element_type=\"widget\" data-widget_type=\"wd_title.default\">\n<div class=\"elementor-widget-container\">\n<div class=\"title-wrapper wd-set-mb reset-last-child wd-title-color-default wd-title-style-default wd-title-size-default text-left\">\n<div class=\"title-after_title reset-last-child wd-fontsize-xs\">\n<ul>\n<li>In dem seltenen Fall, dass Ihr Paket w\u00e4hrend des Transports besch\u00e4digt wird oder verloren geht, kontaktieren Sie uns bitte sofort. Wir werden mit dem Kurier zusammenarbeiten, um das Problem zu l\u00f6sen, und k\u00f6nnen gegebenenfalls einen Ersatz oder eine R\u00fcckerstattung anbieten.<\/li>\n<\/ul>\n<\/div>\n<\/div>\n<\/div>\n<\/div>\n<\/div>\n<div class=\"elementor-element elementor-element-2f881ac e-con-full e-flex e-con e-child\" data-id=\"2f881ac\" data-element_type=\"container\">\n<div class=\"elementor-element elementor-element-3a36926 wd-width-100 elementor-widget elementor-widget-wd_title\" data-id=\"3a36926\" data-element_type=\"widget\" data-widget_type=\"wd_title.default\">\n<div class=\"elementor-widget-container\">\u00a0<\/div>\n<\/div>\n<\/div>\n\n\t\t<\/div>\n\t\t\t\t\t<\/div>\n\n\t\n\n\t<div id=\"col-1917322251\" class=\"col medium-6 small-12 large-6\"  >\n\t\t\t\t<div class=\"col-inner\"  >\n\t\t\t\n\t\t\t\n\n<h3 class=\"title-subtitle subtitle-color-default subtitle-style-background wd-fontsize-xs\">Ihr Datenschutz ist wichtig<\/h3>\n<div class=\"wd-negative-gap elementor-element elementor-element-0407097 e-flex e-con-boxed e-con e-parent e-lazyloaded\" data-id=\"0407097\" data-element_type=\"container\" data-settings=\"{&quot;background_background&quot;:&quot;classic&quot;}\">\n<div class=\"e-con-inner\">\n<div class=\"elementor-element elementor-element-2f881ac e-con-full e-flex e-con e-child\" data-id=\"2f881ac\" data-element_type=\"container\">\n<div class=\"elementor-element elementor-element-3a36926 wd-width-100 elementor-widget elementor-widget-wd_title\" data-id=\"3a36926\" data-element_type=\"widget\" data-widget_type=\"wd_title.default\">\n<div class=\"elementor-widget-container\">\n<div class=\"title-wrapper wd-set-mb reset-last-child wd-title-color-default wd-title-style-default wd-title-size-default text-left\">\n<div class=\"title-after_title reset-last-child wd-fontsize-xs\">\n<ul>\n<li>Alle Sendungen werden diskret verpackt, ohne Hinweis auf den Inhalt oder unsere Marke, so dass Ihre Privatsph\u00e4re bei jedem Schritt gew\u00e4hrleistet ist.<\/li>\n<\/ul>\n<\/div>\n<\/div>\n<\/div>\n<\/div>\n<\/div>\n<\/div>\n<\/div>\n<div class=\"wd-negative-gap elementor-element elementor-element-09cfb19 e-flex e-con-boxed e-con e-parent e-lazyloaded\" data-id=\"09cfb19\" data-element_type=\"container\" data-settings=\"{&quot;background_background&quot;:&quot;classic&quot;}\">\n<div class=\"e-con-inner\">\n<div class=\"elementor-element elementor-element-98e650d e-con-full e-flex e-con e-child\" data-id=\"98e650d\" data-element_type=\"container\">\n<div class=\"elementor-element elementor-element-d6c46f1 wd-width-100 elementor-widget elementor-widget-wd_title\" data-id=\"d6c46f1\" data-element_type=\"widget\" data-widget_type=\"wd_title.default\">\n<div class=\"elementor-widget-container\">\u00a0<\/div>\n<\/div>\n<\/div>\n<\/div>\n<\/div>\n\n\t\t<\/div>\n\t\t\t\t\t<\/div>\n\n\t\n\n<\/div>\n<div class=\"row\"  id=\"row-479679563\">\n\n\n\t<div id=\"col-356673498\" class=\"col medium-6 small-12 large-6\"  >\n\t\t\t\t<div class=\"col-inner\"  >\n\t\t\t\n\t\t\t\n\n\t<div id=\"text-816441144\" class=\"text\">\n\t\t\n\n<h3 class=\"title-subtitle subtitle-color-default subtitle-style-background wd-fontsize-xs\">Bearbeitungszeit<\/h3>\n\t\t\n<style>\n#text-816441144 {\n  color: rgb(51, 175, 165);\n}\n#text-816441144 > * {\n  color: rgb(51, 175, 165);\n}\n<\/style>\n\t<\/div>\n\t\n\t<div id=\"text-1294171406\" class=\"text\">\n\t\t\n\n<ul>\n<li>Die Bestellungen werden sofort nach Zahlungsbest\u00e4tigung bearbeitet.<\/li>\n<li>Sie erhalten eine Best\u00e4tigungs-E-Mail mit Angaben zur Sendungsverfolgung, sobald Ihre Bestellung versandt wurde.<\/li>\n<\/ul>\n\t\t\n<style>\n#text-1294171406 {\n  color: rgb(51, 175, 165);\n}\n#text-1294171406 > * {\n  color: rgb(51, 175, 165);\n}\n<\/style>\n\t<\/div>\n\t\n\n\t\t<\/div>\n\t\t\t\t\t<\/div>\n\n\t\n\n\t<div id=\"col-1025007366\" class=\"col medium-6 small-12 large-6\"  >\n\t\t\t\t<div class=\"col-inner\"  >\n\t\t\t\n\t\t\t\n\n\t<div id=\"text-988861080\" class=\"text\">\n\t\t\n\n<h3 class=\"title-subtitle subtitle-color-default subtitle-style-background wd-fontsize-xs\">Zoll- und Einfuhrbestimmungen<\/h3>\n\t\t\n<style>\n#text-988861080 {\n  color: rgb(51, 175, 165);\n}\n#text-988861080 > * {\n  color: rgb(51, 175, 165);\n}\n<\/style>\n\t<\/div>\n\t\n\t<div id=\"text-1957549290\" class=\"text\">\n\t\t\n\n<div class=\"wd-negative-gap elementor-element elementor-element-09cfb19 e-flex e-con-boxed e-con e-parent e-lazyloaded\" data-id=\"09cfb19\" data-element_type=\"container\" data-settings=\"{&quot;background_background&quot;:&quot;classic&quot;}\">\n<div class=\"e-con-inner\">\n<div class=\"elementor-element elementor-element-ed56b21 e-con-full e-flex e-con e-child\" data-id=\"ed56b21\" data-element_type=\"container\">\n<div class=\"elementor-element elementor-element-a836510 wd-width-100 elementor-widget elementor-widget-wd_title\" data-id=\"a836510\" data-element_type=\"widget\" data-widget_type=\"wd_title.default\">\n<div class=\"elementor-widget-container\">\n<div class=\"title-wrapper wd-set-mb reset-last-child wd-title-color-default wd-title-style-default wd-title-size-default text-left\">\n<div class=\"title-after_title reset-last-child wd-fontsize-xs\">\n<ul>\n<li>Es liegt in der Verantwortung des Kunden, die Zoll- und Einfuhrbestimmungen in seinem Land zu verstehen und einzuhalten. Obwohl wir alle Vorkehrungen treffen, um eine reibungslose Lieferung zu gew\u00e4hrleisten, haftet Nembutal Mann nicht f\u00fcr Verz\u00f6gerungen oder Beschlagnahmungen aufgrund lokaler Gesetze.<\/li>\n<\/ul>\n<\/div>\n<\/div>\n<\/div>\n<\/div>\n<\/div>\n<\/div>\n<\/div>\n<div class=\"wd-negative-gap elementor-element elementor-element-fad4b21 e-flex e-con-boxed e-con e-parent e-lazyloaded\" data-id=\"fad4b21\" data-element_type=\"container\">\u00a0<\/div>\n\t\t\n<style>\n#text-1957549290 {\n  color: rgb(51, 175, 165);\n}\n#text-1957549290 > * {\n  color: rgb(51, 175, 165);\n}\n<\/style>\n\t<\/div>\n\t\n\n\t\t<\/div>\n\t\t\t\t\t<\/div>\n\n\t\n\n<\/div>\n\n\t\t<\/div>\n\n\t\t\n<style>\n#section_578812001 {\n  padding-top: 30px;\n  padding-bottom: 30px;\n}\n<\/style>\n\t<\/section>","protected":false},"excerpt":{"rendered":"","protected":false},"author":1,"featured_media":0,"parent":0,"menu_order":0,"comment_status":"closed","ping_status":"closed","template":"","meta":{"footnotes":""},"categories":[],"tags":[],"class_list":["post-103","page","type-page","status-publish","hentry"],"yoast_head":"<!-- This site is optimized with the Yoast SEO Premium plugin v26.2 (Yoast SEO v26.2) - https:\/\/yoast.com\/wordpress\/plugins\/seo\/ -->\n<title>shipping policy - euthanasiasleep.com<\/title>\n<meta name=\"robots\" content=\"index, follow, max-snippet:-1, max-image-preview:large, max-video-preview:-1\" \/>\n<link rel=\"canonical\" href=\"https:\/\/euthanasiasleep.com\/de\/shipping-policy\/\" \/>\n<meta property=\"og:locale\" content=\"de_DE\" \/>\n<meta property=\"og:type\" content=\"article\" \/>\n<meta property=\"og:title\" content=\"shipping policy\" \/>\n<meta property=\"og:url\" content=\"https:\/\/euthanasiasleep.com\/de\/shipping-policy\/\" \/>\n<meta property=\"og:site_name\" content=\"euthanasiasleep.com\" \/>\n<meta property=\"article:modified_time\" content=\"2025-03-03T01:15:04+00:00\" \/>\n<meta name=\"twitter:card\" content=\"summary_large_image\" \/>\n<meta name=\"twitter:label1\" content=\"Gesch\u00e4tzte Lesezeit\" \/>\n\t<meta name=\"twitter:data1\" content=\"2\u00a0Minuten\" \/>\n<script type=\"application\/ld+json\" class=\"yoast-schema-graph\">{\"@context\":\"https:\/\/schema.org\",\"@graph\":[{\"@type\":\"WebPage\",\"@id\":\"https:\/\/euthanasiasleep.com\/shipping-policy\/\",\"url\":\"https:\/\/euthanasiasleep.com\/shipping-policy\/\",\"name\":\"shipping policy - euthanasiasleep.com\",\"isPartOf\":{\"@id\":\"https:\/\/euthanasiasleep.com\/#website\"},\"datePublished\":\"2025-03-03T00:37:43+00:00\",\"dateModified\":\"2025-03-03T01:15:04+00:00\",\"breadcrumb\":{\"@id\":\"https:\/\/euthanasiasleep.com\/shipping-policy\/#breadcrumb\"},\"inLanguage\":\"de\",\"potentialAction\":[{\"@type\":\"ReadAction\",\"target\":[\"https:\/\/euthanasiasleep.com\/shipping-policy\/\"]}]},{\"@type\":\"BreadcrumbList\",\"@id\":\"https:\/\/euthanasiasleep.com\/shipping-policy\/#breadcrumb\",\"itemListElement\":[{\"@type\":\"ListItem\",\"position\":1,\"name\":\"Home\",\"item\":\"https:\/\/euthanasiasleep.com\/\"},{\"@type\":\"ListItem\",\"position\":2,\"name\":\"shipping policy\"}]},{\"@type\":\"WebSite\",\"@id\":\"https:\/\/euthanasiasleep.com\/#website\",\"url\":\"https:\/\/euthanasiasleep.com\/\",\"name\":\"Euthanasia Sleep\",\"description\":\"Euthanasia Sleep\",\"publisher\":{\"@id\":\"https:\/\/euthanasiasleep.com\/#organization\"},\"alternateName\":\"EuthanasiaSleep\",\"potentialAction\":[{\"@type\":\"SearchAction\",\"target\":{\"@type\":\"EntryPoint\",\"urlTemplate\":\"https:\/\/euthanasiasleep.com\/?s={search_term_string}\"},\"query-input\":{\"@type\":\"PropertyValueSpecification\",\"valueRequired\":true,\"valueName\":\"search_term_string\"}}],\"inLanguage\":\"de\"},{\"@type\":\"Organization\",\"@id\":\"https:\/\/euthanasiasleep.com\/#organization\",\"name\":\"Euthanasia Sleep\",\"alternateName\":\"EuthanasiaSleep\",\"url\":\"https:\/\/euthanasiasleep.com\/\",\"logo\":{\"@type\":\"ImageObject\",\"inLanguage\":\"de\",\"@id\":\"https:\/\/euthanasiasleep.com\/#\/schema\/logo\/image\/\",\"url\":\"https:\/\/euthanasiasleep.com\/wp-content\/uploads\/2025\/03\/kisspng-health-care-public-health-medicine-hospital-cupped-hands-5b5bed5c4cf652.0198420915327511963153.jpg\",\"contentUrl\":\"https:\/\/euthanasiasleep.com\/wp-content\/uploads\/2025\/03\/kisspng-health-care-public-health-medicine-hospital-cupped-hands-5b5bed5c4cf652.0198420915327511963153.jpg\",\"width\":900,\"height\":800,\"caption\":\"Euthanasia Sleep\"},\"image\":{\"@id\":\"https:\/\/euthanasiasleep.com\/#\/schema\/logo\/image\/\"}}]}<\/script>\n<!-- \/ Yoast SEO Premium plugin. -->","yoast_head_json":{"title":"shipping policy - euthanasiasleep.com","robots":{"index":"index","follow":"follow","max-snippet":"max-snippet:-1","max-image-preview":"max-image-preview:large","max-video-preview":"max-video-preview:-1"},"canonical":"https:\/\/euthanasiasleep.com\/de\/shipping-policy\/","og_locale":"de_DE","og_type":"article","og_title":"shipping policy","og_url":"https:\/\/euthanasiasleep.com\/de\/shipping-policy\/","og_site_name":"euthanasiasleep.com","article_modified_time":"2025-03-03T01:15:04+00:00","twitter_card":"summary_large_image","twitter_misc":{"Gesch\u00e4tzte Lesezeit":"2\u00a0Minuten"},"schema":{"@context":"https:\/\/schema.org","@graph":[{"@type":"WebPage","@id":"https:\/\/euthanasiasleep.com\/shipping-policy\/","url":"https:\/\/euthanasiasleep.com\/shipping-policy\/","name":"shipping policy - euthanasiasleep.com","isPartOf":{"@id":"https:\/\/euthanasiasleep.com\/#website"},"datePublished":"2025-03-03T00:37:43+00:00","dateModified":"2025-03-03T01:15:04+00:00","breadcrumb":{"@id":"https:\/\/euthanasiasleep.com\/shipping-policy\/#breadcrumb"},"inLanguage":"de","potentialAction":[{"@type":"ReadAction","target":["https:\/\/euthanasiasleep.com\/shipping-policy\/"]}]},{"@type":"BreadcrumbList","@id":"https:\/\/euthanasiasleep.com\/shipping-policy\/#breadcrumb","itemListElement":[{"@type":"ListItem","position":1,"name":"Home","item":"https:\/\/euthanasiasleep.com\/"},{"@type":"ListItem","position":2,"name":"shipping policy"}]},{"@type":"WebSite","@id":"https:\/\/euthanasiasleep.com\/#website","url":"https:\/\/euthanasiasleep.com\/","name":"Euthanasie Schlaf","description":"Euthanasie Schlaf","publisher":{"@id":"https:\/\/euthanasiasleep.com\/#organization"},"alternateName":"EuthanasiaSleep","potentialAction":[{"@type":"SearchAction","target":{"@type":"EntryPoint","urlTemplate":"https:\/\/euthanasiasleep.com\/?s={search_term_string}"},"query-input":{"@type":"PropertyValueSpecification","valueRequired":true,"valueName":"search_term_string"}}],"inLanguage":"de"},{"@type":"Organization","@id":"https:\/\/euthanasiasleep.com\/#organization","name":"Euthanasie Schlaf","alternateName":"EuthanasiaSleep","url":"https:\/\/euthanasiasleep.com\/","logo":{"@type":"ImageObject","inLanguage":"de","@id":"https:\/\/euthanasiasleep.com\/#\/schema\/logo\/image\/","url":"https:\/\/euthanasiasleep.com\/wp-content\/uploads\/2025\/03\/kisspng-health-care-public-health-medicine-hospital-cupped-hands-5b5bed5c4cf652.0198420915327511963153.jpg","contentUrl":"https:\/\/euthanasiasleep.com\/wp-content\/uploads\/2025\/03\/kisspng-health-care-public-health-medicine-hospital-cupped-hands-5b5bed5c4cf652.0198420915327511963153.jpg","width":900,"height":800,"caption":"Euthanasia Sleep"},"image":{"@id":"https:\/\/euthanasiasleep.com\/#\/schema\/logo\/image\/"}}]}},"_links":{"self":[{"href":"https:\/\/euthanasiasleep.com\/de\/wp-json\/wp\/v2\/pages\/103","targetHints":{"allow":["GET"]}}],"collection":[{"href":"https:\/\/euthanasiasleep.com\/de\/wp-json\/wp\/v2\/pages"}],"about":[{"href":"https:\/\/euthanasiasleep.com\/de\/wp-json\/wp\/v2\/types\/page"}],"author":[{"embeddable":true,"href":"https:\/\/euthanasiasleep.com\/de\/wp-json\/wp\/v2\/users\/1"}],"replies":[{"embeddable":true,"href":"https:\/\/euthanasiasleep.com\/de\/wp-json\/wp\/v2\/comments?post=103"}],"version-history":[{"count":6,"href":"https:\/\/euthanasiasleep.com\/de\/wp-json\/wp\/v2\/pages\/103\/revisions"}],"predecessor-version":[{"id":110,"href":"https:\/\/euthanasiasleep.com\/de\/wp-json\/wp\/v2\/pages\/103\/revisions\/110"}],"wp:attachment":[{"href":"https:\/\/euthanasiasleep.com\/de\/wp-json\/wp\/v2\/media?parent=103"}],"wp:term":[{"taxonomy":"category","embeddable":true,"href":"https:\/\/euthanasiasleep.com\/de\/wp-json\/wp\/v2\/categories?post=103"},{"taxonomy":"post_tag","embeddable":true,"href":"https:\/\/euthanasiasleep.com\/de\/wp-json\/wp\/v2\/tags?post=103"}],"curies":[{"name":"wp","href":"https:\/\/api.w.org\/{rel}","templated":true}]}}