{"id":112,"date":"2025-03-03T01:18:53","date_gmt":"2025-03-03T01:18:53","guid":{"rendered":"https:\/\/euthanasiasleep.com\/?page_id=112"},"modified":"2025-03-03T01:23:07","modified_gmt":"2025-03-03T01:23:07","slug":"terms-and-conditions","status":"publish","type":"page","link":"https:\/\/euthanasiasleep.com\/de\/terms-and-conditions\/","title":{"rendered":"Bedingungen und Konditionen"},"content":{"rendered":"<section class=\"section\" id=\"section_1347543924\">\n\t\t<div class=\"section-bg fill\" >\n\t\t\t\t\t\t\t\t\t\n\t\t\t\n\n\t\t<\/div>\n\n\t\t\n\n\t\t<div class=\"section-content relative\">\n\t\t\t\n\n<div class=\"row align-center\"  id=\"row-1607718820\">\n\n\n\t<div id=\"col-1331235301\" class=\"col medium-10 small-12 large-10\"  >\n\t\t\t\t<div class=\"col-inner text-center\"  >\n\t\t\t\n\t\t\t\n\n\t<div id=\"text-1247801754\" class=\"text\">\n\t\t\n\n<h2 class=\"wp-block-heading has-white-color has-text-color has-link-color\" style=\"text-align: left;\"><span data-text-color=\"primary\">Willkommen bei euthanasiasleep<\/span><\/h2>\n<p style=\"text-align: left;\">Diese Gesch\u00e4ftsbedingungen regeln Ihre Nutzung unserer Website, unserer Dienstleistungen und aller von Nembutal Mann bereitgestellten Inhalte. Indem Sie auf diese Website zugreifen oder sie nutzen, erkl\u00e4ren Sie sich mit der Einhaltung dieser Bedingungen einverstanden. Bitte lesen Sie sie sorgf\u00e4ltig durch.<\/p>\n<h3 class=\"wp-block-heading has-text-color has-link-color\" style=\"text-align: left;\">I. Allgemeine Verwendung<\/h3>\n<p style=\"text-align: left;\"><strong>I.1. Anspruchsberechtigung:<\/strong>\u00a0Sie m\u00fcssen mindestens 18 Jahre alt sein, um Zugang zu unserer Website zu erhalten.<br \/><strong>I.1. Inhaltlicher Zweck:<\/strong>\u00a0Alle Informationen auf dieser Website dienen ausschlie\u00dflich der Aufkl\u00e4rung und Information und stellen keine medizinische Beratung dar.<\/p>\n<h3 class=\"wp-block-heading has-text-color has-link-color\" style=\"text-align: left;\"><strong>II. Geistiges Eigentum<\/strong><\/h3>\n<p style=\"text-align: left;\"><strong>II.1. Urheberrecht<\/strong>: Der gesamte Inhalt dieser Website, einschlie\u00dflich der Texte, Bilder und Gestaltungselemente, ist Eigentum von Nembutal Mann und durch das Urheberrecht gesch\u00fctzt.<br \/><strong>II.2. Restriktionen:<\/strong>\u00a0Es ist nicht gestattet, Material von dieser Website ohne vorherige schriftliche Genehmigung zu kopieren, zu vervielf\u00e4ltigen oder zu verbreiten.<\/p>\n<h3 style=\"text-align: left;\"><strong>III. Verantwortlichkeiten der Nutzer<\/strong><\/h3>\n<p style=\"text-align: left;\"><strong>III.1. Genaue Informationen:<\/strong>\u00a0Wenn Sie unsere Dienste nutzen oder Anfragen stellen, verpflichten Sie sich, genaue und vollst\u00e4ndige Angaben zu machen.<br \/><strong>III.2. Verbotene Handlungen:<\/strong>\u00a0Sie verpflichten sich, unsere Website nicht f\u00fcr illegale Aktivit\u00e4ten oder Verst\u00f6\u00dfe gegen geltende Gesetze zu nutzen.<\/p>\n<hr \/>\n<h3 style=\"text-align: left;\"><strong>IV. Haftungsverzicht<\/strong><\/h3>\n<p style=\"text-align: left;\"><strong>IV.1 Keine Garantien:<\/strong>\u00a0<strong>Nembutal-Mann<\/strong>\u00a0\u00fcbernimmt keine Gew\u00e4hr f\u00fcr die Richtigkeit und Vollst\u00e4ndigkeit der auf dieser Website bereitgestellten Informationen.<br \/><strong>IV.2 Beschr\u00e4nkte Haftung:<\/strong>\u00a0Wir haften nicht f\u00fcr direkte oder indirekte Sch\u00e4den, die durch die Nutzung der Website entstehen.<\/p>\n<hr \/>\n<h3 style=\"text-align: left;\"><strong>V. Links zu Websites von Drittanbietern<\/strong><\/h3>\n<p style=\"text-align: left;\">Unsere Website kann zu Informationszwecken Links zu Websites Dritter enthalten. Wir \u00fcbernehmen keine Verantwortung f\u00fcr den Inhalt dieser Websites.<\/p>\n<hr \/>\n<h3 style=\"text-align: left;\"><strong>VI. Datenschutz<\/strong><\/h3>\n<p style=\"text-align: left;\">Ihre Nutzung dieser Website unterliegt auch unserer Datenschutzrichtlinie, in der erl\u00e4utert wird, wie wir Ihre Daten erfassen, verwenden und sch\u00fctzen.<\/p>\n<hr \/>\n<h3 style=\"text-align: left;\"><strong>VII. \u00c4nderungen der Bedingungen<\/strong><\/h3>\n<p style=\"text-align: left;\">Wir behalten uns das Recht vor, diese Allgemeinen Gesch\u00e4ftsbedingungen jederzeit und ohne vorherige Ank\u00fcndigung zu aktualisieren oder zu \u00e4ndern. Bitte \u00fcberpr\u00fcfen Sie diese Seite in regelm\u00e4\u00dfigen Abst\u00e4nden auf \u00c4nderungen.<\/p>\n<h3 style=\"text-align: left;\"><strong>VIII. Geltendes Recht<\/strong><\/h3>\n<p style=\"text-align: left;\">Diese Allgemeinen Gesch\u00e4ftsbedingungen unterliegen den Gesetzen Ihrer Gerichtsbarkeit und werden entsprechend ausgelegt.<\/p>\n\t\t\n<style>\n#text-1247801754 {\n  color: rgb(38, 131, 123);\n}\n#text-1247801754 > * {\n  color: rgb(38, 131, 123);\n}\n<\/style>\n\t<\/div>\n\t\n\n\t\t<\/div>\n\t\t\t\t\t<\/div>\n\n\t\n\n<\/div>\n\n\t\t<\/div>\n\n\t\t\n<style>\n#section_1347543924 {\n  padding-top: 60px;\n  padding-bottom: 60px;\n  min-height: 300px;\n}\n<\/style>\n\t<\/section>","protected":false},"excerpt":{"rendered":"","protected":false},"author":1,"featured_media":0,"parent":0,"menu_order":0,"comment_status":"closed","ping_status":"closed","template":"","meta":{"footnotes":""},"categories":[],"tags":[],"class_list":["post-112","page","type-page","status-publish","hentry"],"yoast_head":"<!-- This site is optimized with the Yoast SEO Premium plugin v26.2 (Yoast SEO v26.2) - https:\/\/yoast.com\/wordpress\/plugins\/seo\/ -->\n<title>Terms and Conditions - euthanasiasleep.com<\/title>\n<meta name=\"robots\" content=\"index, follow, max-snippet:-1, max-image-preview:large, max-video-preview:-1\" \/>\n<link rel=\"canonical\" href=\"https:\/\/euthanasiasleep.com\/de\/terms-and-conditions\/\" \/>\n<meta property=\"og:locale\" content=\"de_DE\" \/>\n<meta property=\"og:type\" content=\"article\" \/>\n<meta property=\"og:title\" content=\"Terms and Conditions\" \/>\n<meta property=\"og:url\" content=\"https:\/\/euthanasiasleep.com\/de\/terms-and-conditions\/\" \/>\n<meta property=\"og:site_name\" content=\"euthanasiasleep.com\" \/>\n<meta property=\"article:modified_time\" content=\"2025-03-03T01:23:07+00:00\" \/>\n<meta name=\"twitter:card\" content=\"summary_large_image\" \/>\n<meta name=\"twitter:label1\" content=\"Gesch\u00e4tzte Lesezeit\" \/>\n\t<meta name=\"twitter:data1\" content=\"2\u00a0Minuten\" \/>\n<script type=\"application\/ld+json\" class=\"yoast-schema-graph\">{\"@context\":\"https:\/\/schema.org\",\"@graph\":[{\"@type\":\"WebPage\",\"@id\":\"https:\/\/euthanasiasleep.com\/terms-and-conditions\/\",\"url\":\"https:\/\/euthanasiasleep.com\/terms-and-conditions\/\",\"name\":\"Terms and Conditions - euthanasiasleep.com\",\"isPartOf\":{\"@id\":\"https:\/\/euthanasiasleep.com\/#website\"},\"datePublished\":\"2025-03-03T01:18:53+00:00\",\"dateModified\":\"2025-03-03T01:23:07+00:00\",\"breadcrumb\":{\"@id\":\"https:\/\/euthanasiasleep.com\/terms-and-conditions\/#breadcrumb\"},\"inLanguage\":\"de\",\"potentialAction\":[{\"@type\":\"ReadAction\",\"target\":[\"https:\/\/euthanasiasleep.com\/terms-and-conditions\/\"]}]},{\"@type\":\"BreadcrumbList\",\"@id\":\"https:\/\/euthanasiasleep.com\/terms-and-conditions\/#breadcrumb\",\"itemListElement\":[{\"@type\":\"ListItem\",\"position\":1,\"name\":\"Home\",\"item\":\"https:\/\/euthanasiasleep.com\/\"},{\"@type\":\"ListItem\",\"position\":2,\"name\":\"Terms and Conditions\"}]},{\"@type\":\"WebSite\",\"@id\":\"https:\/\/euthanasiasleep.com\/#website\",\"url\":\"https:\/\/euthanasiasleep.com\/\",\"name\":\"Euthanasia Sleep\",\"description\":\"Euthanasia Sleep\",\"publisher\":{\"@id\":\"https:\/\/euthanasiasleep.com\/#organization\"},\"alternateName\":\"EuthanasiaSleep\",\"potentialAction\":[{\"@type\":\"SearchAction\",\"target\":{\"@type\":\"EntryPoint\",\"urlTemplate\":\"https:\/\/euthanasiasleep.com\/?s={search_term_string}\"},\"query-input\":{\"@type\":\"PropertyValueSpecification\",\"valueRequired\":true,\"valueName\":\"search_term_string\"}}],\"inLanguage\":\"de\"},{\"@type\":\"Organization\",\"@id\":\"https:\/\/euthanasiasleep.com\/#organization\",\"name\":\"Euthanasia Sleep\",\"alternateName\":\"EuthanasiaSleep\",\"url\":\"https:\/\/euthanasiasleep.com\/\",\"logo\":{\"@type\":\"ImageObject\",\"inLanguage\":\"de\",\"@id\":\"https:\/\/euthanasiasleep.com\/#\/schema\/logo\/image\/\",\"url\":\"https:\/\/euthanasiasleep.com\/wp-content\/uploads\/2025\/03\/kisspng-health-care-public-health-medicine-hospital-cupped-hands-5b5bed5c4cf652.0198420915327511963153.jpg\",\"contentUrl\":\"https:\/\/euthanasiasleep.com\/wp-content\/uploads\/2025\/03\/kisspng-health-care-public-health-medicine-hospital-cupped-hands-5b5bed5c4cf652.0198420915327511963153.jpg\",\"width\":900,\"height\":800,\"caption\":\"Euthanasia Sleep\"},\"image\":{\"@id\":\"https:\/\/euthanasiasleep.com\/#\/schema\/logo\/image\/\"}}]}<\/script>\n<!-- \/ Yoast SEO Premium plugin. -->","yoast_head_json":{"title":"Terms and Conditions - euthanasiasleep.com","robots":{"index":"index","follow":"follow","max-snippet":"max-snippet:-1","max-image-preview":"max-image-preview:large","max-video-preview":"max-video-preview:-1"},"canonical":"https:\/\/euthanasiasleep.com\/de\/terms-and-conditions\/","og_locale":"de_DE","og_type":"article","og_title":"Terms and Conditions","og_url":"https:\/\/euthanasiasleep.com\/de\/terms-and-conditions\/","og_site_name":"euthanasiasleep.com","article_modified_time":"2025-03-03T01:23:07+00:00","twitter_card":"summary_large_image","twitter_misc":{"Gesch\u00e4tzte Lesezeit":"2\u00a0Minuten"},"schema":{"@context":"https:\/\/schema.org","@graph":[{"@type":"WebPage","@id":"https:\/\/euthanasiasleep.com\/terms-and-conditions\/","url":"https:\/\/euthanasiasleep.com\/terms-and-conditions\/","name":"Terms and Conditions - euthanasiasleep.com","isPartOf":{"@id":"https:\/\/euthanasiasleep.com\/#website"},"datePublished":"2025-03-03T01:18:53+00:00","dateModified":"2025-03-03T01:23:07+00:00","breadcrumb":{"@id":"https:\/\/euthanasiasleep.com\/terms-and-conditions\/#breadcrumb"},"inLanguage":"de","potentialAction":[{"@type":"ReadAction","target":["https:\/\/euthanasiasleep.com\/terms-and-conditions\/"]}]},{"@type":"BreadcrumbList","@id":"https:\/\/euthanasiasleep.com\/terms-and-conditions\/#breadcrumb","itemListElement":[{"@type":"ListItem","position":1,"name":"Home","item":"https:\/\/euthanasiasleep.com\/"},{"@type":"ListItem","position":2,"name":"Terms and Conditions"}]},{"@type":"WebSite","@id":"https:\/\/euthanasiasleep.com\/#website","url":"https:\/\/euthanasiasleep.com\/","name":"Euthanasie Schlaf","description":"Euthanasie Schlaf","publisher":{"@id":"https:\/\/euthanasiasleep.com\/#organization"},"alternateName":"EuthanasiaSleep","potentialAction":[{"@type":"SearchAction","target":{"@type":"EntryPoint","urlTemplate":"https:\/\/euthanasiasleep.com\/?s={search_term_string}"},"query-input":{"@type":"PropertyValueSpecification","valueRequired":true,"valueName":"search_term_string"}}],"inLanguage":"de"},{"@type":"Organization","@id":"https:\/\/euthanasiasleep.com\/#organization","name":"Euthanasie Schlaf","alternateName":"EuthanasiaSleep","url":"https:\/\/euthanasiasleep.com\/","logo":{"@type":"ImageObject","inLanguage":"de","@id":"https:\/\/euthanasiasleep.com\/#\/schema\/logo\/image\/","url":"https:\/\/euthanasiasleep.com\/wp-content\/uploads\/2025\/03\/kisspng-health-care-public-health-medicine-hospital-cupped-hands-5b5bed5c4cf652.0198420915327511963153.jpg","contentUrl":"https:\/\/euthanasiasleep.com\/wp-content\/uploads\/2025\/03\/kisspng-health-care-public-health-medicine-hospital-cupped-hands-5b5bed5c4cf652.0198420915327511963153.jpg","width":900,"height":800,"caption":"Euthanasia Sleep"},"image":{"@id":"https:\/\/euthanasiasleep.com\/#\/schema\/logo\/image\/"}}]}},"_links":{"self":[{"href":"https:\/\/euthanasiasleep.com\/de\/wp-json\/wp\/v2\/pages\/112","targetHints":{"allow":["GET"]}}],"collection":[{"href":"https:\/\/euthanasiasleep.com\/de\/wp-json\/wp\/v2\/pages"}],"about":[{"href":"https:\/\/euthanasiasleep.com\/de\/wp-json\/wp\/v2\/types\/page"}],"author":[{"embeddable":true,"href":"https:\/\/euthanasiasleep.com\/de\/wp-json\/wp\/v2\/users\/1"}],"replies":[{"embeddable":true,"href":"https:\/\/euthanasiasleep.com\/de\/wp-json\/wp\/v2\/comments?post=112"}],"version-history":[{"count":2,"href":"https:\/\/euthanasiasleep.com\/de\/wp-json\/wp\/v2\/pages\/112\/revisions"}],"predecessor-version":[{"id":114,"href":"https:\/\/euthanasiasleep.com\/de\/wp-json\/wp\/v2\/pages\/112\/revisions\/114"}],"wp:attachment":[{"href":"https:\/\/euthanasiasleep.com\/de\/wp-json\/wp\/v2\/media?parent=112"}],"wp:term":[{"taxonomy":"category","embeddable":true,"href":"https:\/\/euthanasiasleep.com\/de\/wp-json\/wp\/v2\/categories?post=112"},{"taxonomy":"post_tag","embeddable":true,"href":"https:\/\/euthanasiasleep.com\/de\/wp-json\/wp\/v2\/tags?post=112"}],"curies":[{"name":"wp","href":"https:\/\/api.w.org\/{rel}","templated":true}]}}