{"id":116,"date":"2025-03-03T01:25:18","date_gmt":"2025-03-03T01:25:18","guid":{"rendered":"https:\/\/euthanasiasleep.com\/?page_id=116"},"modified":"2025-03-03T01:39:16","modified_gmt":"2025-03-03T01:39:16","slug":"refund-and-return-policy","status":"publish","type":"page","link":"https:\/\/euthanasiasleep.com\/de\/refund-and-return-policy\/","title":{"rendered":"R\u00fcckerstattung und R\u00fcckgabe"},"content":{"rendered":"<div class=\"banner has-hover\" id=\"banner-2124016090\">\n          <div class=\"banner-inner fill\">\n        <div class=\"banner-bg fill\" >\n            <img loading=\"lazy\" decoding=\"async\" width=\"372\" height=\"248\" src=\"https:\/\/euthanasiasleep.com\/wp-content\/uploads\/2025\/03\/towfiqu-barbhuiya-w8p9cQDLX7I-unsplash-1-768x512-372x.webp\" class=\"bg attachment-large size-large\" alt=\"\" \/>                        <div class=\"overlay\"><\/div>            \n                    <\/div>\n\t\t\n        <div class=\"banner-layers container\">\n            <div class=\"fill banner-link\"><\/div>            \n\n   <div id=\"text-box-889763156\" class=\"text-box banner-layer x50 md-x50 lg-x50 y50 md-y50 lg-y50 res-text\">\n                                <div class=\"text-box-content text dark\">\n              \n              <div class=\"text-inner text-center\">\n                  \n\n\t<div id=\"text-2326130930\" class=\"text\">\n\t\t\n\n<h1 class=\"entry-title title\">R\u00fcckerstattung und R\u00fcckgabe<\/h1>\n\t\t\n<style>\n#text-2326130930 {\n  font-size: 0.9rem;\n}\n<\/style>\n\t<\/div>\n\t\n\n              <\/div>\n           <\/div>\n                            \n<style>\n#text-box-889763156 {\n  width: 60%;\n}\n#text-box-889763156 .text-box-content {\n  font-size: 100%;\n}\n<\/style>\n    <\/div>\n \n\n        <\/div>\n      <\/div>\n\n            \n<style>\n#banner-2124016090 {\n  padding-top: 186px;\n}\n#banner-2124016090 .overlay {\n  background-color: rgba(0, 0, 0, 0.872);\n}\n#banner-2124016090 .banner-bg img {\n  object-position: 45% 51%;\n}\n<\/style>\n  <\/div>\n\n\n\n\t<section class=\"section\" id=\"section_696247954\">\n\t\t<div class=\"section-bg fill\" >\n\t\t\t\t\t\t\t\t\t\n\t\t\t\n\n\t\t<\/div>\n\n\t\t\n\n\t\t<div class=\"section-content relative\">\n\t\t\t\n\n<div class=\"row align-center\"  id=\"row-1233597357\">\n\n\n\t<div id=\"col-736870097\" class=\"col medium-10 small-12 large-10\"  >\n\t\t\t\t<div class=\"col-inner text-center\"  >\n\t\t\t\n\t\t\t\n\n<div class=\"elementor-element elementor-element-050d4fa wd-width-100 elementor-widget elementor-widget-wd_title\" data-id=\"050d4fa\" data-element_type=\"widget\" data-widget_type=\"wd_title.default\">\n<div class=\"elementor-widget-container\">\n<div class=\"title-wrapper wd-set-mb reset-last-child wd-title-color-default wd-title-style-default wd-title-size-default text-left\">\n<div class=\"title-subtitle subtitle-color-default subtitle-style-background wd-fontsize-xs\"><span data-text-color=\"primary\">Kunde\u00a0<strong>Zufriedenheitsgarantie<\/strong><\/span><\/div>\n<div class=\"liner-continer\">\n<h4 class=\"woodmart-title-container title wd-fontsize-l\">\u00a0<\/h4>\n<\/div>\n<div class=\"title-after_title reset-last-child wd-fontsize-xs\">\n<ul>\n<li><span data-text-color=\"primary\">Unter\u00a0<a href=\"http:\/\/euthanasiasleep.com\/de\/\"><strong>Euthanasieeinschl\u00e4ferung<\/strong><\/a>sind wir bestrebt, unseren Kunden einen reibungslosen Ablauf zu gew\u00e4hrleisten. Wenn Sie mit Ihrem Kauf unzufrieden sind oder ein Problem haben, finden Sie in unseren R\u00fcckerstattungs- und R\u00fcckgabebestimmungen Ihre Rechte und wie wir Ihnen helfen k\u00f6nnen.<\/span><\/li>\n<li><span data-text-color=\"primary\">Sie k\u00f6nnen sich mit Ihrer Kontoseite verbinden, um die Bestellung zu sehen, die Sie zur\u00fcckgeben m\u00f6chten.<\/span><\/li>\n<\/ul>\n<\/div>\n<\/div>\n<\/div>\n<\/div>\n<div class=\"elementor-element elementor-element-b42523b elementor-widget-divider--view-line elementor-widget elementor-widget-divider\" data-id=\"b42523b\" data-element_type=\"widget\" data-widget_type=\"divider.default\">\n<div class=\"elementor-widget-container\">\n<div class=\"elementor-divider\">\u00a0<\/div>\n<\/div>\n<\/div>\n<div class=\"elementor-element elementor-element-8c295c6 wd-width-100 elementor-widget elementor-widget-wd_title\" data-id=\"8c295c6\" data-element_type=\"widget\" data-widget_type=\"wd_title.default\">\n<div class=\"elementor-widget-container\">\n<div class=\"title-wrapper wd-set-mb reset-last-child wd-title-color-default wd-title-style-default wd-title-size-default text-left\">\n<div class=\"title-subtitle subtitle-color-default subtitle-style-background wd-fontsize-xs\"><span data-text-color=\"primary\">Berechtigung zur R\u00fccksendung<\/span><\/div>\n<div class=\"liner-continer\">\n<h4 class=\"woodmart-title-container title wd-fontsize-l\">\u00a0<\/h4>\n<\/div>\n<div class=\"title-after_title reset-last-child wd-fontsize-xs\">\n<ul>\n<li>\n<p><span data-text-color=\"primary\">Wir akzeptieren R\u00fccksendungen unter den folgenden Bedingungen:<\/span><\/p>\n<ul>\n<li><span data-text-color=\"primary\">Das Produkt ist unbenutzt, unge\u00f6ffnet und in der Originalverpackung.<\/span><\/li>\n<li><span data-text-color=\"primary\">Der R\u00fcckgabeantrag wird innerhalb von 14 Tagen nach der Lieferung gestellt.<\/span><\/li>\n<li><span data-text-color=\"primary\">Ein Kaufnachweis, wie z. B. eine Auftragsbest\u00e4tigung oder eine Quittung, wird vorgelegt.<\/span><\/li>\n<\/ul>\n<p><span data-text-color=\"primary\"><strong>Anmerkung:<\/strong>\u00a0Bestimmte Artikel k\u00f6nnen aus Sicherheits- oder gesetzlichen Gr\u00fcnden nicht zur\u00fcckgegeben werden. Bitte kontaktieren Sie unser Support-Team zur Kl\u00e4rung.<\/span><\/p>\n<\/li>\n<\/ul>\n<\/div>\n<\/div>\n<\/div>\n<\/div>\n<div class=\"elementor-element elementor-element-911a669 elementor-widget-divider--view-line elementor-widget elementor-widget-divider\" data-id=\"911a669\" data-element_type=\"widget\" data-widget_type=\"divider.default\">\n<div class=\"elementor-widget-container\">\n<div class=\"elementor-divider\">\u00a0<\/div>\n<\/div>\n<\/div>\n<div class=\"elementor-element elementor-element-0e402dd wd-width-100 elementor-widget elementor-widget-wd_title\" data-id=\"0e402dd\" data-element_type=\"widget\" data-widget_type=\"wd_title.default\">\n<div class=\"elementor-widget-container\">\n<div class=\"title-wrapper wd-set-mb reset-last-child wd-title-color-default wd-title-style-default wd-title-size-default text-left\">\n<div class=\"title-subtitle subtitle-color-default subtitle-style-background wd-fontsize-xs\"><span data-text-color=\"primary\">Erstattungspolitik<\/span><\/div>\n<div class=\"liner-continer\">\n<h4 class=\"woodmart-title-container title wd-fontsize-l\">\u00a0<\/h4>\n<\/div>\n<div class=\"title-after_title reset-last-child wd-fontsize-xs\">\n<p><span data-text-color=\"primary\">Erstattungen werden f\u00fcr genehmigte R\u00fccksendungen gem\u00e4\u00df diesen Richtlinien ausgestellt:<\/span><\/p>\n<ul>\n<li><span data-text-color=\"primary\"><strong>Vollst\u00e4ndige R\u00fcckerstattung:<\/strong>\u00a0Wird f\u00fcr Artikel ausgestellt, die in ihrem urspr\u00fcnglichen Zustand zur\u00fcckgegeben werden.<\/span><\/li>\n<li><span data-text-color=\"primary\"><strong>Teilweise R\u00fcckerstattung:<\/strong>\u00a0Gilt f\u00fcr Artikel, die w\u00e4hrend des Transports besch\u00e4digt wurden oder deren Bestandteile fehlen.<\/span><\/li>\n<\/ul>\n<p><span data-text-color=\"primary\">R\u00fcckerstattungen werden innerhalb von 5-10 Werktagen nach Erhalt und Pr\u00fcfung des zur\u00fcckgesandten Artikels bearbeitet.<\/span><\/p>\n<p>\u00a0<\/p>\n<\/div>\n<\/div>\n<\/div>\n<\/div>\n<div class=\"elementor-element elementor-element-da64a50 wd-width-100 elementor-widget elementor-widget-wd_title\" data-id=\"da64a50\" data-element_type=\"widget\" data-widget_type=\"wd_title.default\">\n<div class=\"elementor-widget-container\">\n<div class=\"title-wrapper wd-set-mb reset-last-child wd-title-color-default wd-title-style-default wd-title-size-default text-left\">\n<div class=\"liner-continer\">\n<h4 class=\"woodmart-title-container title wd-fontsize-l\"><span data-text-color=\"primary\">R\u00fcckgabe oder R\u00fcckerstattung beantragen<\/span><\/h4>\n<\/div>\n<div class=\"title-after_title reset-last-child wd-fontsize-xs\">\n<ol>\n<li><span data-text-color=\"primary\"><strong>Kontakt<\/strong>: E-Mail an\u00a0<strong><a rel=\"noopener\">service@nembutalman.com<\/a><\/strong>\u00a0oder verwenden Sie unser Kontaktformular, um den Vorgang einzuleiten.<\/span><\/li>\n<li><span data-text-color=\"primary\"><strong>Details bereitstellen<\/strong>: Geben Sie Ihre Bestellnummer, den Grund f\u00fcr die R\u00fccksendung und (gegebenenfalls) Fotos an.<\/span><\/li>\n<li><span data-text-color=\"primary\"><strong>R\u00fcckgabeberechtigung<\/strong>: Warten Sie auf eine R\u00fcckgabegenehmigung und Versandanweisungen von unserem Support-Team.<\/span><\/li>\n<li><span data-text-color=\"primary\"><strong>Versand des Artikels<\/strong>: Verpacken Sie das Produkt sicher und senden Sie es an die angegebene Adresse.<\/span><\/li>\n<\/ol>\n<\/div>\n<\/div>\n<\/div>\n<\/div>\n<div class=\"elementor-element elementor-element-8319d8c elementor-widget-divider--view-line elementor-widget elementor-widget-divider\" data-id=\"8319d8c\" data-element_type=\"widget\" data-widget_type=\"divider.default\">\n<div class=\"elementor-widget-container\">\n<div class=\"elementor-divider\">\u00a0<\/div>\n<\/div>\n<\/div>\n<div class=\"elementor-element elementor-element-859d9d1 wd-width-100 elementor-widget elementor-widget-wd_title\" data-id=\"859d9d1\" data-element_type=\"widget\" data-widget_type=\"wd_title.default\">\n<div class=\"elementor-widget-container\">\n<div class=\"title-wrapper wd-set-mb reset-last-child wd-title-color-default wd-title-style-default wd-title-size-default text-left\">\n<div class=\"title-subtitle subtitle-color-default subtitle-style-background wd-fontsize-xs\"><span data-text-color=\"primary\">Versandkosten f\u00fcr R\u00fccksendungen<\/span><\/div>\n<div class=\"liner-continer\">\n<h4 class=\"woodmart-title-container title wd-fontsize-l\">\u00a0<\/h4>\n<\/div>\n<div class=\"title-after_title reset-last-child wd-fontsize-xs\">\n<ul>\n<li><span data-text-color=\"primary\">Der Kunde ist f\u00fcr die R\u00fccksendekosten verantwortlich, es sei denn, die R\u00fccksendung ist auf einen Fehler unsererseits zur\u00fcckzuf\u00fchren (z. B. falsch gelieferter Artikel).<\/span><\/li>\n<li><span data-text-color=\"primary\">Wir empfehlen die Verwendung einer verfolgbaren Versandmethode, um eine sichere Lieferung zu gew\u00e4hrleisten.<\/span><\/li>\n<\/ul>\n<\/div>\n<\/div>\n<\/div>\n<\/div>\n<div class=\"elementor-element elementor-element-b2f8309 elementor-widget-divider--view-line elementor-widget elementor-widget-divider\" data-id=\"b2f8309\" data-element_type=\"widget\" data-widget_type=\"divider.default\">\n<div class=\"elementor-widget-container\">\n<div class=\"elementor-divider\">\u00a0<\/div>\n<\/div>\n<\/div>\n<div class=\"elementor-element elementor-element-7687650 wd-width-100 elementor-widget elementor-widget-wd_title\" data-id=\"7687650\" data-element_type=\"widget\" data-widget_type=\"wd_title.default\">\n<div class=\"elementor-widget-container\">\n<div class=\"title-wrapper wd-set-mb reset-last-child wd-title-color-default wd-title-style-default wd-title-size-default text-left\">\n<div class=\"title-subtitle subtitle-color-default subtitle-style-background wd-fontsize-xs\"><span data-text-color=\"primary\">Nicht erstattungsf\u00e4hige Artikel<\/span><\/div>\n<div class=\"liner-continer\">\n<h4 class=\"woodmart-title-container title wd-fontsize-l\">\u00a0<\/h4>\n<\/div>\n<div class=\"title-after_title reset-last-child wd-fontsize-xs\">\n<p><span data-text-color=\"primary\">Wir bieten keine R\u00fcckerstattung f\u00fcr:<\/span><\/p>\n<ul>\n<li><span data-text-color=\"primary\">Ohne vorherige Genehmigung erworbene Produkte.<\/span><\/li>\n<li><span data-text-color=\"primary\">Gegenst\u00e4nde, die benutzt, ge\u00f6ffnet oder manipuliert wurden.<\/span><\/li>\n<li><span data-text-color=\"primary\">Bestellungen, die vom Zoll aus rechtlichen Gr\u00fcnden zur\u00fcckgehalten oder beschlagnahmt wurden.<\/span><\/li>\n<\/ul>\n<p>\u00a0<\/p>\n<\/div>\n<\/div>\n<\/div>\n<\/div>\n<div class=\"elementor-element elementor-element-48d0e82 elementor-widget-divider--view-line elementor-widget elementor-widget-divider\" data-id=\"48d0e82\" data-element_type=\"widget\" data-widget_type=\"divider.default\">\n<div class=\"elementor-widget-container\">\n<div class=\"elementor-divider\">\u00a0<\/div>\n<\/div>\n<\/div>\n<div class=\"elementor-element elementor-element-c9dff48 wd-width-100 elementor-widget elementor-widget-wd_title\" data-id=\"c9dff48\" data-element_type=\"widget\" data-widget_type=\"wd_title.default\">\n<div class=\"elementor-widget-container\">\n<div class=\"title-wrapper wd-set-mb reset-last-child wd-title-color-default wd-title-style-default wd-title-size-default text-left\">\n<div class=\"title-subtitle subtitle-color-default subtitle-style-background wd-fontsize-xs\"><span data-text-color=\"primary\">Besch\u00e4digte oder mangelhafte Produkte<\/span><\/div>\n<div class=\"liner-continer\">\n<h4 class=\"woodmart-title-container title wd-fontsize-l\">\u00a0<\/h4>\n<\/div>\n<div class=\"title-after_title reset-last-child wd-fontsize-xs\">\n<ul>\n<li><span data-text-color=\"primary\">Wenn Sie ein besch\u00e4digtes oder defektes Produkt erhalten, kontaktieren Sie uns bitte sofort. Je nach Situation bieten wir einen Ersatz oder eine vollst\u00e4ndige R\u00fcckerstattung an.<\/span><\/li>\n<\/ul>\n<\/div>\n<\/div>\n<\/div>\n<\/div>\n\n\t\t<\/div>\n\t\t\t\t\t<\/div>\n\n\t\n\n<\/div>\n\n\t\t<\/div>\n\n\t\t\n<style>\n#section_696247954 {\n  padding-top: 60px;\n  padding-bottom: 60px;\n  min-height: 300px;\n  background-color: rgb(0, 0, 0);\n}\n<\/style>\n\t<\/section>","protected":false},"excerpt":{"rendered":"","protected":false},"author":1,"featured_media":0,"parent":0,"menu_order":0,"comment_status":"closed","ping_status":"closed","template":"","meta":{"footnotes":""},"categories":[],"tags":[],"class_list":["post-116","page","type-page","status-publish","hentry"],"yoast_head":"<!-- This site is optimized with the Yoast SEO Premium plugin v26.2 (Yoast SEO v26.2) - https:\/\/yoast.com\/wordpress\/plugins\/seo\/ -->\n<title>Refund and Return Policy - euthanasiasleep.com<\/title>\n<meta name=\"robots\" content=\"index, follow, max-snippet:-1, max-image-preview:large, max-video-preview:-1\" \/>\n<link rel=\"canonical\" href=\"https:\/\/euthanasiasleep.com\/de\/refund-and-return-policy\/\" \/>\n<meta property=\"og:locale\" content=\"de_DE\" \/>\n<meta property=\"og:type\" content=\"article\" \/>\n<meta property=\"og:title\" content=\"Refund and Return Policy\" \/>\n<meta property=\"og:url\" content=\"https:\/\/euthanasiasleep.com\/de\/refund-and-return-policy\/\" \/>\n<meta property=\"og:site_name\" content=\"euthanasiasleep.com\" \/>\n<meta property=\"article:modified_time\" content=\"2025-03-03T01:39:16+00:00\" \/>\n<meta name=\"twitter:card\" content=\"summary_large_image\" \/>\n<meta name=\"twitter:label1\" content=\"Gesch\u00e4tzte Lesezeit\" \/>\n\t<meta name=\"twitter:data1\" content=\"2\u00a0Minuten\" \/>\n<script type=\"application\/ld+json\" class=\"yoast-schema-graph\">{\"@context\":\"https:\/\/schema.org\",\"@graph\":[{\"@type\":\"WebPage\",\"@id\":\"https:\/\/euthanasiasleep.com\/refund-and-return-policy\/\",\"url\":\"https:\/\/euthanasiasleep.com\/refund-and-return-policy\/\",\"name\":\"Refund and Return Policy - euthanasiasleep.com\",\"isPartOf\":{\"@id\":\"https:\/\/euthanasiasleep.com\/#website\"},\"datePublished\":\"2025-03-03T01:25:18+00:00\",\"dateModified\":\"2025-03-03T01:39:16+00:00\",\"breadcrumb\":{\"@id\":\"https:\/\/euthanasiasleep.com\/refund-and-return-policy\/#breadcrumb\"},\"inLanguage\":\"de\",\"potentialAction\":[{\"@type\":\"ReadAction\",\"target\":[\"https:\/\/euthanasiasleep.com\/refund-and-return-policy\/\"]}]},{\"@type\":\"BreadcrumbList\",\"@id\":\"https:\/\/euthanasiasleep.com\/refund-and-return-policy\/#breadcrumb\",\"itemListElement\":[{\"@type\":\"ListItem\",\"position\":1,\"name\":\"Home\",\"item\":\"https:\/\/euthanasiasleep.com\/\"},{\"@type\":\"ListItem\",\"position\":2,\"name\":\"Refund and Return Policy\"}]},{\"@type\":\"WebSite\",\"@id\":\"https:\/\/euthanasiasleep.com\/#website\",\"url\":\"https:\/\/euthanasiasleep.com\/\",\"name\":\"Euthanasia Sleep\",\"description\":\"Euthanasia Sleep\",\"publisher\":{\"@id\":\"https:\/\/euthanasiasleep.com\/#organization\"},\"alternateName\":\"EuthanasiaSleep\",\"potentialAction\":[{\"@type\":\"SearchAction\",\"target\":{\"@type\":\"EntryPoint\",\"urlTemplate\":\"https:\/\/euthanasiasleep.com\/?s={search_term_string}\"},\"query-input\":{\"@type\":\"PropertyValueSpecification\",\"valueRequired\":true,\"valueName\":\"search_term_string\"}}],\"inLanguage\":\"de\"},{\"@type\":\"Organization\",\"@id\":\"https:\/\/euthanasiasleep.com\/#organization\",\"name\":\"Euthanasia Sleep\",\"alternateName\":\"EuthanasiaSleep\",\"url\":\"https:\/\/euthanasiasleep.com\/\",\"logo\":{\"@type\":\"ImageObject\",\"inLanguage\":\"de\",\"@id\":\"https:\/\/euthanasiasleep.com\/#\/schema\/logo\/image\/\",\"url\":\"https:\/\/euthanasiasleep.com\/wp-content\/uploads\/2025\/03\/kisspng-health-care-public-health-medicine-hospital-cupped-hands-5b5bed5c4cf652.0198420915327511963153.jpg\",\"contentUrl\":\"https:\/\/euthanasiasleep.com\/wp-content\/uploads\/2025\/03\/kisspng-health-care-public-health-medicine-hospital-cupped-hands-5b5bed5c4cf652.0198420915327511963153.jpg\",\"width\":900,\"height\":800,\"caption\":\"Euthanasia Sleep\"},\"image\":{\"@id\":\"https:\/\/euthanasiasleep.com\/#\/schema\/logo\/image\/\"}}]}<\/script>\n<!-- \/ Yoast SEO Premium plugin. -->","yoast_head_json":{"title":"Refund and Return Policy - euthanasiasleep.com","robots":{"index":"index","follow":"follow","max-snippet":"max-snippet:-1","max-image-preview":"max-image-preview:large","max-video-preview":"max-video-preview:-1"},"canonical":"https:\/\/euthanasiasleep.com\/de\/refund-and-return-policy\/","og_locale":"de_DE","og_type":"article","og_title":"Refund and Return Policy","og_url":"https:\/\/euthanasiasleep.com\/de\/refund-and-return-policy\/","og_site_name":"euthanasiasleep.com","article_modified_time":"2025-03-03T01:39:16+00:00","twitter_card":"summary_large_image","twitter_misc":{"Gesch\u00e4tzte Lesezeit":"2\u00a0Minuten"},"schema":{"@context":"https:\/\/schema.org","@graph":[{"@type":"WebPage","@id":"https:\/\/euthanasiasleep.com\/refund-and-return-policy\/","url":"https:\/\/euthanasiasleep.com\/refund-and-return-policy\/","name":"Refund and Return Policy - euthanasiasleep.com","isPartOf":{"@id":"https:\/\/euthanasiasleep.com\/#website"},"datePublished":"2025-03-03T01:25:18+00:00","dateModified":"2025-03-03T01:39:16+00:00","breadcrumb":{"@id":"https:\/\/euthanasiasleep.com\/refund-and-return-policy\/#breadcrumb"},"inLanguage":"de","potentialAction":[{"@type":"ReadAction","target":["https:\/\/euthanasiasleep.com\/refund-and-return-policy\/"]}]},{"@type":"BreadcrumbList","@id":"https:\/\/euthanasiasleep.com\/refund-and-return-policy\/#breadcrumb","itemListElement":[{"@type":"ListItem","position":1,"name":"Home","item":"https:\/\/euthanasiasleep.com\/"},{"@type":"ListItem","position":2,"name":"Refund and Return Policy"}]},{"@type":"WebSite","@id":"https:\/\/euthanasiasleep.com\/#website","url":"https:\/\/euthanasiasleep.com\/","name":"Euthanasie Schlaf","description":"Euthanasie Schlaf","publisher":{"@id":"https:\/\/euthanasiasleep.com\/#organization"},"alternateName":"EuthanasiaSleep","potentialAction":[{"@type":"SearchAction","target":{"@type":"EntryPoint","urlTemplate":"https:\/\/euthanasiasleep.com\/?s={search_term_string}"},"query-input":{"@type":"PropertyValueSpecification","valueRequired":true,"valueName":"search_term_string"}}],"inLanguage":"de"},{"@type":"Organization","@id":"https:\/\/euthanasiasleep.com\/#organization","name":"Euthanasie Schlaf","alternateName":"EuthanasiaSleep","url":"https:\/\/euthanasiasleep.com\/","logo":{"@type":"ImageObject","inLanguage":"de","@id":"https:\/\/euthanasiasleep.com\/#\/schema\/logo\/image\/","url":"https:\/\/euthanasiasleep.com\/wp-content\/uploads\/2025\/03\/kisspng-health-care-public-health-medicine-hospital-cupped-hands-5b5bed5c4cf652.0198420915327511963153.jpg","contentUrl":"https:\/\/euthanasiasleep.com\/wp-content\/uploads\/2025\/03\/kisspng-health-care-public-health-medicine-hospital-cupped-hands-5b5bed5c4cf652.0198420915327511963153.jpg","width":900,"height":800,"caption":"Euthanasia Sleep"},"image":{"@id":"https:\/\/euthanasiasleep.com\/#\/schema\/logo\/image\/"}}]}},"_links":{"self":[{"href":"https:\/\/euthanasiasleep.com\/de\/wp-json\/wp\/v2\/pages\/116","targetHints":{"allow":["GET"]}}],"collection":[{"href":"https:\/\/euthanasiasleep.com\/de\/wp-json\/wp\/v2\/pages"}],"about":[{"href":"https:\/\/euthanasiasleep.com\/de\/wp-json\/wp\/v2\/types\/page"}],"author":[{"embeddable":true,"href":"https:\/\/euthanasiasleep.com\/de\/wp-json\/wp\/v2\/users\/1"}],"replies":[{"embeddable":true,"href":"https:\/\/euthanasiasleep.com\/de\/wp-json\/wp\/v2\/comments?post=116"}],"version-history":[{"count":3,"href":"https:\/\/euthanasiasleep.com\/de\/wp-json\/wp\/v2\/pages\/116\/revisions"}],"predecessor-version":[{"id":119,"href":"https:\/\/euthanasiasleep.com\/de\/wp-json\/wp\/v2\/pages\/116\/revisions\/119"}],"wp:attachment":[{"href":"https:\/\/euthanasiasleep.com\/de\/wp-json\/wp\/v2\/media?parent=116"}],"wp:term":[{"taxonomy":"category","embeddable":true,"href":"https:\/\/euthanasiasleep.com\/de\/wp-json\/wp\/v2\/categories?post=116"},{"taxonomy":"post_tag","embeddable":true,"href":"https:\/\/euthanasiasleep.com\/de\/wp-json\/wp\/v2\/tags?post=116"}],"curies":[{"name":"wp","href":"https:\/\/api.w.org\/{rel}","templated":true}]}}