{"id":17,"date":"2025-03-01T20:07:58","date_gmt":"2025-03-01T20:07:58","guid":{"rendered":"https:\/\/euthanasiasleep.com\/?page_id=17"},"modified":"2025-03-03T15:36:27","modified_gmt":"2025-03-03T15:36:27","slug":"about-us","status":"publish","type":"page","link":"https:\/\/euthanasiasleep.com\/de\/about-us\/","title":{"rendered":"\u00dcber uns"},"content":{"rendered":"<div class=\"img has-hover x md-x lg-x y md-y lg-y\" id=\"image_1993693164\">\n\t\t\t\t\t\t\t\t<div class=\"img-inner dark\" >\n\t\t\t<img loading=\"lazy\" decoding=\"async\" width=\"1000\" height=\"750\" src=\"https:\/\/euthanasiasleep.com\/wp-content\/uploads\/2025\/03\/About_us.webp\" class=\"attachment-large size-large\" alt=\"\" srcset=\"https:\/\/euthanasiasleep.com\/wp-content\/uploads\/2025\/03\/About_us.webp 1000w, https:\/\/euthanasiasleep.com\/wp-content\/uploads\/2025\/03\/About_us-300x225.webp 300w, https:\/\/euthanasiasleep.com\/wp-content\/uploads\/2025\/03\/About_us-768x576.webp 768w, https:\/\/euthanasiasleep.com\/wp-content\/uploads\/2025\/03\/About_us-600x450.webp 600w\" sizes=\"auto, (max-width: 1000px) 100vw, 1000px\" \/>\t\t\t\t\t\t\n\t\t\t\t\t<\/div>\n\t\t\t\t\t\t\t\t\n<style>\n#image_1993693164 {\n  width: 100%;\n}\n<\/style>\n\t<\/div>\n\t\n\n<div class=\"row\"  id=\"row-1573784224\">\n\n\n\t<div id=\"col-158801622\" class=\"col small-12 large-12\"  >\n\t\t\t\t<div class=\"col-inner\"  >\n\t\t\t\n\t\t\t\n\n<div class=\"row\"  id=\"row-2028575903\">\n\n\n\t<div id=\"col-1617809382\" class=\"col medium-6 small-12 large-6\"  >\n\t\t\t\t<div class=\"col-inner\"  >\n\t\t\t\n\t\t\t\n\n\n\t<section class=\"section dark\" id=\"section_15382796\">\n\t\t<div class=\"section-bg fill\" >\n\t\t\t\t\t\t\t\t\t\n\t\t\t\n\n\t\t<\/div>\n\n\t\t\n\n\t\t<div class=\"section-content relative\">\n\t\t\t\n\n<div class=\"row\"  id=\"row-74184769\">\n\n\n\t<div id=\"col-99802706\" class=\"col small-12 large-12\"  >\n\t\t\t\t<div class=\"col-inner\"  >\n\t\t\t\n\t\t\t\n\n<div class=\"container section-title-container\" ><h1 class=\"section-title section-title-normal\"><b><\/b><span class=\"section-title-main\" >Wer wir sind<\/span><b><\/b><\/h1><\/div>\n\n\n\t\t<\/div>\n\t\t\t\t\t<\/div>\n\n\t\n\n<\/div>\n<p>Willkommen bei\u00a0<strong>Euthanasie-Schlaf <\/strong>Wir sind ein zuverl\u00e4ssiger Anbieter von genauen und umfassenden Informationen \u00fcber Nembutal (Natrium-Pentobarbital). Unsere Aufgabe ist es, Menschen, die verl\u00e4ssliche Einblicke in diese weithin anerkannte Substanz, ihre Anwendungen und ihre Auswirkungen suchen, aufzukl\u00e4ren, zu informieren und zu bef\u00e4higen.<\/p>\n<p>Euthanasia Sleep ist eine lizenzierte Online-Plattform, die kompetente und einf\u00fchlsame Sterbehilfe in ganz Europa, den USA und Asien anbietet. Motiviert durch die Vision von Huib Drion, setzt sich unser Team aus Geistlichen und Medizinern f\u00fcr das Recht auf einen w\u00fcrdigen Tod ein. Wir unterst\u00fctzen Menschen, die an Demenz und anderen unheilbaren Krankheiten leiden, dabei, gut informierte Entscheidungen \u00fcber ihre letzten Tage zu treffen. Wir erbringen unsere Dienstleistungen mit gr\u00f6\u00dfter Sorgfalt und Respekt, denn wir legen Wert auf Diskretion und Vertrauen. Wir bieten auch Aufkl\u00e4rungsmaterial an, um Ihnen zu helfen, die besten Entscheidungen zu treffen, und unterst\u00fctzen aktiv die Legalisierung der Sterbehilfe in Europa, den USA und Asien.<br \/>Wir danken Ihnen f\u00fcr Ihr Vertrauen in Nembutal Mann w\u00e4hrend dieses bedeutenden Lebens\u00fcbergangs.<\/p>\n\n\t\t<\/div>\n\n\t\t\n<style>\n#section_15382796 {\n  padding-top: 30px;\n  padding-bottom: 30px;\n  background-color: rgb(48, 149, 156);\n}\n<\/style>\n\t<\/section>\n\t\n\n\t\t<\/div>\n\t\t\t\t\t<\/div>\n\n\t\n\n\t<div id=\"col-2044785987\" class=\"col medium-6 small-12 large-6\"  >\n\t\t\t\t<div class=\"col-inner\"  >\n\t\t\t\n\t\t\t\n\n<div class=\"accordion\">\n\n\t<div id=\"accordion-98091448\" class=\"accordion-item\">\n\t\t<a id=\"accordion-98091448-label\" class=\"accordion-title plain\" href=\"#accordion-item-our-commitment\" aria-expanded=\"false\" aria-controls=\"accordion-98091448-content\" >\n\t\t\t<button class=\"toggle\" aria-label=\"Umschalten\"><i class=\"icon-angle-down\"><\/i><\/button>\n\t\t\t<span>Unser Engagement<\/span>\n\t\t<\/a>\n\t\t<div id=\"accordion-98091448-content\" class=\"accordion-inner\" aria-labelledby=\"accordion-98091448-label\" >\n\t\t\t\n\n<p>Wir legen gro\u00dfen Wert auf Transparenz, Professionalit\u00e4t und Genauigkeit bei all unseren Inhalten. Ganz gleich, ob Sie im Gesundheitswesen t\u00e4tig sind, forschen oder sich als Einzelperson informieren m\u00f6chten, unsere Plattform dient als zuverl\u00e4ssige Quelle f\u00fcr Informationen:<\/p>\n<ul>\n<li>Medizinische und veterin\u00e4rmedizinische Verwendung von Nembutal.<\/li>\n<li>Richtige Dosierung und Verabreichungsrichtlinien.<\/li>\n<li>Rechtliche Bestimmungen und ethische Erw\u00e4gungen.<\/li>\n<\/ul>\n<p>Unsere Inhalte werden sorgf\u00e4ltig recherchiert und halten sich an strenge Standards, damit Sie nur die genauesten und relevantesten Informationen erhalten.<\/p>\n\n\t\t<\/div>\n\t<\/div>\n\t\n\t<div id=\"accordion-2398294279\" class=\"accordion-item\">\n\t\t<a id=\"accordion-2398294279-label\" class=\"accordion-title plain\" href=\"#accordion-item-why-choose-us?\" aria-expanded=\"false\" aria-controls=\"accordion-2398294279-content\" >\n\t\t\t<button class=\"toggle\" aria-label=\"Umschalten\"><i class=\"icon-angle-down\"><\/i><\/button>\n\t\t\t<span>Warum uns w\u00e4hlen?<\/span>\n\t\t<\/a>\n\t\t<div id=\"accordion-2398294279-content\" class=\"accordion-inner\" aria-labelledby=\"accordion-2398294279-label\" >\n\t\t\t\n\n<p>\u00dcber uns, Bei Nembutal Mann sind wir engagiert:<\/p>\n<ul>\n<li><strong>Bereitstellung von Fachwissen:<\/strong>\u00a0Unser Team arbeitet unerm\u00fcdlich daran, gut recherchierte und aktuelle Inhalte zu liefern.<\/li>\n<li><strong>F\u00f6rderung der Verantwortung:<\/strong>\u00a0Wir f\u00f6rdern die sichere und informierte Nutzung durch Aufkl\u00e4rung und Lobbyarbeit.<\/li>\n<li><strong>Sicherstellung der Einhaltung:<\/strong>\u00a0Wir helfen den Nutzern, den rechtlichen und ethischen Rahmen f\u00fcr Nembutal in Europa zu verstehen.<\/li>\n<\/ul>\n\n\t\t<\/div>\n\t<\/div>\n\t\n\t<div id=\"accordion-2530183559\" class=\"accordion-item\">\n\t\t<a id=\"accordion-2530183559-label\" class=\"accordion-title plain\" href=\"#accordion-item-our-values\" aria-expanded=\"false\" aria-controls=\"accordion-2530183559-content\" >\n\t\t\t<button class=\"toggle\" aria-label=\"Umschalten\"><i class=\"icon-angle-down\"><\/i><\/button>\n\t\t\t<span>Unsere Werte<\/span>\n\t\t<\/a>\n\t\t<div id=\"accordion-2530183559-content\" class=\"accordion-inner\" aria-labelledby=\"accordion-2530183559-label\" >\n\t\t\t\n\n<ul>\n<li><strong>Integrit\u00e4t:<\/strong>\u00a0Ehrlichkeit und Genauigkeit in jedem Aspekt unserer Arbeit.<\/li>\n<li><strong>Mitgef\u00fchl:<\/strong>\u00a0Erkennen des sensiblen Charakters der Anwendungen von Nembutal und sorgf\u00e4ltiger Umgang mit ihnen.<\/li>\n<li><strong>Bildung:<\/strong>\u00a0Bef\u00e4higung des Einzelnen durch zug\u00e4ngliche, zuverl\u00e4ssige Informationen.<\/li>\n<\/ul>\n\n\t\t<\/div>\n\t<\/div>\n\t\n\n<\/div>\n<div class=\"accordion\">\n\n\t<div id=\"accordion-431232455\" class=\"accordion-item\">\n\t\t<a id=\"accordion-431232455-label\" class=\"accordion-title plain\" href=\"#accordion-item-our-vision\" aria-expanded=\"false\" aria-controls=\"accordion-431232455-content\" >\n\t\t\t<button class=\"toggle\" aria-label=\"Umschalten\"><i class=\"icon-angle-down\"><\/i><\/button>\n\t\t\t<span>Unsere Vision<\/span>\n\t\t<\/a>\n\t\t<div id=\"accordion-431232455-content\" class=\"accordion-inner\" aria-labelledby=\"accordion-431232455-label\" >\n\t\t\t\n\n<div class=\"wd-page-content main-page-wrapper\"><main class=\"wd-content-layout content-layout-wrapper container wd-sidebar-hidden-md-sm wd-sidebar-hidden-sm\" role=\"main\"><\/p>\n<div class=\"wd-content-area site-content\">\n<article id=\"post-20710\" class=\"entry-content post-20710 page type-page status-publish hentry\">\n<div class=\"elementor elementor-20710\" data-elementor-type=\"wp-page\" data-elementor-id=\"20710\" data-elementor-post-type=\"page\">\n<div class=\"wd-negative-gap elementor-element elementor-element-2b6a8ac e-flex e-con-boxed e-con e-parent e-lazyloaded\" data-id=\"2b6a8ac\" data-element_type=\"container\">\n<div class=\"e-con-inner\">\n<div class=\"elementor-element elementor-element-b6402df e-con-full e-flex e-con e-child\" data-id=\"b6402df\" data-element_type=\"container\">\n<div class=\"elementor-element elementor-element-9ee9c10 elementor-widget elementor-widget-n-accordion\" data-id=\"9ee9c10\" data-element_type=\"widget\" data-settings=\"{&quot;max_items_expended&quot;:&quot;multiple&quot;,&quot;default_state&quot;:&quot;expanded&quot;,&quot;n_accordion_animation_duration&quot;:{&quot;unit&quot;:&quot;ms&quot;,&quot;size&quot;:400,&quot;sizes&quot;:&#091;&#093;}}\" data-widget_type=\"nested-accordion.default\">\n<div class=\"elementor-widget-container\">\n<div class=\"e-n-accordion\" aria-label=\"Akkordeon. \u00d6ffnen Sie Links mit Enter oder Space, schlie\u00dfen Sie sie mit Escape und navigieren Sie mit den Pfeiltasten.\">\n<details id=\"e-n-accordion-item-1663\" class=\"e-n-accordion-item\" open=\"\">\n<div class=\"elementor-element elementor-element-bbc973d e-con-full e-flex e-con e-child\" role=\"region\" aria-labelledby=\"e-n-accordion-item-1663\" data-id=\"bbc973d\" data-element_type=\"container\">\n<div class=\"elementor-element elementor-element-197c6d8 elementor-widget elementor-widget-wd_text_block\" data-id=\"197c6d8\" data-element_type=\"widget\" data-widget_type=\"wd_text_block.default\">\n<div class=\"elementor-widget-container\">\n<div class=\"wd-text-block reset-last-child text-left color-title\">\n<p>Wir streben danach, die f\u00fchrende Quelle f\u00fcr die Aufkl\u00e4rung \u00fcber Nembutal zu sein, Wissensl\u00fccken zu schlie\u00dfen und fundierte Entscheidungen f\u00fcr alle zu unterst\u00fctzen.<\/p>\n<\/div>\n<\/div>\n<\/div>\n<\/div>\n<\/details>\n<\/div>\n<\/div>\n<\/div>\n<\/div>\n<\/div>\n<\/div>\n<\/div>\n<\/article>\n<\/div>\n<p><\/main><\/div>\n<div class=\"wd-prefooter\">\n<div class=\"container wd-entry-content\">\n<div class=\"elementor elementor-258\" data-elementor-type=\"wp-post\" data-elementor-id=\"258\" data-elementor-post-type=\"cms_block\">\u00a0<\/div>\n<\/div>\n<\/div>\n\n\t\t<\/div>\n\t<\/div>\n\t\n\n<\/div>\n\n\t\t<\/div>\n\t\t\t\t\t<\/div>\n\n\t\n\n<\/div>\n\n\t\t<\/div>\n\t\t\t\t\t<\/div>\n\n\t\n\n<\/div>","protected":false},"excerpt":{"rendered":"","protected":false},"author":1,"featured_media":0,"parent":0,"menu_order":0,"comment_status":"closed","ping_status":"closed","template":"","meta":{"footnotes":""},"categories":[],"tags":[],"class_list":["post-17","page","type-page","status-publish","hentry"],"yoast_head":"<!-- This site is optimized with the Yoast SEO Premium plugin v26.2 (Yoast SEO v26.2) - https:\/\/yoast.com\/wordpress\/plugins\/seo\/ -->\n<title>About us - euthanasiasleep.com<\/title>\n<meta name=\"robots\" content=\"index, follow, max-snippet:-1, max-image-preview:large, max-video-preview:-1\" \/>\n<link rel=\"canonical\" href=\"https:\/\/euthanasiasleep.com\/de\/about-us\/\" \/>\n<meta property=\"og:locale\" content=\"de_DE\" \/>\n<meta property=\"og:type\" content=\"article\" \/>\n<meta property=\"og:title\" content=\"About us\" \/>\n<meta property=\"og:url\" content=\"https:\/\/euthanasiasleep.com\/de\/about-us\/\" \/>\n<meta property=\"og:site_name\" content=\"euthanasiasleep.com\" \/>\n<meta property=\"article:modified_time\" content=\"2025-03-03T15:36:27+00:00\" \/>\n<meta name=\"twitter:card\" content=\"summary_large_image\" \/>\n<meta name=\"twitter:label1\" content=\"Gesch\u00e4tzte Lesezeit\" \/>\n\t<meta name=\"twitter:data1\" content=\"2\u00a0Minuten\" \/>\n<script type=\"application\/ld+json\" class=\"yoast-schema-graph\">{\"@context\":\"https:\/\/schema.org\",\"@graph\":[{\"@type\":\"WebPage\",\"@id\":\"https:\/\/euthanasiasleep.com\/about-us\/\",\"url\":\"https:\/\/euthanasiasleep.com\/about-us\/\",\"name\":\"About us - euthanasiasleep.com\",\"isPartOf\":{\"@id\":\"https:\/\/euthanasiasleep.com\/#website\"},\"datePublished\":\"2025-03-01T20:07:58+00:00\",\"dateModified\":\"2025-03-03T15:36:27+00:00\",\"breadcrumb\":{\"@id\":\"https:\/\/euthanasiasleep.com\/about-us\/#breadcrumb\"},\"inLanguage\":\"de\",\"potentialAction\":[{\"@type\":\"ReadAction\",\"target\":[\"https:\/\/euthanasiasleep.com\/about-us\/\"]}]},{\"@type\":\"BreadcrumbList\",\"@id\":\"https:\/\/euthanasiasleep.com\/about-us\/#breadcrumb\",\"itemListElement\":[{\"@type\":\"ListItem\",\"position\":1,\"name\":\"Home\",\"item\":\"https:\/\/euthanasiasleep.com\/\"},{\"@type\":\"ListItem\",\"position\":2,\"name\":\"About us\"}]},{\"@type\":\"WebSite\",\"@id\":\"https:\/\/euthanasiasleep.com\/#website\",\"url\":\"https:\/\/euthanasiasleep.com\/\",\"name\":\"Euthanasia Sleep\",\"description\":\"Euthanasia Sleep\",\"publisher\":{\"@id\":\"https:\/\/euthanasiasleep.com\/#organization\"},\"alternateName\":\"EuthanasiaSleep\",\"potentialAction\":[{\"@type\":\"SearchAction\",\"target\":{\"@type\":\"EntryPoint\",\"urlTemplate\":\"https:\/\/euthanasiasleep.com\/?s={search_term_string}\"},\"query-input\":{\"@type\":\"PropertyValueSpecification\",\"valueRequired\":true,\"valueName\":\"search_term_string\"}}],\"inLanguage\":\"de\"},{\"@type\":\"Organization\",\"@id\":\"https:\/\/euthanasiasleep.com\/#organization\",\"name\":\"Euthanasia Sleep\",\"alternateName\":\"EuthanasiaSleep\",\"url\":\"https:\/\/euthanasiasleep.com\/\",\"logo\":{\"@type\":\"ImageObject\",\"inLanguage\":\"de\",\"@id\":\"https:\/\/euthanasiasleep.com\/#\/schema\/logo\/image\/\",\"url\":\"https:\/\/euthanasiasleep.com\/wp-content\/uploads\/2025\/03\/kisspng-health-care-public-health-medicine-hospital-cupped-hands-5b5bed5c4cf652.0198420915327511963153.jpg\",\"contentUrl\":\"https:\/\/euthanasiasleep.com\/wp-content\/uploads\/2025\/03\/kisspng-health-care-public-health-medicine-hospital-cupped-hands-5b5bed5c4cf652.0198420915327511963153.jpg\",\"width\":900,\"height\":800,\"caption\":\"Euthanasia Sleep\"},\"image\":{\"@id\":\"https:\/\/euthanasiasleep.com\/#\/schema\/logo\/image\/\"}}]}<\/script>\n<!-- \/ Yoast SEO Premium plugin. -->","yoast_head_json":{"title":"About us - euthanasiasleep.com","robots":{"index":"index","follow":"follow","max-snippet":"max-snippet:-1","max-image-preview":"max-image-preview:large","max-video-preview":"max-video-preview:-1"},"canonical":"https:\/\/euthanasiasleep.com\/de\/about-us\/","og_locale":"de_DE","og_type":"article","og_title":"About us","og_url":"https:\/\/euthanasiasleep.com\/de\/about-us\/","og_site_name":"euthanasiasleep.com","article_modified_time":"2025-03-03T15:36:27+00:00","twitter_card":"summary_large_image","twitter_misc":{"Gesch\u00e4tzte Lesezeit":"2\u00a0Minuten"},"schema":{"@context":"https:\/\/schema.org","@graph":[{"@type":"WebPage","@id":"https:\/\/euthanasiasleep.com\/about-us\/","url":"https:\/\/euthanasiasleep.com\/about-us\/","name":"About us - euthanasiasleep.com","isPartOf":{"@id":"https:\/\/euthanasiasleep.com\/#website"},"datePublished":"2025-03-01T20:07:58+00:00","dateModified":"2025-03-03T15:36:27+00:00","breadcrumb":{"@id":"https:\/\/euthanasiasleep.com\/about-us\/#breadcrumb"},"inLanguage":"de","potentialAction":[{"@type":"ReadAction","target":["https:\/\/euthanasiasleep.com\/about-us\/"]}]},{"@type":"BreadcrumbList","@id":"https:\/\/euthanasiasleep.com\/about-us\/#breadcrumb","itemListElement":[{"@type":"ListItem","position":1,"name":"Home","item":"https:\/\/euthanasiasleep.com\/"},{"@type":"ListItem","position":2,"name":"About us"}]},{"@type":"WebSite","@id":"https:\/\/euthanasiasleep.com\/#website","url":"https:\/\/euthanasiasleep.com\/","name":"Euthanasie Schlaf","description":"Euthanasie Schlaf","publisher":{"@id":"https:\/\/euthanasiasleep.com\/#organization"},"alternateName":"EuthanasiaSleep","potentialAction":[{"@type":"SearchAction","target":{"@type":"EntryPoint","urlTemplate":"https:\/\/euthanasiasleep.com\/?s={search_term_string}"},"query-input":{"@type":"PropertyValueSpecification","valueRequired":true,"valueName":"search_term_string"}}],"inLanguage":"de"},{"@type":"Organization","@id":"https:\/\/euthanasiasleep.com\/#organization","name":"Euthanasie Schlaf","alternateName":"EuthanasiaSleep","url":"https:\/\/euthanasiasleep.com\/","logo":{"@type":"ImageObject","inLanguage":"de","@id":"https:\/\/euthanasiasleep.com\/#\/schema\/logo\/image\/","url":"https:\/\/euthanasiasleep.com\/wp-content\/uploads\/2025\/03\/kisspng-health-care-public-health-medicine-hospital-cupped-hands-5b5bed5c4cf652.0198420915327511963153.jpg","contentUrl":"https:\/\/euthanasiasleep.com\/wp-content\/uploads\/2025\/03\/kisspng-health-care-public-health-medicine-hospital-cupped-hands-5b5bed5c4cf652.0198420915327511963153.jpg","width":900,"height":800,"caption":"Euthanasia Sleep"},"image":{"@id":"https:\/\/euthanasiasleep.com\/#\/schema\/logo\/image\/"}}]}},"_links":{"self":[{"href":"https:\/\/euthanasiasleep.com\/de\/wp-json\/wp\/v2\/pages\/17","targetHints":{"allow":["GET"]}}],"collection":[{"href":"https:\/\/euthanasiasleep.com\/de\/wp-json\/wp\/v2\/pages"}],"about":[{"href":"https:\/\/euthanasiasleep.com\/de\/wp-json\/wp\/v2\/types\/page"}],"author":[{"embeddable":true,"href":"https:\/\/euthanasiasleep.com\/de\/wp-json\/wp\/v2\/users\/1"}],"replies":[{"embeddable":true,"href":"https:\/\/euthanasiasleep.com\/de\/wp-json\/wp\/v2\/comments?post=17"}],"version-history":[{"count":6,"href":"https:\/\/euthanasiasleep.com\/de\/wp-json\/wp\/v2\/pages\/17\/revisions"}],"predecessor-version":[{"id":148,"href":"https:\/\/euthanasiasleep.com\/de\/wp-json\/wp\/v2\/pages\/17\/revisions\/148"}],"wp:attachment":[{"href":"https:\/\/euthanasiasleep.com\/de\/wp-json\/wp\/v2\/media?parent=17"}],"wp:term":[{"taxonomy":"category","embeddable":true,"href":"https:\/\/euthanasiasleep.com\/de\/wp-json\/wp\/v2\/categories?post=17"},{"taxonomy":"post_tag","embeddable":true,"href":"https:\/\/euthanasiasleep.com\/de\/wp-json\/wp\/v2\/tags?post=17"}],"curies":[{"name":"wp","href":"https:\/\/api.w.org\/{rel}","templated":true}]}}