{"id":98,"date":"2025-03-03T00:10:45","date_gmt":"2025-03-03T00:10:45","guid":{"rendered":"https:\/\/euthanasiasleep.com\/?page_id=98"},"modified":"2025-03-03T00:30:24","modified_gmt":"2025-03-03T00:30:24","slug":"privacy-policy-2","status":"publish","type":"page","link":"https:\/\/euthanasiasleep.com\/de\/privacy-policy-2\/","title":{"rendered":"PRIVACY &amp; POLICY"},"content":{"rendered":"<p class=\"has-black-color has-text-color has-link-color wp-elements-355be174b2fb0d157b025fcc47f1d867\">Datenschutzrichtlinie f\u00fcr nembutalman.com<\/p>\n<p class=\"has-black-color has-text-color has-link-color wp-elements-761ad3752a5bb90e7fbcc3f50b1c20b6\"><br \/>Zuletzt aktualisiert am 25.11.2023<\/p>\n<p class=\"has-black-color has-text-color has-link-color wp-elements-3e94e2b2c9d2176429af1c301ae99651\"><br \/>Willkommen bei nembutalman.com. Diese Datenschutzrichtlinie beschreibt, wie wir pers\u00f6nliche Informationen sammeln, verwenden und weitergeben, wenn Sie unsere Website besuchen oder einen Kauf t\u00e4tigen.<\/p>\n<div class=\"is-divider divider clearfix\" style=\"max-width:1733px;height:7px;background-color:rgb(64, 184, 182);\"><\/div>\n\n<div class=\"row\"  id=\"row-83084647\">\n\n\n\t<div id=\"col-1702811059\" class=\"col small-12 large-12\"  >\n\t\t\t\t<div class=\"col-inner\"  >\n\t\t\t\n\t\t\t\n\n<h3 id=\"h-i-information-gathered\" class=\"wp-block-heading has-text-color has-background has-link-color wp-elements-8a16c0b96044cebbff6804ddad17f2ed\">I. Erhobene Informationen<\/h3>\n<p class=\"has-black-color has-text-color has-link-color wp-elements-a6badfaa0041f2d9590e59bf90ac8bc6\">Wenn Sie die Website besuchen, erfassen wir automatisch bestimmte Informationen \u00fcber Ihr Ger\u00e4t, einschlie\u00dflich Informationen \u00fcber Ihren Webbrowser, Ihre IP-Adresse, Ihre Zeitzone und einige der auf Ihrem Ger\u00e4t installierten Cookies. Dar\u00fcber hinaus erfassen wir Informationen \u00fcber die einzelnen Webseiten oder Produkte, die Sie sich ansehen, welche Websites oder Suchbegriffe Sie auf unsere Website verwiesen haben und wie Sie mit der Website interagieren.<\/p>\n<p class=\"has-black-color has-text-color has-link-color wp-elements-c6566f9f405ddf7459fc7c641c272c78\">Wenn Sie einen Kauf \u00fcber die Website t\u00e4tigen oder versuchen, einen Kauf zu t\u00e4tigen, erfassen wir bestimmte Informationen von Ihnen, einschlie\u00dflich Ihres Namens, Ihrer Rechnungsadresse, Ihrer Lieferadresse, Ihrer Zahlungsinformationen (einschlie\u00dflich Kreditkartennummern), Ihrer E-Mail-Adresse und Ihrer Telefonnummer. Wir bezeichnen diese Informationen als \"Bestellinformationen\".<\/p>\n<div class=\"is-divider divider clearfix\" style=\"max-width:11111px;height:7px;background-color:rgb(64, 184, 182);\"><\/div>\n\n\n\t\t<\/div>\n\t\t\t\t\t<\/div>\n\n\t\n\n<\/div>\n<h3 id=\"h-ii-use-of-information\" class=\"wp-block-heading has-text-color has-background has-link-color wp-elements-32d74790f44ff2ad9af97a6a63fe7a29\">II. Verwendung von Informationen<\/h3>\n<p class=\"has-black-color has-text-color has-link-color wp-elements-fb223591b0ed4918e3b7a6dd70848b61\">Wir verwenden die gesammelten Informationen im Allgemeinen, um die \u00fcber die Website aufgegebenen Bestellungen auszuf\u00fchren (einschlie\u00dflich der Verarbeitung Ihrer Zahlungsinformationen, der Organisation des Versands und der Bereitstellung von Rechnungen und\/oder Auftragsbest\u00e4tigungen). Dar\u00fcber hinaus verwenden wir diese Informationen, um<\/p>\n<ul class=\"wp-block-list\">\n<li class=\"has-black-color has-text-color has-link-color wp-elements-c35da8e453ecadee6ed58fb481402e8b\">Mit Ihnen zu kommunizieren;<\/li>\n<li class=\"has-black-color has-text-color has-link-color wp-elements-659b15464d3b49d5a9c284bdea83ccc0\">\u00dcberpr\u00fcfen Sie Ihre Bestellung auf m\u00f6gliche Risiken oder Betrug;<\/li>\n<li class=\"has-black-color has-text-color has-link-color wp-elements-3ce7039dbd7333ebff4f5317f2da7572\">Optimierung unserer Website;<\/li>\n<li class=\"has-black-color has-text-color has-link-color wp-elements-63a2f7258bb251938f7c3188ffc5c879\">F\u00fchren Sie Werbe- oder Re-Targeting-Kampagnen auf der Grundlage Ihrer Interessen durch.<\/li>\n<\/ul>\n<div class=\"is-divider divider clearfix\" style=\"max-width:1500px;height:7px;background-color:rgb(64, 184, 182);\"><\/div>\n\n<h3 id=\"h-iii-information-exchange\" class=\"wp-block-heading has-text-color has-background has-link-color wp-elements-71dd2bade47d8a19cad678a52077fdf8\">III. Informationsaustausch<\/h3>\n<p>Damit wir die oben genannten Ziele erreichen k\u00f6nnen, geben wir Ihre pers\u00f6nlichen Daten an Dritte weiter. Zum Beispiel versenden wir Bestellungen mit PostNL, FedEx und manchmal DHL. Um Zahlungen zu verarbeiten, tauschen wir auch Informationen mit PayPal und manchmal mit unseren Banken aus.<br \/>Schlie\u00dflich k\u00f6nnen wir Ihre pers\u00f6nlichen Daten auch offenlegen, um auf eine Vorladung, einen Durchsuchungsbefehl oder eine andere legitime Anfrage nach Informationen zu reagieren, die wir erhalten, um geltende Gesetze und Vorschriften einzuhalten oder um unsere Rechte auf andere Weise zu verteidigen. Sie k\u00f6nnen mehr \u00fcber die Versandpolitik erfahren.<\/p>\n<div class=\"is-divider divider clearfix\" style=\"max-width:15000px;height:7px;background-color:rgb(64, 184, 182);\"><\/div>\n\n<h3 id=\"h-iv-your-rights\" class=\"wp-block-heading has-text-color has-background has-link-color wp-elements-8be1627c424b10a6d403c8606c0605de\">IV. Deine Rechte<\/h3>\n<p>Sie haben das Recht zu erfahren, welche personenbezogenen Daten wir \u00fcber Sie gespeichert haben, und zu verlangen, dass diese aktualisiert, ge\u00e4ndert oder gel\u00f6scht werden, wenn Sie im Europ\u00e4ischen Wirtschaftsraum leben. Bitte nutzen Sie die nachstehenden Informationen, um sich mit uns in Verbindung zu setzen, wenn Sie von diesem Recht Gebrauch machen m\u00f6chten.<\/p>\n<div class=\"is-divider divider clearfix\" style=\"max-width:15000px;height:7px;background-color:rgb(64, 184, 182);\"><\/div>\n\n<h3 id=\"h-v-modifications-to-this-privacy-statement\" class=\"wp-block-heading has-text-color has-background has-link-color wp-elements-c25262c15a4b50cb1236e206e03eb430\">V. \u00c4nderungen an dieser Datenschutzerkl\u00e4rung<\/h3>\n<p>Bitte lesen Sie unsere Datenschutzerkl\u00e4rung regelm\u00e4\u00dfig, da wir uns das Recht vorbehalten, jederzeit \u00c4nderungen vorzunehmen. Klarstellungen und \u00c4nderungen werden wirksam, sobald sie auf der Website ver\u00f6ffentlicht werden. Wir werden diese Seite aktualisieren, um alle wesentlichen \u00c4nderungen an dieser Richtlinie wiederzugeben.<\/p>\n<div class=\"is-divider divider clearfix\" style=\"max-width:15000px;height:7px;background-color:rgb(64, 184, 182);\"><\/div>\n\n<h3 id=\"h-vi-contact-information\" class=\"wp-block-heading has-text-color has-background has-link-color wp-elements-01aa1198e6bc79b9703c1e31d3efce46\">VI. Kontaktinformationen<\/h3>\n<p class=\"has-black-color has-text-color has-link-color wp-elements-29de9d3369388b1bebce2e470a8ab236\">Wenn Sie Bedenken haben oder weitere Informationen \u00fcber unsere Datenschutzpolitik w\u00fcnschen, senden Sie uns bitte eine E-Mail an service@nembutalman.com oder eine schriftliche Anfrage an Eisenhowerstraat 141, Sittard, Niederlande.<\/p>\n<p class=\"has-black-color has-text-color has-link-color wp-elements-fc74c8adaf95e6aa5766202a95c8ef3e\">Besuchen Sie unser\u00a0<strong>Bedingungen und Konditionen<\/strong>\u00a0um besser informiert zu sein<\/p>","protected":false},"excerpt":{"rendered":"","protected":false},"author":1,"featured_media":0,"parent":0,"menu_order":0,"comment_status":"closed","ping_status":"closed","template":"","meta":{"footnotes":""},"categories":[],"tags":[],"class_list":["post-98","page","type-page","status-publish","hentry"],"yoast_head":"<!-- This site is optimized with the Yoast SEO Premium plugin v26.2 (Yoast SEO v26.2) - https:\/\/yoast.com\/wordpress\/plugins\/seo\/ -->\n<title>PRIVACY &amp; POLICY - euthanasiasleep.com<\/title>\n<meta name=\"robots\" content=\"index, follow, max-snippet:-1, max-image-preview:large, max-video-preview:-1\" \/>\n<link rel=\"canonical\" href=\"https:\/\/euthanasiasleep.com\/de\/privacy-policy-2\/\" \/>\n<meta property=\"og:locale\" content=\"de_DE\" \/>\n<meta property=\"og:type\" content=\"article\" \/>\n<meta property=\"og:title\" content=\"PRIVACY &amp; POLICY\" \/>\n<meta property=\"og:url\" content=\"https:\/\/euthanasiasleep.com\/de\/privacy-policy-2\/\" \/>\n<meta property=\"og:site_name\" content=\"euthanasiasleep.com\" \/>\n<meta property=\"article:modified_time\" content=\"2025-03-03T00:30:24+00:00\" \/>\n<meta name=\"twitter:card\" content=\"summary_large_image\" \/>\n<meta name=\"twitter:label1\" content=\"Gesch\u00e4tzte Lesezeit\" \/>\n\t<meta name=\"twitter:data1\" content=\"2\u00a0Minuten\" \/>\n<script type=\"application\/ld+json\" class=\"yoast-schema-graph\">{\"@context\":\"https:\/\/schema.org\",\"@graph\":[{\"@type\":\"WebPage\",\"@id\":\"https:\/\/euthanasiasleep.com\/privacy-policy-2\/\",\"url\":\"https:\/\/euthanasiasleep.com\/privacy-policy-2\/\",\"name\":\"PRIVACY &amp; POLICY - euthanasiasleep.com\",\"isPartOf\":{\"@id\":\"https:\/\/euthanasiasleep.com\/#website\"},\"datePublished\":\"2025-03-03T00:10:45+00:00\",\"dateModified\":\"2025-03-03T00:30:24+00:00\",\"breadcrumb\":{\"@id\":\"https:\/\/euthanasiasleep.com\/privacy-policy-2\/#breadcrumb\"},\"inLanguage\":\"de\",\"potentialAction\":[{\"@type\":\"ReadAction\",\"target\":[\"https:\/\/euthanasiasleep.com\/privacy-policy-2\/\"]}]},{\"@type\":\"BreadcrumbList\",\"@id\":\"https:\/\/euthanasiasleep.com\/privacy-policy-2\/#breadcrumb\",\"itemListElement\":[{\"@type\":\"ListItem\",\"position\":1,\"name\":\"Home\",\"item\":\"https:\/\/euthanasiasleep.com\/\"},{\"@type\":\"ListItem\",\"position\":2,\"name\":\"PRIVACY &amp; POLICY\"}]},{\"@type\":\"WebSite\",\"@id\":\"https:\/\/euthanasiasleep.com\/#website\",\"url\":\"https:\/\/euthanasiasleep.com\/\",\"name\":\"Euthanasia Sleep\",\"description\":\"Euthanasia Sleep\",\"publisher\":{\"@id\":\"https:\/\/euthanasiasleep.com\/#organization\"},\"alternateName\":\"EuthanasiaSleep\",\"potentialAction\":[{\"@type\":\"SearchAction\",\"target\":{\"@type\":\"EntryPoint\",\"urlTemplate\":\"https:\/\/euthanasiasleep.com\/?s={search_term_string}\"},\"query-input\":{\"@type\":\"PropertyValueSpecification\",\"valueRequired\":true,\"valueName\":\"search_term_string\"}}],\"inLanguage\":\"de\"},{\"@type\":\"Organization\",\"@id\":\"https:\/\/euthanasiasleep.com\/#organization\",\"name\":\"Euthanasia Sleep\",\"alternateName\":\"EuthanasiaSleep\",\"url\":\"https:\/\/euthanasiasleep.com\/\",\"logo\":{\"@type\":\"ImageObject\",\"inLanguage\":\"de\",\"@id\":\"https:\/\/euthanasiasleep.com\/#\/schema\/logo\/image\/\",\"url\":\"https:\/\/euthanasiasleep.com\/wp-content\/uploads\/2025\/03\/kisspng-health-care-public-health-medicine-hospital-cupped-hands-5b5bed5c4cf652.0198420915327511963153.jpg\",\"contentUrl\":\"https:\/\/euthanasiasleep.com\/wp-content\/uploads\/2025\/03\/kisspng-health-care-public-health-medicine-hospital-cupped-hands-5b5bed5c4cf652.0198420915327511963153.jpg\",\"width\":900,\"height\":800,\"caption\":\"Euthanasia Sleep\"},\"image\":{\"@id\":\"https:\/\/euthanasiasleep.com\/#\/schema\/logo\/image\/\"}}]}<\/script>\n<!-- \/ Yoast SEO Premium plugin. -->","yoast_head_json":{"title":"PRIVACY &amp; POLICY - euthanasiasleep.com","robots":{"index":"index","follow":"follow","max-snippet":"max-snippet:-1","max-image-preview":"max-image-preview:large","max-video-preview":"max-video-preview:-1"},"canonical":"https:\/\/euthanasiasleep.com\/de\/privacy-policy-2\/","og_locale":"de_DE","og_type":"article","og_title":"PRIVACY &amp; POLICY","og_url":"https:\/\/euthanasiasleep.com\/de\/privacy-policy-2\/","og_site_name":"euthanasiasleep.com","article_modified_time":"2025-03-03T00:30:24+00:00","twitter_card":"summary_large_image","twitter_misc":{"Gesch\u00e4tzte Lesezeit":"2\u00a0Minuten"},"schema":{"@context":"https:\/\/schema.org","@graph":[{"@type":"WebPage","@id":"https:\/\/euthanasiasleep.com\/privacy-policy-2\/","url":"https:\/\/euthanasiasleep.com\/privacy-policy-2\/","name":"PRIVACY &amp; POLICY - euthanasiasleep.com","isPartOf":{"@id":"https:\/\/euthanasiasleep.com\/#website"},"datePublished":"2025-03-03T00:10:45+00:00","dateModified":"2025-03-03T00:30:24+00:00","breadcrumb":{"@id":"https:\/\/euthanasiasleep.com\/privacy-policy-2\/#breadcrumb"},"inLanguage":"de","potentialAction":[{"@type":"ReadAction","target":["https:\/\/euthanasiasleep.com\/privacy-policy-2\/"]}]},{"@type":"BreadcrumbList","@id":"https:\/\/euthanasiasleep.com\/privacy-policy-2\/#breadcrumb","itemListElement":[{"@type":"ListItem","position":1,"name":"Home","item":"https:\/\/euthanasiasleep.com\/"},{"@type":"ListItem","position":2,"name":"PRIVACY &amp; POLICY"}]},{"@type":"WebSite","@id":"https:\/\/euthanasiasleep.com\/#website","url":"https:\/\/euthanasiasleep.com\/","name":"Euthanasie Schlaf","description":"Euthanasie Schlaf","publisher":{"@id":"https:\/\/euthanasiasleep.com\/#organization"},"alternateName":"EuthanasiaSleep","potentialAction":[{"@type":"SearchAction","target":{"@type":"EntryPoint","urlTemplate":"https:\/\/euthanasiasleep.com\/?s={search_term_string}"},"query-input":{"@type":"PropertyValueSpecification","valueRequired":true,"valueName":"search_term_string"}}],"inLanguage":"de"},{"@type":"Organization","@id":"https:\/\/euthanasiasleep.com\/#organization","name":"Euthanasie Schlaf","alternateName":"EuthanasiaSleep","url":"https:\/\/euthanasiasleep.com\/","logo":{"@type":"ImageObject","inLanguage":"de","@id":"https:\/\/euthanasiasleep.com\/#\/schema\/logo\/image\/","url":"https:\/\/euthanasiasleep.com\/wp-content\/uploads\/2025\/03\/kisspng-health-care-public-health-medicine-hospital-cupped-hands-5b5bed5c4cf652.0198420915327511963153.jpg","contentUrl":"https:\/\/euthanasiasleep.com\/wp-content\/uploads\/2025\/03\/kisspng-health-care-public-health-medicine-hospital-cupped-hands-5b5bed5c4cf652.0198420915327511963153.jpg","width":900,"height":800,"caption":"Euthanasia Sleep"},"image":{"@id":"https:\/\/euthanasiasleep.com\/#\/schema\/logo\/image\/"}}]}},"_links":{"self":[{"href":"https:\/\/euthanasiasleep.com\/de\/wp-json\/wp\/v2\/pages\/98","targetHints":{"allow":["GET"]}}],"collection":[{"href":"https:\/\/euthanasiasleep.com\/de\/wp-json\/wp\/v2\/pages"}],"about":[{"href":"https:\/\/euthanasiasleep.com\/de\/wp-json\/wp\/v2\/types\/page"}],"author":[{"embeddable":true,"href":"https:\/\/euthanasiasleep.com\/de\/wp-json\/wp\/v2\/users\/1"}],"replies":[{"embeddable":true,"href":"https:\/\/euthanasiasleep.com\/de\/wp-json\/wp\/v2\/comments?post=98"}],"version-history":[{"count":3,"href":"https:\/\/euthanasiasleep.com\/de\/wp-json\/wp\/v2\/pages\/98\/revisions"}],"predecessor-version":[{"id":101,"href":"https:\/\/euthanasiasleep.com\/de\/wp-json\/wp\/v2\/pages\/98\/revisions\/101"}],"wp:attachment":[{"href":"https:\/\/euthanasiasleep.com\/de\/wp-json\/wp\/v2\/media?parent=98"}],"wp:term":[{"taxonomy":"category","embeddable":true,"href":"https:\/\/euthanasiasleep.com\/de\/wp-json\/wp\/v2\/categories?post=98"},{"taxonomy":"post_tag","embeddable":true,"href":"https:\/\/euthanasiasleep.com\/de\/wp-json\/wp\/v2\/tags?post=98"}],"curies":[{"name":"wp","href":"https:\/\/api.w.org\/{rel}","templated":true}]}}