{"id":103,"date":"2025-03-03T00:37:43","date_gmt":"2025-03-03T00:37:43","guid":{"rendered":"https:\/\/euthanasiasleep.com\/?page_id=103"},"modified":"2025-03-03T01:15:04","modified_gmt":"2025-03-03T01:15:04","slug":"shipping-policy","status":"publish","type":"page","link":"https:\/\/euthanasiasleep.com\/es\/shipping-policy\/","title":{"rendered":"pol\u00edtica de env\u00edos"},"content":{"rendered":"<section class=\"section\" id=\"section_1327030217\">\n\t\t<div class=\"section-bg fill\" >\n\t\t\t\t\t\t\t\t\t\n\t\t\t\n\n\t\t<\/div>\n\n\t\t\n\n\t\t<div class=\"section-content relative\">\n\t\t\t\n\n<div class=\"slider-wrapper relative\" id=\"slider-414425525\" >\n    <div class=\"slider slider-nav-circle slider-nav-large slider-nav-light slider-style-normal\"\n        data-flickity-options='{            \"cellAlign\": \"center\",            \"imagesLoaded\": true,            \"lazyLoad\": 1,            \"freeScroll\": false,            \"wrapAround\": true,            \"autoPlay\": 6000,            \"pauseAutoPlayOnHover\" : true,            \"prevNextButtons\": true,            \"contain\" : true,            \"adaptiveHeight\" : true,            \"dragThreshold\" : 10,            \"percentPosition\": true,            \"pageDots\": true,            \"rightToLeft\": false,            \"draggable\": true,            \"selectedAttraction\": 0.1,            \"parallax\" : 0,            \"friction\": 0.6        }'\n        >\n        \n\n\n  <div class=\"banner has-hover\" id=\"banner-130765591\">\n          <div class=\"banner-inner fill\">\n        <div class=\"banner-bg fill\" >\n            <img loading=\"lazy\" decoding=\"async\" width=\"1000\" height=\"600\" src=\"https:\/\/euthanasiasleep.com\/wp-content\/uploads\/2025\/03\/Delivery-1.png\" class=\"bg attachment-large size-large\" alt=\"\" \/>                        <div class=\"overlay\"><\/div>            \n                    <\/div>\n\t\t\n        <div class=\"banner-layers container\">\n            <div class=\"fill banner-link\"><\/div>            \n\n   <div id=\"text-box-91506863\" class=\"text-box banner-layer x50 md-x50 lg-x50 y50 md-y25 lg-y25 res-text\">\n                                <div class=\"text-box-content text dark\">\n              \n              <div class=\"text-inner text-center\">\n                  \n\n<h4 class=\"uppercase\">DESDE 2012<\/h4>\n<h2 class=\"uppercase\"><strong>ENTREGA R\u00c1PIDA<\/strong><\/h2>\n\n              <\/div>\n           <\/div>\n                            \n<style>\n#text-box-91506863 {\n  width: 80%;\n}\n#text-box-91506863 .text-box-content {\n  font-size: 100%;\n}\n<\/style>\n    <\/div>\n \n\n        <\/div>\n      <\/div>\n\n            \n<style>\n#banner-130765591 {\n  padding-top: 125px;\n}\n#banner-130765591 .overlay {\n  background-color: rgba(0,0,0,.5);\n}\n@media (min-width:550px) {\n  #banner-130765591 {\n    padding-top: 400px;\n  }\n}\n<\/style>\n  <\/div>\n\n\n\n     <\/div>\n\n     <div class=\"loading-spin dark large centered\"><\/div>\n\n\t<\/div>\n\n\n<div class=\"row\"  id=\"row-542061312\">\n\n\n\t<div id=\"col-1812700307\" class=\"col medium-6 small-12 large-6\"  >\n\t\t\t\t<div class=\"col-inner\"  >\n\t\t\t\n\t\t\t\n\n\t<div id=\"text-3921567607\" class=\"text\">\n\t\t\n\n<h3 class=\"title-subtitle subtitle-color-default subtitle-style-background wd-fontsize-xs\">Env\u00edos fiables y discretos en los que puede confiar<\/h3>\n\t\t\n<style>\n#text-3921567607 {\n  color: rgb(51, 175, 165);\n}\n#text-3921567607 > * {\n  color: rgb(51, 175, 165);\n}\n<\/style>\n\t<\/div>\n\t\n<ul>\n<li>En <strong>eutanasia sue\u00f1o<\/strong>Entendemos la importancia de un env\u00edo fiable, seguro y discreto. Nuestra pol\u00edtica de env\u00edos est\u00e1 dise\u00f1ada para garantizar que su pedido le llegue de forma segura, r\u00e1pida y conforme a la normativa aplicable.<\/li>\n<\/ul>\n\n\t\t<\/div>\n\t\t\t\t\t<\/div>\n\n\t\n\n\t<div id=\"col-1117427603\" class=\"col medium-6 small-12 large-6\"  >\n\t\t\t\t<div class=\"col-inner\"  >\n\t\t\t\n\t\t\t\n\n\t<div id=\"text-2377471918\" class=\"text\">\n\t\t\n\n<h3 class=\"title-subtitle subtitle-color-default subtitle-style-background wd-fontsize-xs\">Destinos de env\u00edo<\/h3>\n\t\t\n<style>\n#text-2377471918 {\n  color: rgb(51, 175, 165);\n}\n#text-2377471918 > * {\n  color: rgb(51, 175, 165);\n}\n<\/style>\n\t<\/div>\n\t\n<ul>\n<li>Realizamos env\u00edos a determinados pa\u00edses de Europa y otras regiones en las que el Nembutal est\u00e1 legalmente permitido. Pa\u00edses donde Nembutal es ilegal, enviamos los paquetes como un paquete discreto.<\/li>\n<li>Compruebe la normativa de su pa\u00eds antes de hacer un pedido.<\/li>\n<li>Puede encontrar los gastos de env\u00edo correspondientes a su localidad tanto en la p\u00e1gina del carrito como en la p\u00e1gina de pago.<\/li>\n<\/ul>\n\n\t\t<\/div>\n\t\t\t\t\t<\/div>\n\n\t\n\n<\/div>\n<div class=\"row\"  id=\"row-1609307542\">\n\n\n\t<div id=\"col-2104688250\" class=\"col small-12 large-12\"  >\n\t\t\t\t<div class=\"col-inner\"  >\n\t\t\t\n\t\t\t\n\n<div class=\"row\"  id=\"row-753455873\">\n\n\n\t<div id=\"col-1951964178\" class=\"col medium-6 small-12 large-6\"  >\n\t\t\t\t<div class=\"col-inner\"  >\n\t\t\t\n\t\t\t\n\n\t<div id=\"text-3820701893\" class=\"text\">\n\t\t\n\n<h3 class=\"title-subtitle subtitle-color-default subtitle-style-background wd-fontsize-xs\">M\u00e9todos de env\u00edo<\/h3>\n\t\t\n<style>\n#text-3820701893 {\n  color: rgb(255,255,255);\n}\n#text-3820701893 > * {\n  color: rgb(255,255,255);\n}\n<\/style>\n\t<\/div>\n\t\n\t<div id=\"gap-113982116\" class=\"gap-element clearfix\" style=\"display:block; height:auto;\">\n\t\t\n<style>\n#gap-113982116 {\n  padding-top: 30px;\n}\n<\/style>\n\t<\/div>\n\t\n\n\t<div id=\"text-3519787095\" class=\"text\">\n\t\t\n\n<p>Utilizamos servicios de mensajer\u00eda de confianza y buena reputaci\u00f3n para garantizar la entrega segura de su paquete. Todos los env\u00edos se embalan de forma segura para mayor discreci\u00f3n y protecci\u00f3n.<\/p>\n<ul>\n<li><strong>Env\u00edo est\u00e1ndar:<\/strong>\u00a0Entrega en 3-4 d\u00edas laborables.<\/li>\n<li><strong>Env\u00edo urgente:<\/strong>\u00a0Entrega en 1-2 d\u00edas laborables por un cargo adicional.<\/li>\n<li><strong>Informaci\u00f3n de seguimiento:<\/strong>\u00a0Todos los pedidos incluyen detalles de seguimiento para que pueda controlar su env\u00edo.<\/li>\n<\/ul>\n\t\t\n<style>\n#text-3519787095 {\n  color: rgb(255,255,255);\n}\n#text-3519787095 > * {\n  color: rgb(255,255,255);\n}\n<\/style>\n\t<\/div>\n\t\n\n\t\t<\/div>\n\t\t\t\t\t<\/div>\n\n\t\n\n\t<div id=\"col-4091661\" class=\"col medium-6 small-12 large-6\"  >\n\t\t\t\t<div class=\"col-inner\"  >\n\t\t\t\n\t\t\t\n\n\t<div id=\"text-3167593112\" class=\"text\">\n\t\t\n\n<h3 class=\"title-subtitle subtitle-color-default subtitle-style-background wd-fontsize-xs\"><strong>Gastos de env\u00edo<\/strong><\/h3>\n\t\t\n<style>\n#text-3167593112 {\n  color: rgb(255,255,255);\n}\n#text-3167593112 > * {\n  color: rgb(255,255,255);\n}\n<\/style>\n\t<\/div>\n\t\n\t<div id=\"gap-553388403\" class=\"gap-element clearfix\" style=\"display:block; height:auto;\">\n\t\t\n<style>\n#gap-553388403 {\n  padding-top: 30px;\n}\n<\/style>\n\t<\/div>\n\t\n\n\t<div id=\"text-3324463571\" class=\"text\">\n\t\t\n\n<div class=\"wd-negative-gap elementor-element elementor-element-833fdac e-flex e-con-boxed e-con e-parent e-lazyloaded\" data-id=\"833fdac\" data-element_type=\"container\" data-settings=\"{&quot;background_background&quot;:&quot;classic&quot;}\">\n<div class=\"e-con-inner\">\n<div class=\"elementor-element elementor-element-3ee470d e-con-full e-flex e-con e-child\" data-id=\"3ee470d\" data-element_type=\"container\">\n<div class=\"elementor-element elementor-element-42a7f2e wd-width-100 elementor-widget elementor-widget-wd_title\" data-id=\"42a7f2e\" data-element_type=\"widget\" data-widget_type=\"wd_title.default\">\n<div class=\"elementor-widget-container\">\n<div class=\"title-wrapper wd-set-mb reset-last-child wd-title-color-default wd-title-style-default wd-title-size-default text-left\">\n<div class=\"title-after_title reset-last-child wd-fontsize-xs\">\n<ul>\n<li>Los gastos de env\u00edo dependen de su ubicaci\u00f3n y del m\u00e9todo de env\u00edo que elija. El coste total se calcular\u00e1 y mostrar\u00e1 durante el proceso de compra.<\/li>\n<\/ul>\n<\/div>\n<\/div>\n<\/div>\n<\/div>\n<\/div>\n<\/div>\n<\/div>\n<div class=\"wd-negative-gap elementor-element elementor-element-0407097 e-flex e-con-boxed e-con e-parent e-lazyloaded\" data-id=\"0407097\" data-element_type=\"container\" data-settings=\"{&quot;background_background&quot;:&quot;classic&quot;}\">\n<div class=\"e-con-inner\">\n<div class=\"elementor-element elementor-element-2baa92f e-con-full e-flex e-con e-child\" data-id=\"2baa92f\" data-element_type=\"container\">\n<div class=\"elementor-element elementor-element-e2dd5be wd-width-100 elementor-widget elementor-widget-wd_title\" data-id=\"e2dd5be\" data-element_type=\"widget\" data-widget_type=\"wd_title.default\">\n<div class=\"elementor-widget-container\">\u00a0<\/div>\n<\/div>\n<\/div>\n<\/div>\n<\/div>\n\t\t\n<style>\n#text-3324463571 {\n  color: rgb(255,255,255);\n}\n#text-3324463571 > * {\n  color: rgb(255,255,255);\n}\n<\/style>\n\t<\/div>\n\t\n\n\t\t<\/div>\n\t\t\t\t\t<\/div>\n\n\t\n\n<\/div>\n\n\t\t<\/div>\n\t\t\t\t\t<\/div>\n\n\t\n\n\n<style>\n#row-1609307542 > .col > .col-inner {\n  background-color: rgb(67, 153, 161);\n}\n<\/style>\n<\/div>\n<div class=\"row\"  id=\"row-1735816472\">\n\n\n\t<div id=\"col-731150560\" class=\"col medium-6 small-12 large-6\"  >\n\t\t\t\t<div class=\"col-inner\"  >\n\t\t\t\n\t\t\t\n\n<h3 class=\"title-subtitle subtitle-color-default subtitle-style-background wd-fontsize-xs\"><strong>Env\u00edos da\u00f1ados o perdidos<\/strong><\/h3>\n<div class=\"elementor-element elementor-element-2baa92f e-con-full e-flex e-con e-child\" data-id=\"2baa92f\" data-element_type=\"container\">\n<div class=\"elementor-element elementor-element-e2dd5be wd-width-100 elementor-widget elementor-widget-wd_title\" data-id=\"e2dd5be\" data-element_type=\"widget\" data-widget_type=\"wd_title.default\">\n<div class=\"elementor-widget-container\">\n<div class=\"title-wrapper wd-set-mb reset-last-child wd-title-color-default wd-title-style-default wd-title-size-default text-left\">\n<div class=\"title-after_title reset-last-child wd-fontsize-xs\">\n<ul>\n<li>En el caso poco frecuente de que su paquete resulte da\u00f1ado o se pierda durante el transporte, p\u00f3ngase en contacto con nosotros inmediatamente. Trabajaremos con el servicio de mensajer\u00eda para resolver el problema y podremos ofrecerle una sustituci\u00f3n o un reembolso, seg\u00fan proceda.<\/li>\n<\/ul>\n<\/div>\n<\/div>\n<\/div>\n<\/div>\n<\/div>\n<div class=\"elementor-element elementor-element-2f881ac e-con-full e-flex e-con e-child\" data-id=\"2f881ac\" data-element_type=\"container\">\n<div class=\"elementor-element elementor-element-3a36926 wd-width-100 elementor-widget elementor-widget-wd_title\" data-id=\"3a36926\" data-element_type=\"widget\" data-widget_type=\"wd_title.default\">\n<div class=\"elementor-widget-container\">\u00a0<\/div>\n<\/div>\n<\/div>\n\n\t\t<\/div>\n\t\t\t\t\t<\/div>\n\n\t\n\n\t<div id=\"col-7825466\" class=\"col medium-6 small-12 large-6\"  >\n\t\t\t\t<div class=\"col-inner\"  >\n\t\t\t\n\t\t\t\n\n<h3 class=\"title-subtitle subtitle-color-default subtitle-style-background wd-fontsize-xs\">Su intimidad importa<\/h3>\n<div class=\"wd-negative-gap elementor-element elementor-element-0407097 e-flex e-con-boxed e-con e-parent e-lazyloaded\" data-id=\"0407097\" data-element_type=\"container\" data-settings=\"{&quot;background_background&quot;:&quot;classic&quot;}\">\n<div class=\"e-con-inner\">\n<div class=\"elementor-element elementor-element-2f881ac e-con-full e-flex e-con e-child\" data-id=\"2f881ac\" data-element_type=\"container\">\n<div class=\"elementor-element elementor-element-3a36926 wd-width-100 elementor-widget elementor-widget-wd_title\" data-id=\"3a36926\" data-element_type=\"widget\" data-widget_type=\"wd_title.default\">\n<div class=\"elementor-widget-container\">\n<div class=\"title-wrapper wd-set-mb reset-last-child wd-title-color-default wd-title-style-default wd-title-size-default text-left\">\n<div class=\"title-after_title reset-last-child wd-fontsize-xs\">\n<ul>\n<li>Todos los env\u00edos se empaquetan de forma discreta, sin ninguna referencia al contenido o a nuestra marca, lo que garantiza su privacidad en todo momento.<\/li>\n<\/ul>\n<\/div>\n<\/div>\n<\/div>\n<\/div>\n<\/div>\n<\/div>\n<\/div>\n<div class=\"wd-negative-gap elementor-element elementor-element-09cfb19 e-flex e-con-boxed e-con e-parent e-lazyloaded\" data-id=\"09cfb19\" data-element_type=\"container\" data-settings=\"{&quot;background_background&quot;:&quot;classic&quot;}\">\n<div class=\"e-con-inner\">\n<div class=\"elementor-element elementor-element-98e650d e-con-full e-flex e-con e-child\" data-id=\"98e650d\" data-element_type=\"container\">\n<div class=\"elementor-element elementor-element-d6c46f1 wd-width-100 elementor-widget elementor-widget-wd_title\" data-id=\"d6c46f1\" data-element_type=\"widget\" data-widget_type=\"wd_title.default\">\n<div class=\"elementor-widget-container\">\u00a0<\/div>\n<\/div>\n<\/div>\n<\/div>\n<\/div>\n\n\t\t<\/div>\n\t\t\t\t\t<\/div>\n\n\t\n\n<\/div>\n<div class=\"row\"  id=\"row-1689612331\">\n\n\n\t<div id=\"col-1691423319\" class=\"col medium-6 small-12 large-6\"  >\n\t\t\t\t<div class=\"col-inner\"  >\n\t\t\t\n\t\t\t\n\n\t<div id=\"text-677643303\" class=\"text\">\n\t\t\n\n<h3 class=\"title-subtitle subtitle-color-default subtitle-style-background wd-fontsize-xs\">Tiempo de procesamiento<\/h3>\n\t\t\n<style>\n#text-677643303 {\n  color: rgb(51, 175, 165);\n}\n#text-677643303 > * {\n  color: rgb(51, 175, 165);\n}\n<\/style>\n\t<\/div>\n\t\n\t<div id=\"text-170238167\" class=\"text\">\n\t\t\n\n<ul>\n<li>Los pedidos se tramitan inmediatamente despu\u00e9s de la confirmaci\u00f3n del pago.<\/li>\n<li>Una vez enviado el pedido, recibir\u00e1 un correo electr\u00f3nico de confirmaci\u00f3n con los datos de seguimiento.<\/li>\n<\/ul>\n\t\t\n<style>\n#text-170238167 {\n  color: rgb(51, 175, 165);\n}\n#text-170238167 > * {\n  color: rgb(51, 175, 165);\n}\n<\/style>\n\t<\/div>\n\t\n\n\t\t<\/div>\n\t\t\t\t\t<\/div>\n\n\t\n\n\t<div id=\"col-1451540400\" class=\"col medium-6 small-12 large-6\"  >\n\t\t\t\t<div class=\"col-inner\"  >\n\t\t\t\n\t\t\t\n\n\t<div id=\"text-181890346\" class=\"text\">\n\t\t\n\n<h3 class=\"title-subtitle subtitle-color-default subtitle-style-background wd-fontsize-xs\">Normativa aduanera y de importaci\u00f3n<\/h3>\n\t\t\n<style>\n#text-181890346 {\n  color: rgb(51, 175, 165);\n}\n#text-181890346 > * {\n  color: rgb(51, 175, 165);\n}\n<\/style>\n\t<\/div>\n\t\n\t<div id=\"text-3766342032\" class=\"text\">\n\t\t\n\n<div class=\"wd-negative-gap elementor-element elementor-element-09cfb19 e-flex e-con-boxed e-con e-parent e-lazyloaded\" data-id=\"09cfb19\" data-element_type=\"container\" data-settings=\"{&quot;background_background&quot;:&quot;classic&quot;}\">\n<div class=\"e-con-inner\">\n<div class=\"elementor-element elementor-element-ed56b21 e-con-full e-flex e-con e-child\" data-id=\"ed56b21\" data-element_type=\"container\">\n<div class=\"elementor-element elementor-element-a836510 wd-width-100 elementor-widget elementor-widget-wd_title\" data-id=\"a836510\" data-element_type=\"widget\" data-widget_type=\"wd_title.default\">\n<div class=\"elementor-widget-container\">\n<div class=\"title-wrapper wd-set-mb reset-last-child wd-title-color-default wd-title-style-default wd-title-size-default text-left\">\n<div class=\"title-after_title reset-last-child wd-fontsize-xs\">\n<ul>\n<li>Es responsabilidad del cliente conocer y cumplir las normas aduaneras y de importaci\u00f3n de su pa\u00eds. Aunque tomamos todas las precauciones para garantizar una entrega sin problemas, Nembutal Mann no se hace responsable de los retrasos o confiscaciones debidos a las leyes locales.<\/li>\n<\/ul>\n<\/div>\n<\/div>\n<\/div>\n<\/div>\n<\/div>\n<\/div>\n<\/div>\n<div class=\"wd-negative-gap elementor-element elementor-element-fad4b21 e-flex e-con-boxed e-con e-parent e-lazyloaded\" data-id=\"fad4b21\" data-element_type=\"container\">\u00a0<\/div>\n\t\t\n<style>\n#text-3766342032 {\n  color: rgb(51, 175, 165);\n}\n#text-3766342032 > * {\n  color: rgb(51, 175, 165);\n}\n<\/style>\n\t<\/div>\n\t\n\n\t\t<\/div>\n\t\t\t\t\t<\/div>\n\n\t\n\n<\/div>\n\n\t\t<\/div>\n\n\t\t\n<style>\n#section_1327030217 {\n  padding-top: 30px;\n  padding-bottom: 30px;\n}\n<\/style>\n\t<\/section>","protected":false},"excerpt":{"rendered":"","protected":false},"author":1,"featured_media":0,"parent":0,"menu_order":0,"comment_status":"closed","ping_status":"closed","template":"","meta":{"footnotes":""},"categories":[],"tags":[],"class_list":["post-103","page","type-page","status-publish","hentry"],"yoast_head":"<!-- This site is optimized with the Yoast SEO Premium plugin v26.2 (Yoast SEO v26.2) - https:\/\/yoast.com\/wordpress\/plugins\/seo\/ -->\n<title>shipping policy - euthanasiasleep.com<\/title>\n<meta name=\"robots\" content=\"index, follow, max-snippet:-1, max-image-preview:large, max-video-preview:-1\" \/>\n<link rel=\"canonical\" href=\"https:\/\/euthanasiasleep.com\/es\/shipping-policy\/\" \/>\n<meta property=\"og:locale\" content=\"es_MX\" \/>\n<meta property=\"og:type\" content=\"article\" \/>\n<meta property=\"og:title\" content=\"shipping policy\" \/>\n<meta property=\"og:url\" content=\"https:\/\/euthanasiasleep.com\/es\/shipping-policy\/\" \/>\n<meta property=\"og:site_name\" content=\"euthanasiasleep.com\" \/>\n<meta property=\"article:modified_time\" content=\"2025-03-03T01:15:04+00:00\" \/>\n<meta name=\"twitter:card\" content=\"summary_large_image\" \/>\n<meta name=\"twitter:label1\" content=\"Tiempo de lectura\" \/>\n\t<meta name=\"twitter:data1\" content=\"2 minutos\" \/>\n<script type=\"application\/ld+json\" class=\"yoast-schema-graph\">{\"@context\":\"https:\/\/schema.org\",\"@graph\":[{\"@type\":\"WebPage\",\"@id\":\"https:\/\/euthanasiasleep.com\/shipping-policy\/\",\"url\":\"https:\/\/euthanasiasleep.com\/shipping-policy\/\",\"name\":\"shipping policy - euthanasiasleep.com\",\"isPartOf\":{\"@id\":\"https:\/\/euthanasiasleep.com\/#website\"},\"datePublished\":\"2025-03-03T00:37:43+00:00\",\"dateModified\":\"2025-03-03T01:15:04+00:00\",\"breadcrumb\":{\"@id\":\"https:\/\/euthanasiasleep.com\/shipping-policy\/#breadcrumb\"},\"inLanguage\":\"es\",\"potentialAction\":[{\"@type\":\"ReadAction\",\"target\":[\"https:\/\/euthanasiasleep.com\/shipping-policy\/\"]}]},{\"@type\":\"BreadcrumbList\",\"@id\":\"https:\/\/euthanasiasleep.com\/shipping-policy\/#breadcrumb\",\"itemListElement\":[{\"@type\":\"ListItem\",\"position\":1,\"name\":\"Home\",\"item\":\"https:\/\/euthanasiasleep.com\/\"},{\"@type\":\"ListItem\",\"position\":2,\"name\":\"shipping policy\"}]},{\"@type\":\"WebSite\",\"@id\":\"https:\/\/euthanasiasleep.com\/#website\",\"url\":\"https:\/\/euthanasiasleep.com\/\",\"name\":\"Euthanasia Sleep\",\"description\":\"Euthanasia Sleep\",\"publisher\":{\"@id\":\"https:\/\/euthanasiasleep.com\/#organization\"},\"alternateName\":\"EuthanasiaSleep\",\"potentialAction\":[{\"@type\":\"SearchAction\",\"target\":{\"@type\":\"EntryPoint\",\"urlTemplate\":\"https:\/\/euthanasiasleep.com\/?s={search_term_string}\"},\"query-input\":{\"@type\":\"PropertyValueSpecification\",\"valueRequired\":true,\"valueName\":\"search_term_string\"}}],\"inLanguage\":\"es\"},{\"@type\":\"Organization\",\"@id\":\"https:\/\/euthanasiasleep.com\/#organization\",\"name\":\"Euthanasia Sleep\",\"alternateName\":\"EuthanasiaSleep\",\"url\":\"https:\/\/euthanasiasleep.com\/\",\"logo\":{\"@type\":\"ImageObject\",\"inLanguage\":\"es\",\"@id\":\"https:\/\/euthanasiasleep.com\/#\/schema\/logo\/image\/\",\"url\":\"https:\/\/euthanasiasleep.com\/wp-content\/uploads\/2025\/03\/kisspng-health-care-public-health-medicine-hospital-cupped-hands-5b5bed5c4cf652.0198420915327511963153.jpg\",\"contentUrl\":\"https:\/\/euthanasiasleep.com\/wp-content\/uploads\/2025\/03\/kisspng-health-care-public-health-medicine-hospital-cupped-hands-5b5bed5c4cf652.0198420915327511963153.jpg\",\"width\":900,\"height\":800,\"caption\":\"Euthanasia Sleep\"},\"image\":{\"@id\":\"https:\/\/euthanasiasleep.com\/#\/schema\/logo\/image\/\"}}]}<\/script>\n<!-- \/ Yoast SEO Premium plugin. -->","yoast_head_json":{"title":"shipping policy - euthanasiasleep.com","robots":{"index":"index","follow":"follow","max-snippet":"max-snippet:-1","max-image-preview":"max-image-preview:large","max-video-preview":"max-video-preview:-1"},"canonical":"https:\/\/euthanasiasleep.com\/es\/shipping-policy\/","og_locale":"es_MX","og_type":"article","og_title":"shipping policy","og_url":"https:\/\/euthanasiasleep.com\/es\/shipping-policy\/","og_site_name":"euthanasiasleep.com","article_modified_time":"2025-03-03T01:15:04+00:00","twitter_card":"summary_large_image","twitter_misc":{"Tiempo de lectura":"2 minutos"},"schema":{"@context":"https:\/\/schema.org","@graph":[{"@type":"WebPage","@id":"https:\/\/euthanasiasleep.com\/shipping-policy\/","url":"https:\/\/euthanasiasleep.com\/shipping-policy\/","name":"shipping policy - euthanasiasleep.com","isPartOf":{"@id":"https:\/\/euthanasiasleep.com\/#website"},"datePublished":"2025-03-03T00:37:43+00:00","dateModified":"2025-03-03T01:15:04+00:00","breadcrumb":{"@id":"https:\/\/euthanasiasleep.com\/shipping-policy\/#breadcrumb"},"inLanguage":"es","potentialAction":[{"@type":"ReadAction","target":["https:\/\/euthanasiasleep.com\/shipping-policy\/"]}]},{"@type":"BreadcrumbList","@id":"https:\/\/euthanasiasleep.com\/shipping-policy\/#breadcrumb","itemListElement":[{"@type":"ListItem","position":1,"name":"Home","item":"https:\/\/euthanasiasleep.com\/"},{"@type":"ListItem","position":2,"name":"shipping policy"}]},{"@type":"WebSite","@id":"https:\/\/euthanasiasleep.com\/#website","url":"https:\/\/euthanasiasleep.com\/","name":"Eutanasia Sue\u00f1o","description":"Eutanasia Sue\u00f1o","publisher":{"@id":"https:\/\/euthanasiasleep.com\/#organization"},"alternateName":"EuthanasiaSleep","potentialAction":[{"@type":"SearchAction","target":{"@type":"EntryPoint","urlTemplate":"https:\/\/euthanasiasleep.com\/?s={search_term_string}"},"query-input":{"@type":"PropertyValueSpecification","valueRequired":true,"valueName":"search_term_string"}}],"inLanguage":"es"},{"@type":"Organization","@id":"https:\/\/euthanasiasleep.com\/#organization","name":"Eutanasia Sue\u00f1o","alternateName":"EuthanasiaSleep","url":"https:\/\/euthanasiasleep.com\/","logo":{"@type":"ImageObject","inLanguage":"es","@id":"https:\/\/euthanasiasleep.com\/#\/schema\/logo\/image\/","url":"https:\/\/euthanasiasleep.com\/wp-content\/uploads\/2025\/03\/kisspng-health-care-public-health-medicine-hospital-cupped-hands-5b5bed5c4cf652.0198420915327511963153.jpg","contentUrl":"https:\/\/euthanasiasleep.com\/wp-content\/uploads\/2025\/03\/kisspng-health-care-public-health-medicine-hospital-cupped-hands-5b5bed5c4cf652.0198420915327511963153.jpg","width":900,"height":800,"caption":"Euthanasia Sleep"},"image":{"@id":"https:\/\/euthanasiasleep.com\/#\/schema\/logo\/image\/"}}]}},"_links":{"self":[{"href":"https:\/\/euthanasiasleep.com\/es\/wp-json\/wp\/v2\/pages\/103","targetHints":{"allow":["GET"]}}],"collection":[{"href":"https:\/\/euthanasiasleep.com\/es\/wp-json\/wp\/v2\/pages"}],"about":[{"href":"https:\/\/euthanasiasleep.com\/es\/wp-json\/wp\/v2\/types\/page"}],"author":[{"embeddable":true,"href":"https:\/\/euthanasiasleep.com\/es\/wp-json\/wp\/v2\/users\/1"}],"replies":[{"embeddable":true,"href":"https:\/\/euthanasiasleep.com\/es\/wp-json\/wp\/v2\/comments?post=103"}],"version-history":[{"count":6,"href":"https:\/\/euthanasiasleep.com\/es\/wp-json\/wp\/v2\/pages\/103\/revisions"}],"predecessor-version":[{"id":110,"href":"https:\/\/euthanasiasleep.com\/es\/wp-json\/wp\/v2\/pages\/103\/revisions\/110"}],"wp:attachment":[{"href":"https:\/\/euthanasiasleep.com\/es\/wp-json\/wp\/v2\/media?parent=103"}],"wp:term":[{"taxonomy":"category","embeddable":true,"href":"https:\/\/euthanasiasleep.com\/es\/wp-json\/wp\/v2\/categories?post=103"},{"taxonomy":"post_tag","embeddable":true,"href":"https:\/\/euthanasiasleep.com\/es\/wp-json\/wp\/v2\/tags?post=103"}],"curies":[{"name":"wp","href":"https:\/\/api.w.org\/{rel}","templated":true}]}}