{"id":112,"date":"2025-03-03T01:18:53","date_gmt":"2025-03-03T01:18:53","guid":{"rendered":"https:\/\/euthanasiasleep.com\/?page_id=112"},"modified":"2025-03-03T01:23:07","modified_gmt":"2025-03-03T01:23:07","slug":"terms-and-conditions","status":"publish","type":"page","link":"https:\/\/euthanasiasleep.com\/es\/terms-and-conditions\/","title":{"rendered":"Condiciones generales"},"content":{"rendered":"<section class=\"section\" id=\"section_858861472\">\n\t\t<div class=\"section-bg fill\" >\n\t\t\t\t\t\t\t\t\t\n\t\t\t\n\n\t\t<\/div>\n\n\t\t\n\n\t\t<div class=\"section-content relative\">\n\t\t\t\n\n<div class=\"row align-center\"  id=\"row-1653293280\">\n\n\n\t<div id=\"col-863512413\" class=\"col medium-10 small-12 large-10\"  >\n\t\t\t\t<div class=\"col-inner text-center\"  >\n\t\t\t\n\t\t\t\n\n\t<div id=\"text-184931816\" class=\"text\">\n\t\t\n\n<h2 class=\"wp-block-heading has-white-color has-text-color has-link-color\" style=\"text-align: left;\"><span data-text-color=\"primary\">Bienvenido a euthanasiasleep<\/span><\/h2>\n<p style=\"text-align: left;\">Estos T\u00e9rminos y Condiciones rigen el uso de nuestro sitio web, servicios y cualquier contenido proporcionado por Nembutal Mann. Al acceder o utilizar este sitio web, usted acepta cumplir estas condiciones. Le rogamos que las lea atentamente.<\/p>\n<h3 class=\"wp-block-heading has-text-color has-link-color\" style=\"text-align: left;\">I. Uso general<\/h3>\n<p style=\"text-align: left;\"><strong>I.1. Elegibilidad:<\/strong>\u00a0Debe tener al menos 18 a\u00f1os para acceder a nuestro sitio web.<br \/><strong>I.1. Prop\u00f3sito del contenido:<\/strong>\u00a0Toda la informaci\u00f3n contenida en este sitio web tiene \u00fanicamente fines educativos e informativos y no constituye asesoramiento m\u00e9dico.<\/p>\n<h3 class=\"wp-block-heading has-text-color has-link-color\" style=\"text-align: left;\"><strong>II. Propiedad intelectual<\/strong><\/h3>\n<p style=\"text-align: left;\"><strong>II.1. DERECHOS DE AUTOR Derechos de autor<\/strong>: Todo el contenido de este sitio web, incluidos textos, im\u00e1genes y elementos de dise\u00f1o, es propiedad de Nembutal Mann y est\u00e1 protegido por las leyes de propiedad intelectual.<br \/><strong>II.2. Restricciones:<\/strong>\u00a0Queda prohibido copiar, reproducir o distribuir cualquier material de este sitio web sin el consentimiento previo por escrito.<\/p>\n<h3 style=\"text-align: left;\"><strong>III. Responsabilidades del usuario<\/strong><\/h3>\n<p style=\"text-align: left;\"><strong>III.1. Informaci\u00f3n precisa:<\/strong>\u00a0Al utilizar nuestros servicios o enviar consultas, usted se compromete a facilitar informaci\u00f3n exacta y completa.<br \/><strong>III.2. ACCIONES PROHIBIDAS Acciones prohibidas:<\/strong>\u00a0Usted se compromete a no utilizar nuestro sitio web para actividades ilegales o que infrinjan la legislaci\u00f3n aplicable.<\/p>\n<hr \/>\n<h3 style=\"text-align: left;\"><strong>IV. Exenci\u00f3n de responsabilidad<\/strong><\/h3>\n<p style=\"text-align: left;\"><strong>IV.1 Sin garant\u00edas:<\/strong>\u00a0<strong>Nembutal Mann<\/strong>\u00a0no garantiza la exactitud ni la exhaustividad de la informaci\u00f3n facilitada en este sitio web.<br \/><strong>IV.2 Responsabilidad limitada:<\/strong>\u00a0No nos hacemos responsables de los da\u00f1os directos o indirectos derivados de su uso del sitio web.<\/p>\n<hr \/>\n<h3 style=\"text-align: left;\"><strong>V. Enlaces a sitios web de terceros<\/strong><\/h3>\n<p style=\"text-align: left;\">Nuestro sitio web puede incluir enlaces a sitios web de terceros con fines informativos. No avalamos ni asumimos responsabilidad alguna por el contenido de estos sitios web.<\/p>\n<hr \/>\n<h3 style=\"text-align: left;\"><strong>VI. Pol\u00edtica de privacidad<\/strong><\/h3>\n<p style=\"text-align: left;\">El uso de este sitio web tambi\u00e9n se rige por nuestra Pol\u00edtica de privacidad, que explica c\u00f3mo recopilamos, utilizamos y protegemos sus datos.<\/p>\n<hr \/>\n<h3 style=\"text-align: left;\"><strong>VII. Modificaci\u00f3n de las condiciones<\/strong><\/h3>\n<p style=\"text-align: left;\">Nos reservamos el derecho de actualizar o modificar estos T\u00e9rminos y Condiciones en cualquier momento sin previo aviso. Revise peri\u00f3dicamente esta p\u00e1gina para comprobar si se han producido cambios.<\/p>\n<h3 style=\"text-align: left;\"><strong>VIII. Derecho aplicable<\/strong><\/h3>\n<p style=\"text-align: left;\">Las presentes Condiciones Generales se regir\u00e1n e interpretar\u00e1n de conformidad con la legislaci\u00f3n de su jurisdicci\u00f3n.<\/p>\n\t\t\n<style>\n#text-184931816 {\n  color: rgb(38, 131, 123);\n}\n#text-184931816 > * {\n  color: rgb(38, 131, 123);\n}\n<\/style>\n\t<\/div>\n\t\n\n\t\t<\/div>\n\t\t\t\t\t<\/div>\n\n\t\n\n<\/div>\n\n\t\t<\/div>\n\n\t\t\n<style>\n#section_858861472 {\n  padding-top: 60px;\n  padding-bottom: 60px;\n  min-height: 300px;\n}\n<\/style>\n\t<\/section>","protected":false},"excerpt":{"rendered":"","protected":false},"author":1,"featured_media":0,"parent":0,"menu_order":0,"comment_status":"closed","ping_status":"closed","template":"","meta":{"footnotes":""},"categories":[],"tags":[],"class_list":["post-112","page","type-page","status-publish","hentry"],"yoast_head":"<!-- This site is optimized with the Yoast SEO Premium plugin v26.2 (Yoast SEO v26.2) - https:\/\/yoast.com\/wordpress\/plugins\/seo\/ -->\n<title>Terms and Conditions - euthanasiasleep.com<\/title>\n<meta name=\"robots\" content=\"index, follow, max-snippet:-1, max-image-preview:large, max-video-preview:-1\" \/>\n<link rel=\"canonical\" href=\"https:\/\/euthanasiasleep.com\/es\/terms-and-conditions\/\" \/>\n<meta property=\"og:locale\" content=\"es_MX\" \/>\n<meta property=\"og:type\" content=\"article\" \/>\n<meta property=\"og:title\" content=\"Terms and Conditions\" \/>\n<meta property=\"og:url\" content=\"https:\/\/euthanasiasleep.com\/es\/terms-and-conditions\/\" \/>\n<meta property=\"og:site_name\" content=\"euthanasiasleep.com\" \/>\n<meta property=\"article:modified_time\" content=\"2025-03-03T01:23:07+00:00\" \/>\n<meta name=\"twitter:card\" content=\"summary_large_image\" \/>\n<meta name=\"twitter:label1\" content=\"Tiempo de lectura\" \/>\n\t<meta name=\"twitter:data1\" content=\"2 minutos\" \/>\n<script type=\"application\/ld+json\" class=\"yoast-schema-graph\">{\"@context\":\"https:\/\/schema.org\",\"@graph\":[{\"@type\":\"WebPage\",\"@id\":\"https:\/\/euthanasiasleep.com\/terms-and-conditions\/\",\"url\":\"https:\/\/euthanasiasleep.com\/terms-and-conditions\/\",\"name\":\"Terms and Conditions - euthanasiasleep.com\",\"isPartOf\":{\"@id\":\"https:\/\/euthanasiasleep.com\/#website\"},\"datePublished\":\"2025-03-03T01:18:53+00:00\",\"dateModified\":\"2025-03-03T01:23:07+00:00\",\"breadcrumb\":{\"@id\":\"https:\/\/euthanasiasleep.com\/terms-and-conditions\/#breadcrumb\"},\"inLanguage\":\"es\",\"potentialAction\":[{\"@type\":\"ReadAction\",\"target\":[\"https:\/\/euthanasiasleep.com\/terms-and-conditions\/\"]}]},{\"@type\":\"BreadcrumbList\",\"@id\":\"https:\/\/euthanasiasleep.com\/terms-and-conditions\/#breadcrumb\",\"itemListElement\":[{\"@type\":\"ListItem\",\"position\":1,\"name\":\"Home\",\"item\":\"https:\/\/euthanasiasleep.com\/\"},{\"@type\":\"ListItem\",\"position\":2,\"name\":\"Terms and Conditions\"}]},{\"@type\":\"WebSite\",\"@id\":\"https:\/\/euthanasiasleep.com\/#website\",\"url\":\"https:\/\/euthanasiasleep.com\/\",\"name\":\"Euthanasia Sleep\",\"description\":\"Euthanasia Sleep\",\"publisher\":{\"@id\":\"https:\/\/euthanasiasleep.com\/#organization\"},\"alternateName\":\"EuthanasiaSleep\",\"potentialAction\":[{\"@type\":\"SearchAction\",\"target\":{\"@type\":\"EntryPoint\",\"urlTemplate\":\"https:\/\/euthanasiasleep.com\/?s={search_term_string}\"},\"query-input\":{\"@type\":\"PropertyValueSpecification\",\"valueRequired\":true,\"valueName\":\"search_term_string\"}}],\"inLanguage\":\"es\"},{\"@type\":\"Organization\",\"@id\":\"https:\/\/euthanasiasleep.com\/#organization\",\"name\":\"Euthanasia Sleep\",\"alternateName\":\"EuthanasiaSleep\",\"url\":\"https:\/\/euthanasiasleep.com\/\",\"logo\":{\"@type\":\"ImageObject\",\"inLanguage\":\"es\",\"@id\":\"https:\/\/euthanasiasleep.com\/#\/schema\/logo\/image\/\",\"url\":\"https:\/\/euthanasiasleep.com\/wp-content\/uploads\/2025\/03\/kisspng-health-care-public-health-medicine-hospital-cupped-hands-5b5bed5c4cf652.0198420915327511963153.jpg\",\"contentUrl\":\"https:\/\/euthanasiasleep.com\/wp-content\/uploads\/2025\/03\/kisspng-health-care-public-health-medicine-hospital-cupped-hands-5b5bed5c4cf652.0198420915327511963153.jpg\",\"width\":900,\"height\":800,\"caption\":\"Euthanasia Sleep\"},\"image\":{\"@id\":\"https:\/\/euthanasiasleep.com\/#\/schema\/logo\/image\/\"}}]}<\/script>\n<!-- \/ Yoast SEO Premium plugin. -->","yoast_head_json":{"title":"Terms and Conditions - euthanasiasleep.com","robots":{"index":"index","follow":"follow","max-snippet":"max-snippet:-1","max-image-preview":"max-image-preview:large","max-video-preview":"max-video-preview:-1"},"canonical":"https:\/\/euthanasiasleep.com\/es\/terms-and-conditions\/","og_locale":"es_MX","og_type":"article","og_title":"Terms and Conditions","og_url":"https:\/\/euthanasiasleep.com\/es\/terms-and-conditions\/","og_site_name":"euthanasiasleep.com","article_modified_time":"2025-03-03T01:23:07+00:00","twitter_card":"summary_large_image","twitter_misc":{"Tiempo de lectura":"2 minutos"},"schema":{"@context":"https:\/\/schema.org","@graph":[{"@type":"WebPage","@id":"https:\/\/euthanasiasleep.com\/terms-and-conditions\/","url":"https:\/\/euthanasiasleep.com\/terms-and-conditions\/","name":"Terms and Conditions - euthanasiasleep.com","isPartOf":{"@id":"https:\/\/euthanasiasleep.com\/#website"},"datePublished":"2025-03-03T01:18:53+00:00","dateModified":"2025-03-03T01:23:07+00:00","breadcrumb":{"@id":"https:\/\/euthanasiasleep.com\/terms-and-conditions\/#breadcrumb"},"inLanguage":"es","potentialAction":[{"@type":"ReadAction","target":["https:\/\/euthanasiasleep.com\/terms-and-conditions\/"]}]},{"@type":"BreadcrumbList","@id":"https:\/\/euthanasiasleep.com\/terms-and-conditions\/#breadcrumb","itemListElement":[{"@type":"ListItem","position":1,"name":"Home","item":"https:\/\/euthanasiasleep.com\/"},{"@type":"ListItem","position":2,"name":"Terms and Conditions"}]},{"@type":"WebSite","@id":"https:\/\/euthanasiasleep.com\/#website","url":"https:\/\/euthanasiasleep.com\/","name":"Eutanasia Sue\u00f1o","description":"Eutanasia Sue\u00f1o","publisher":{"@id":"https:\/\/euthanasiasleep.com\/#organization"},"alternateName":"EuthanasiaSleep","potentialAction":[{"@type":"SearchAction","target":{"@type":"EntryPoint","urlTemplate":"https:\/\/euthanasiasleep.com\/?s={search_term_string}"},"query-input":{"@type":"PropertyValueSpecification","valueRequired":true,"valueName":"search_term_string"}}],"inLanguage":"es"},{"@type":"Organization","@id":"https:\/\/euthanasiasleep.com\/#organization","name":"Eutanasia Sue\u00f1o","alternateName":"EuthanasiaSleep","url":"https:\/\/euthanasiasleep.com\/","logo":{"@type":"ImageObject","inLanguage":"es","@id":"https:\/\/euthanasiasleep.com\/#\/schema\/logo\/image\/","url":"https:\/\/euthanasiasleep.com\/wp-content\/uploads\/2025\/03\/kisspng-health-care-public-health-medicine-hospital-cupped-hands-5b5bed5c4cf652.0198420915327511963153.jpg","contentUrl":"https:\/\/euthanasiasleep.com\/wp-content\/uploads\/2025\/03\/kisspng-health-care-public-health-medicine-hospital-cupped-hands-5b5bed5c4cf652.0198420915327511963153.jpg","width":900,"height":800,"caption":"Euthanasia Sleep"},"image":{"@id":"https:\/\/euthanasiasleep.com\/#\/schema\/logo\/image\/"}}]}},"_links":{"self":[{"href":"https:\/\/euthanasiasleep.com\/es\/wp-json\/wp\/v2\/pages\/112","targetHints":{"allow":["GET"]}}],"collection":[{"href":"https:\/\/euthanasiasleep.com\/es\/wp-json\/wp\/v2\/pages"}],"about":[{"href":"https:\/\/euthanasiasleep.com\/es\/wp-json\/wp\/v2\/types\/page"}],"author":[{"embeddable":true,"href":"https:\/\/euthanasiasleep.com\/es\/wp-json\/wp\/v2\/users\/1"}],"replies":[{"embeddable":true,"href":"https:\/\/euthanasiasleep.com\/es\/wp-json\/wp\/v2\/comments?post=112"}],"version-history":[{"count":2,"href":"https:\/\/euthanasiasleep.com\/es\/wp-json\/wp\/v2\/pages\/112\/revisions"}],"predecessor-version":[{"id":114,"href":"https:\/\/euthanasiasleep.com\/es\/wp-json\/wp\/v2\/pages\/112\/revisions\/114"}],"wp:attachment":[{"href":"https:\/\/euthanasiasleep.com\/es\/wp-json\/wp\/v2\/media?parent=112"}],"wp:term":[{"taxonomy":"category","embeddable":true,"href":"https:\/\/euthanasiasleep.com\/es\/wp-json\/wp\/v2\/categories?post=112"},{"taxonomy":"post_tag","embeddable":true,"href":"https:\/\/euthanasiasleep.com\/es\/wp-json\/wp\/v2\/tags?post=112"}],"curies":[{"name":"wp","href":"https:\/\/api.w.org\/{rel}","templated":true}]}}