{"id":116,"date":"2025-03-03T01:25:18","date_gmt":"2025-03-03T01:25:18","guid":{"rendered":"https:\/\/euthanasiasleep.com\/?page_id=116"},"modified":"2025-03-03T01:39:16","modified_gmt":"2025-03-03T01:39:16","slug":"refund-and-return-policy","status":"publish","type":"page","link":"https:\/\/euthanasiasleep.com\/es\/refund-and-return-policy\/","title":{"rendered":"Pol\u00edtica de devoluciones y reembolsos"},"content":{"rendered":"<div class=\"banner has-hover\" id=\"banner-815039226\">\n          <div class=\"banner-inner fill\">\n        <div class=\"banner-bg fill\" >\n            <img loading=\"lazy\" decoding=\"async\" width=\"372\" height=\"248\" src=\"https:\/\/euthanasiasleep.com\/wp-content\/uploads\/2025\/03\/towfiqu-barbhuiya-w8p9cQDLX7I-unsplash-1-768x512-372x.webp\" class=\"bg attachment-large size-large\" alt=\"\" \/>                        <div class=\"overlay\"><\/div>            \n                    <\/div>\n\t\t\n        <div class=\"banner-layers container\">\n            <div class=\"fill banner-link\"><\/div>            \n\n   <div id=\"text-box-862883740\" class=\"text-box banner-layer x50 md-x50 lg-x50 y50 md-y50 lg-y50 res-text\">\n                                <div class=\"text-box-content text dark\">\n              \n              <div class=\"text-inner text-center\">\n                  \n\n\t<div id=\"text-3430574873\" class=\"text\">\n\t\t\n\n<h1 class=\"entry-title title\">Pol\u00edtica de devoluciones y reembolsos<\/h1>\n\t\t\n<style>\n#text-3430574873 {\n  font-size: 0.9rem;\n}\n<\/style>\n\t<\/div>\n\t\n\n              <\/div>\n           <\/div>\n                            \n<style>\n#text-box-862883740 {\n  width: 60%;\n}\n#text-box-862883740 .text-box-content {\n  font-size: 100%;\n}\n<\/style>\n    <\/div>\n \n\n        <\/div>\n      <\/div>\n\n            \n<style>\n#banner-815039226 {\n  padding-top: 186px;\n}\n#banner-815039226 .overlay {\n  background-color: rgba(0, 0, 0, 0.872);\n}\n#banner-815039226 .banner-bg img {\n  object-position: 45% 51%;\n}\n<\/style>\n  <\/div>\n\n\n\n\t<section class=\"section\" id=\"section_660590897\">\n\t\t<div class=\"section-bg fill\" >\n\t\t\t\t\t\t\t\t\t\n\t\t\t\n\n\t\t<\/div>\n\n\t\t\n\n\t\t<div class=\"section-content relative\">\n\t\t\t\n\n<div class=\"row align-center\"  id=\"row-1729855538\">\n\n\n\t<div id=\"col-2067472557\" class=\"col medium-10 small-12 large-10\"  >\n\t\t\t\t<div class=\"col-inner text-center\"  >\n\t\t\t\n\t\t\t\n\n<div class=\"elementor-element elementor-element-050d4fa wd-width-100 elementor-widget elementor-widget-wd_title\" data-id=\"050d4fa\" data-element_type=\"widget\" data-widget_type=\"wd_title.default\">\n<div class=\"elementor-widget-container\">\n<div class=\"title-wrapper wd-set-mb reset-last-child wd-title-color-default wd-title-style-default wd-title-size-default text-left\">\n<div class=\"title-subtitle subtitle-color-default subtitle-style-background wd-fontsize-xs\"><span data-text-color=\"primary\">Cliente\u00a0<strong>Satisfacci\u00f3n garantizada<\/strong><\/span><\/div>\n<div class=\"liner-continer\">\n<h4 class=\"woodmart-title-container title wd-fontsize-l\">\u00a0<\/h4>\n<\/div>\n<div class=\"title-after_title reset-last-child wd-fontsize-xs\">\n<ul>\n<li><span data-text-color=\"primary\">En\u00a0<a href=\"http:\/\/euthanasiasleep.com\/es\/\"><strong>eutanasiasue\u00f1o<\/strong><\/a>Nos esforzamos por garantizar una experiencia sin problemas a nuestros clientes. Si no est\u00e1 satisfecho con su compra o tiene alg\u00fan problema, nuestra Pol\u00edtica de devoluciones y reembolsos describe sus derechos y c\u00f3mo podemos ayudarle.<\/span><\/li>\n<li><span data-text-color=\"primary\">Puede conectarse a la p\u00e1gina de su cuenta para ver el pedido que desea devolver.<\/span><\/li>\n<\/ul>\n<\/div>\n<\/div>\n<\/div>\n<\/div>\n<div class=\"elementor-element elementor-element-b42523b elementor-widget-divider--view-line elementor-widget elementor-widget-divider\" data-id=\"b42523b\" data-element_type=\"widget\" data-widget_type=\"divider.default\">\n<div class=\"elementor-widget-container\">\n<div class=\"elementor-divider\">\u00a0<\/div>\n<\/div>\n<\/div>\n<div class=\"elementor-element elementor-element-8c295c6 wd-width-100 elementor-widget elementor-widget-wd_title\" data-id=\"8c295c6\" data-element_type=\"widget\" data-widget_type=\"wd_title.default\">\n<div class=\"elementor-widget-container\">\n<div class=\"title-wrapper wd-set-mb reset-last-child wd-title-color-default wd-title-style-default wd-title-size-default text-left\">\n<div class=\"title-subtitle subtitle-color-default subtitle-style-background wd-fontsize-xs\"><span data-text-color=\"primary\">Requisitos para las devoluciones<\/span><\/div>\n<div class=\"liner-continer\">\n<h4 class=\"woodmart-title-container title wd-fontsize-l\">\u00a0<\/h4>\n<\/div>\n<div class=\"title-after_title reset-last-child wd-fontsize-xs\">\n<ul>\n<li>\n<p><span data-text-color=\"primary\">Aceptamos devoluciones bajo las siguientes condiciones:<\/span><\/p>\n<ul>\n<li><span data-text-color=\"primary\">El producto est\u00e1 sin usar, sin abrir y en su embalaje original.<\/span><\/li>\n<li><span data-text-color=\"primary\">La solicitud de devoluci\u00f3n se inicia en un plazo de 14 d\u00edas a partir de la entrega.<\/span><\/li>\n<li><span data-text-color=\"primary\">Se presenta un justificante de compra, como una confirmaci\u00f3n de pedido o un recibo.<\/span><\/li>\n<\/ul>\n<p><span data-text-color=\"primary\"><strong>Nota:<\/strong>\u00a0Es posible que algunos art\u00edculos no puedan devolverse por motivos de seguridad o normativos. P\u00f3ngase en contacto con nuestro equipo de asistencia para obtener aclaraciones.<\/span><\/p>\n<\/li>\n<\/ul>\n<\/div>\n<\/div>\n<\/div>\n<\/div>\n<div class=\"elementor-element elementor-element-911a669 elementor-widget-divider--view-line elementor-widget elementor-widget-divider\" data-id=\"911a669\" data-element_type=\"widget\" data-widget_type=\"divider.default\">\n<div class=\"elementor-widget-container\">\n<div class=\"elementor-divider\">\u00a0<\/div>\n<\/div>\n<\/div>\n<div class=\"elementor-element elementor-element-0e402dd wd-width-100 elementor-widget elementor-widget-wd_title\" data-id=\"0e402dd\" data-element_type=\"widget\" data-widget_type=\"wd_title.default\">\n<div class=\"elementor-widget-container\">\n<div class=\"title-wrapper wd-set-mb reset-last-child wd-title-color-default wd-title-style-default wd-title-size-default text-left\">\n<div class=\"title-subtitle subtitle-color-default subtitle-style-background wd-fontsize-xs\"><span data-text-color=\"primary\">Pol\u00edtica de reembolso<\/span><\/div>\n<div class=\"liner-continer\">\n<h4 class=\"woodmart-title-container title wd-fontsize-l\">\u00a0<\/h4>\n<\/div>\n<div class=\"title-after_title reset-last-child wd-fontsize-xs\">\n<p><span data-text-color=\"primary\">Se reembolsan las devoluciones aprobadas con arreglo a estas directrices:<\/span><\/p>\n<ul>\n<li><span data-text-color=\"primary\"><strong>Reembolso \u00edntegro:<\/strong>\u00a0Se expide para art\u00edculos devueltos en su estado original.<\/span><\/li>\n<li><span data-text-color=\"primary\"><strong>Reembolsos parciales:<\/strong>\u00a0Se aplica a los art\u00edculos que han sufrido da\u00f1os durante el transporte o a los que les faltan componentes.<\/span><\/li>\n<\/ul>\n<p><span data-text-color=\"primary\">Los reembolsos se tramitar\u00e1n en un plazo de 5 a 10 d\u00edas laborables tras la recepci\u00f3n e inspecci\u00f3n del art\u00edculo devuelto.<\/span><\/p>\n<p>\u00a0<\/p>\n<\/div>\n<\/div>\n<\/div>\n<\/div>\n<div class=\"elementor-element elementor-element-da64a50 wd-width-100 elementor-widget elementor-widget-wd_title\" data-id=\"da64a50\" data-element_type=\"widget\" data-widget_type=\"wd_title.default\">\n<div class=\"elementor-widget-container\">\n<div class=\"title-wrapper wd-set-mb reset-last-child wd-title-color-default wd-title-style-default wd-title-size-default text-left\">\n<div class=\"liner-continer\">\n<h4 class=\"woodmart-title-container title wd-fontsize-l\"><span data-text-color=\"primary\">C\u00f3mo solicitar una devoluci\u00f3n o reembolso<\/span><\/h4>\n<\/div>\n<div class=\"title-after_title reset-last-child wd-fontsize-xs\">\n<ol>\n<li><span data-text-color=\"primary\"><strong>Contacte con nosotros<\/strong>: Env\u00edenos un correo electr\u00f3nico a\u00a0<strong><a rel=\"noopener\">service@nembutalman.com<\/a><\/strong>\u00a0o utilice nuestro formulario de contacto para iniciar el proceso.<\/span><\/li>\n<li><span data-text-color=\"primary\"><strong>M\u00e1s informaci\u00f3n<\/strong>: Incluya su n\u00famero de pedido, el motivo de la devoluci\u00f3n y las fotos pertinentes (si procede).<\/span><\/li>\n<li><span data-text-color=\"primary\"><strong>Autorizaci\u00f3n de devoluci\u00f3n<\/strong>: Espere una autorizaci\u00f3n de devoluci\u00f3n y las instrucciones de env\u00edo de nuestro equipo de soporte.<\/span><\/li>\n<li><span data-text-color=\"primary\"><strong>Enviar el art\u00edculo<\/strong>: Embale el producto de forma segura y env\u00edelo a la direcci\u00f3n indicada.<\/span><\/li>\n<\/ol>\n<\/div>\n<\/div>\n<\/div>\n<\/div>\n<div class=\"elementor-element elementor-element-8319d8c elementor-widget-divider--view-line elementor-widget elementor-widget-divider\" data-id=\"8319d8c\" data-element_type=\"widget\" data-widget_type=\"divider.default\">\n<div class=\"elementor-widget-container\">\n<div class=\"elementor-divider\">\u00a0<\/div>\n<\/div>\n<\/div>\n<div class=\"elementor-element elementor-element-859d9d1 wd-width-100 elementor-widget elementor-widget-wd_title\" data-id=\"859d9d1\" data-element_type=\"widget\" data-widget_type=\"wd_title.default\">\n<div class=\"elementor-widget-container\">\n<div class=\"title-wrapper wd-set-mb reset-last-child wd-title-color-default wd-title-style-default wd-title-size-default text-left\">\n<div class=\"title-subtitle subtitle-color-default subtitle-style-background wd-fontsize-xs\"><span data-text-color=\"primary\">Gastos de env\u00edo para devoluciones<\/span><\/div>\n<div class=\"liner-continer\">\n<h4 class=\"woodmart-title-container title wd-fontsize-l\">\u00a0<\/h4>\n<\/div>\n<div class=\"title-after_title reset-last-child wd-fontsize-xs\">\n<ul>\n<li><span data-text-color=\"primary\">Los gastos de env\u00edo de la devoluci\u00f3n correr\u00e1n a cargo del cliente, a menos que la devoluci\u00f3n se deba a un error por nuestra parte (por ejemplo, env\u00edo de un art\u00edculo equivocado).<\/span><\/li>\n<li><span data-text-color=\"primary\">Recomendamos utilizar un m\u00e9todo de env\u00edo rastreable para garantizar una entrega segura.<\/span><\/li>\n<\/ul>\n<\/div>\n<\/div>\n<\/div>\n<\/div>\n<div class=\"elementor-element elementor-element-b2f8309 elementor-widget-divider--view-line elementor-widget elementor-widget-divider\" data-id=\"b2f8309\" data-element_type=\"widget\" data-widget_type=\"divider.default\">\n<div class=\"elementor-widget-container\">\n<div class=\"elementor-divider\">\u00a0<\/div>\n<\/div>\n<\/div>\n<div class=\"elementor-element elementor-element-7687650 wd-width-100 elementor-widget elementor-widget-wd_title\" data-id=\"7687650\" data-element_type=\"widget\" data-widget_type=\"wd_title.default\">\n<div class=\"elementor-widget-container\">\n<div class=\"title-wrapper wd-set-mb reset-last-child wd-title-color-default wd-title-style-default wd-title-size-default text-left\">\n<div class=\"title-subtitle subtitle-color-default subtitle-style-background wd-fontsize-xs\"><span data-text-color=\"primary\">Art\u00edculos no reembolsables<\/span><\/div>\n<div class=\"liner-continer\">\n<h4 class=\"woodmart-title-container title wd-fontsize-l\">\u00a0<\/h4>\n<\/div>\n<div class=\"title-after_title reset-last-child wd-fontsize-xs\">\n<p><span data-text-color=\"primary\">No ofrecemos reembolsos por:<\/span><\/p>\n<ul>\n<li><span data-text-color=\"primary\">Productos adquiridos sin autorizaci\u00f3n previa.<\/span><\/li>\n<li><span data-text-color=\"primary\">Objetos usados, abiertos o manipulados.<\/span><\/li>\n<li><span data-text-color=\"primary\">Pedidos retenidos o confiscados por las aduanas debido a cuestiones reglamentarias.<\/span><\/li>\n<\/ul>\n<p>\u00a0<\/p>\n<\/div>\n<\/div>\n<\/div>\n<\/div>\n<div class=\"elementor-element elementor-element-48d0e82 elementor-widget-divider--view-line elementor-widget elementor-widget-divider\" data-id=\"48d0e82\" data-element_type=\"widget\" data-widget_type=\"divider.default\">\n<div class=\"elementor-widget-container\">\n<div class=\"elementor-divider\">\u00a0<\/div>\n<\/div>\n<\/div>\n<div class=\"elementor-element elementor-element-c9dff48 wd-width-100 elementor-widget elementor-widget-wd_title\" data-id=\"c9dff48\" data-element_type=\"widget\" data-widget_type=\"wd_title.default\">\n<div class=\"elementor-widget-container\">\n<div class=\"title-wrapper wd-set-mb reset-last-child wd-title-color-default wd-title-style-default wd-title-size-default text-left\">\n<div class=\"title-subtitle subtitle-color-default subtitle-style-background wd-fontsize-xs\"><span data-text-color=\"primary\">Productos da\u00f1ados o defectuosos<\/span><\/div>\n<div class=\"liner-continer\">\n<h4 class=\"woodmart-title-container title wd-fontsize-l\">\u00a0<\/h4>\n<\/div>\n<div class=\"title-after_title reset-last-child wd-fontsize-xs\">\n<ul>\n<li><span data-text-color=\"primary\">Si recibe un producto da\u00f1ado o defectuoso, p\u00f3ngase en contacto con nosotros inmediatamente. Es posible que le ofrezcamos un reemplazo o un reembolso completo, dependiendo de la situaci\u00f3n.<\/span><\/li>\n<\/ul>\n<\/div>\n<\/div>\n<\/div>\n<\/div>\n\n\t\t<\/div>\n\t\t\t\t\t<\/div>\n\n\t\n\n<\/div>\n\n\t\t<\/div>\n\n\t\t\n<style>\n#section_660590897 {\n  padding-top: 60px;\n  padding-bottom: 60px;\n  min-height: 300px;\n  background-color: rgb(0, 0, 0);\n}\n<\/style>\n\t<\/section>","protected":false},"excerpt":{"rendered":"","protected":false},"author":1,"featured_media":0,"parent":0,"menu_order":0,"comment_status":"closed","ping_status":"closed","template":"","meta":{"footnotes":""},"categories":[],"tags":[],"class_list":["post-116","page","type-page","status-publish","hentry"],"yoast_head":"<!-- This site is optimized with the Yoast SEO Premium plugin v26.2 (Yoast SEO v26.2) - https:\/\/yoast.com\/wordpress\/plugins\/seo\/ -->\n<title>Refund and Return Policy - euthanasiasleep.com<\/title>\n<meta name=\"robots\" content=\"index, follow, max-snippet:-1, max-image-preview:large, max-video-preview:-1\" \/>\n<link rel=\"canonical\" href=\"https:\/\/euthanasiasleep.com\/es\/refund-and-return-policy\/\" \/>\n<meta property=\"og:locale\" content=\"es_MX\" \/>\n<meta property=\"og:type\" content=\"article\" \/>\n<meta property=\"og:title\" content=\"Refund and Return Policy\" \/>\n<meta property=\"og:url\" content=\"https:\/\/euthanasiasleep.com\/es\/refund-and-return-policy\/\" \/>\n<meta property=\"og:site_name\" content=\"euthanasiasleep.com\" \/>\n<meta property=\"article:modified_time\" content=\"2025-03-03T01:39:16+00:00\" \/>\n<meta name=\"twitter:card\" content=\"summary_large_image\" \/>\n<meta name=\"twitter:label1\" content=\"Tiempo de lectura\" \/>\n\t<meta name=\"twitter:data1\" content=\"2 minutos\" \/>\n<script type=\"application\/ld+json\" class=\"yoast-schema-graph\">{\"@context\":\"https:\/\/schema.org\",\"@graph\":[{\"@type\":\"WebPage\",\"@id\":\"https:\/\/euthanasiasleep.com\/refund-and-return-policy\/\",\"url\":\"https:\/\/euthanasiasleep.com\/refund-and-return-policy\/\",\"name\":\"Refund and Return Policy - euthanasiasleep.com\",\"isPartOf\":{\"@id\":\"https:\/\/euthanasiasleep.com\/#website\"},\"datePublished\":\"2025-03-03T01:25:18+00:00\",\"dateModified\":\"2025-03-03T01:39:16+00:00\",\"breadcrumb\":{\"@id\":\"https:\/\/euthanasiasleep.com\/refund-and-return-policy\/#breadcrumb\"},\"inLanguage\":\"es\",\"potentialAction\":[{\"@type\":\"ReadAction\",\"target\":[\"https:\/\/euthanasiasleep.com\/refund-and-return-policy\/\"]}]},{\"@type\":\"BreadcrumbList\",\"@id\":\"https:\/\/euthanasiasleep.com\/refund-and-return-policy\/#breadcrumb\",\"itemListElement\":[{\"@type\":\"ListItem\",\"position\":1,\"name\":\"Home\",\"item\":\"https:\/\/euthanasiasleep.com\/\"},{\"@type\":\"ListItem\",\"position\":2,\"name\":\"Refund and Return Policy\"}]},{\"@type\":\"WebSite\",\"@id\":\"https:\/\/euthanasiasleep.com\/#website\",\"url\":\"https:\/\/euthanasiasleep.com\/\",\"name\":\"Euthanasia Sleep\",\"description\":\"Euthanasia Sleep\",\"publisher\":{\"@id\":\"https:\/\/euthanasiasleep.com\/#organization\"},\"alternateName\":\"EuthanasiaSleep\",\"potentialAction\":[{\"@type\":\"SearchAction\",\"target\":{\"@type\":\"EntryPoint\",\"urlTemplate\":\"https:\/\/euthanasiasleep.com\/?s={search_term_string}\"},\"query-input\":{\"@type\":\"PropertyValueSpecification\",\"valueRequired\":true,\"valueName\":\"search_term_string\"}}],\"inLanguage\":\"es\"},{\"@type\":\"Organization\",\"@id\":\"https:\/\/euthanasiasleep.com\/#organization\",\"name\":\"Euthanasia Sleep\",\"alternateName\":\"EuthanasiaSleep\",\"url\":\"https:\/\/euthanasiasleep.com\/\",\"logo\":{\"@type\":\"ImageObject\",\"inLanguage\":\"es\",\"@id\":\"https:\/\/euthanasiasleep.com\/#\/schema\/logo\/image\/\",\"url\":\"https:\/\/euthanasiasleep.com\/wp-content\/uploads\/2025\/03\/kisspng-health-care-public-health-medicine-hospital-cupped-hands-5b5bed5c4cf652.0198420915327511963153.jpg\",\"contentUrl\":\"https:\/\/euthanasiasleep.com\/wp-content\/uploads\/2025\/03\/kisspng-health-care-public-health-medicine-hospital-cupped-hands-5b5bed5c4cf652.0198420915327511963153.jpg\",\"width\":900,\"height\":800,\"caption\":\"Euthanasia Sleep\"},\"image\":{\"@id\":\"https:\/\/euthanasiasleep.com\/#\/schema\/logo\/image\/\"}}]}<\/script>\n<!-- \/ Yoast SEO Premium plugin. -->","yoast_head_json":{"title":"Refund and Return Policy - euthanasiasleep.com","robots":{"index":"index","follow":"follow","max-snippet":"max-snippet:-1","max-image-preview":"max-image-preview:large","max-video-preview":"max-video-preview:-1"},"canonical":"https:\/\/euthanasiasleep.com\/es\/refund-and-return-policy\/","og_locale":"es_MX","og_type":"article","og_title":"Refund and Return Policy","og_url":"https:\/\/euthanasiasleep.com\/es\/refund-and-return-policy\/","og_site_name":"euthanasiasleep.com","article_modified_time":"2025-03-03T01:39:16+00:00","twitter_card":"summary_large_image","twitter_misc":{"Tiempo de lectura":"2 minutos"},"schema":{"@context":"https:\/\/schema.org","@graph":[{"@type":"WebPage","@id":"https:\/\/euthanasiasleep.com\/refund-and-return-policy\/","url":"https:\/\/euthanasiasleep.com\/refund-and-return-policy\/","name":"Refund and Return Policy - euthanasiasleep.com","isPartOf":{"@id":"https:\/\/euthanasiasleep.com\/#website"},"datePublished":"2025-03-03T01:25:18+00:00","dateModified":"2025-03-03T01:39:16+00:00","breadcrumb":{"@id":"https:\/\/euthanasiasleep.com\/refund-and-return-policy\/#breadcrumb"},"inLanguage":"es","potentialAction":[{"@type":"ReadAction","target":["https:\/\/euthanasiasleep.com\/refund-and-return-policy\/"]}]},{"@type":"BreadcrumbList","@id":"https:\/\/euthanasiasleep.com\/refund-and-return-policy\/#breadcrumb","itemListElement":[{"@type":"ListItem","position":1,"name":"Home","item":"https:\/\/euthanasiasleep.com\/"},{"@type":"ListItem","position":2,"name":"Refund and Return Policy"}]},{"@type":"WebSite","@id":"https:\/\/euthanasiasleep.com\/#website","url":"https:\/\/euthanasiasleep.com\/","name":"Eutanasia Sue\u00f1o","description":"Eutanasia Sue\u00f1o","publisher":{"@id":"https:\/\/euthanasiasleep.com\/#organization"},"alternateName":"EuthanasiaSleep","potentialAction":[{"@type":"SearchAction","target":{"@type":"EntryPoint","urlTemplate":"https:\/\/euthanasiasleep.com\/?s={search_term_string}"},"query-input":{"@type":"PropertyValueSpecification","valueRequired":true,"valueName":"search_term_string"}}],"inLanguage":"es"},{"@type":"Organization","@id":"https:\/\/euthanasiasleep.com\/#organization","name":"Eutanasia Sue\u00f1o","alternateName":"EuthanasiaSleep","url":"https:\/\/euthanasiasleep.com\/","logo":{"@type":"ImageObject","inLanguage":"es","@id":"https:\/\/euthanasiasleep.com\/#\/schema\/logo\/image\/","url":"https:\/\/euthanasiasleep.com\/wp-content\/uploads\/2025\/03\/kisspng-health-care-public-health-medicine-hospital-cupped-hands-5b5bed5c4cf652.0198420915327511963153.jpg","contentUrl":"https:\/\/euthanasiasleep.com\/wp-content\/uploads\/2025\/03\/kisspng-health-care-public-health-medicine-hospital-cupped-hands-5b5bed5c4cf652.0198420915327511963153.jpg","width":900,"height":800,"caption":"Euthanasia Sleep"},"image":{"@id":"https:\/\/euthanasiasleep.com\/#\/schema\/logo\/image\/"}}]}},"_links":{"self":[{"href":"https:\/\/euthanasiasleep.com\/es\/wp-json\/wp\/v2\/pages\/116","targetHints":{"allow":["GET"]}}],"collection":[{"href":"https:\/\/euthanasiasleep.com\/es\/wp-json\/wp\/v2\/pages"}],"about":[{"href":"https:\/\/euthanasiasleep.com\/es\/wp-json\/wp\/v2\/types\/page"}],"author":[{"embeddable":true,"href":"https:\/\/euthanasiasleep.com\/es\/wp-json\/wp\/v2\/users\/1"}],"replies":[{"embeddable":true,"href":"https:\/\/euthanasiasleep.com\/es\/wp-json\/wp\/v2\/comments?post=116"}],"version-history":[{"count":3,"href":"https:\/\/euthanasiasleep.com\/es\/wp-json\/wp\/v2\/pages\/116\/revisions"}],"predecessor-version":[{"id":119,"href":"https:\/\/euthanasiasleep.com\/es\/wp-json\/wp\/v2\/pages\/116\/revisions\/119"}],"wp:attachment":[{"href":"https:\/\/euthanasiasleep.com\/es\/wp-json\/wp\/v2\/media?parent=116"}],"wp:term":[{"taxonomy":"category","embeddable":true,"href":"https:\/\/euthanasiasleep.com\/es\/wp-json\/wp\/v2\/categories?post=116"},{"taxonomy":"post_tag","embeddable":true,"href":"https:\/\/euthanasiasleep.com\/es\/wp-json\/wp\/v2\/tags?post=116"}],"curies":[{"name":"wp","href":"https:\/\/api.w.org\/{rel}","templated":true}]}}