{"id":17,"date":"2025-03-01T20:07:58","date_gmt":"2025-03-01T20:07:58","guid":{"rendered":"https:\/\/euthanasiasleep.com\/?page_id=17"},"modified":"2025-03-03T15:36:27","modified_gmt":"2025-03-03T15:36:27","slug":"about-us","status":"publish","type":"page","link":"https:\/\/euthanasiasleep.com\/es\/about-us\/","title":{"rendered":"Qui\u00e9nes somos"},"content":{"rendered":"<div class=\"img has-hover x md-x lg-x y md-y lg-y\" id=\"image_1927299166\">\n\t\t\t\t\t\t\t\t<div class=\"img-inner dark\" >\n\t\t\t<img loading=\"lazy\" decoding=\"async\" width=\"1000\" height=\"750\" src=\"https:\/\/euthanasiasleep.com\/wp-content\/uploads\/2025\/03\/About_us.webp\" class=\"attachment-large size-large\" alt=\"\" srcset=\"https:\/\/euthanasiasleep.com\/wp-content\/uploads\/2025\/03\/About_us.webp 1000w, https:\/\/euthanasiasleep.com\/wp-content\/uploads\/2025\/03\/About_us-300x225.webp 300w, https:\/\/euthanasiasleep.com\/wp-content\/uploads\/2025\/03\/About_us-768x576.webp 768w, https:\/\/euthanasiasleep.com\/wp-content\/uploads\/2025\/03\/About_us-600x450.webp 600w\" sizes=\"auto, (max-width: 1000px) 100vw, 1000px\" \/>\t\t\t\t\t\t\n\t\t\t\t\t<\/div>\n\t\t\t\t\t\t\t\t\n<style>\n#image_1927299166 {\n  width: 100%;\n}\n<\/style>\n\t<\/div>\n\t\n\n<div class=\"row\"  id=\"row-1346832964\">\n\n\n\t<div id=\"col-1381673411\" class=\"col small-12 large-12\"  >\n\t\t\t\t<div class=\"col-inner\"  >\n\t\t\t\n\t\t\t\n\n<div class=\"row\"  id=\"row-115105190\">\n\n\n\t<div id=\"col-1236585727\" class=\"col medium-6 small-12 large-6\"  >\n\t\t\t\t<div class=\"col-inner\"  >\n\t\t\t\n\t\t\t\n\n\n\t<section class=\"section dark\" id=\"section_1597546777\">\n\t\t<div class=\"section-bg fill\" >\n\t\t\t\t\t\t\t\t\t\n\t\t\t\n\n\t\t<\/div>\n\n\t\t\n\n\t\t<div class=\"section-content relative\">\n\t\t\t\n\n<div class=\"row\"  id=\"row-862672826\">\n\n\n\t<div id=\"col-663925011\" class=\"col small-12 large-12\"  >\n\t\t\t\t<div class=\"col-inner\"  >\n\t\t\t\n\t\t\t\n\n<div class=\"container section-title-container\" ><h1 class=\"section-title section-title-normal\"><b><\/b><span class=\"section-title-main\" >Qui\u00e9nes somos<\/span><b><\/b><\/h1><\/div>\n\n\n\t\t<\/div>\n\t\t\t\t\t<\/div>\n\n\t\n\n<\/div>\n<p>Bienvenido a\u00a0<strong>Sue\u00f1o eutan\u00e1sico <\/strong>Para saber m\u00e1s sobre nosotros, somos un proveedor confiable de informaci\u00f3n precisa y completa sobre el Nembutal (pentobarbital s\u00f3dico). Nuestra misi\u00f3n es educar, informar y capacitar a las personas que buscan conocimientos fiables sobre esta sustancia ampliamente reconocida, sus aplicaciones y sus implicaciones.<\/p>\n<p>Dedicada a prestar servicios de eutanasia competentes y compasivos en toda Europa, Estados Unidos y Asia, Euthanasia Sleep es una plataforma en l\u00ednea autorizada. Motivado por la visi\u00f3n de Huib Drion, nuestro equipo de cl\u00e9rigos y profesionales m\u00e9dicos defiende el derecho a una muerte digna. Ayudamos a quienes padecen demencia y otras enfermedades terminales a tomar decisiones bien informadas sobre sus \u00faltimos d\u00edas. Prestamos nuestros servicios con el m\u00e1ximo cuidado y respeto porque valoramos la discreci\u00f3n y la confianza. Tambi\u00e9n ofrecemos material educativo para ayudarle a tomar las mejores decisiones y apoyamos activamente la legalizaci\u00f3n de la eutanasia en Europa, Estados Unidos y Asia.<br \/>Agradecemos su confianza en Nembutal Mann a lo largo de esta importante transici\u00f3n vital.<\/p>\n\n\t\t<\/div>\n\n\t\t\n<style>\n#section_1597546777 {\n  padding-top: 30px;\n  padding-bottom: 30px;\n  background-color: rgb(48, 149, 156);\n}\n<\/style>\n\t<\/section>\n\t\n\n\t\t<\/div>\n\t\t\t\t\t<\/div>\n\n\t\n\n\t<div id=\"col-781882650\" class=\"col medium-6 small-12 large-6\"  >\n\t\t\t\t<div class=\"col-inner\"  >\n\t\t\t\n\t\t\t\n\n<div class=\"accordion\">\n\n\t<div id=\"accordion-2946721019\" class=\"accordion-item\">\n\t\t<a id=\"accordion-2946721019-label\" class=\"accordion-title plain\" href=\"#accordion-item-our-commitment\" aria-expanded=\"false\" aria-controls=\"accordion-2946721019-content\" >\n\t\t\t<button class=\"toggle\" aria-label=\"Toggle\"><i class=\"icon-angle-down\"><\/i><\/button>\n\t\t\t<span>Nuestro compromiso<\/span>\n\t\t<\/a>\n\t\t<div id=\"accordion-2946721019-content\" class=\"accordion-inner\" aria-labelledby=\"accordion-2946721019-label\" >\n\t\t\t\n\n<p>Damos prioridad a la transparencia, la profesionalidad y la precisi\u00f3n en todos nuestros contenidos. Si usted es un profesional de la salud, investigador o un individuo explorando opciones, nuestra plataforma sirve como un recurso confiable para aprender sobre:<\/p>\n<ul>\n<li>Usos m\u00e9dicos y veterinarios del Nembutal.<\/li>\n<li>Dosificaci\u00f3n adecuada y pautas de administraci\u00f3n.<\/li>\n<li>Normativa legal y consideraciones \u00e9ticas.<\/li>\n<\/ul>\n<p>Nuestros contenidos se investigan meticulosamente y se ajustan a normas estrictas para garantizar que usted reciba s\u00f3lo la informaci\u00f3n m\u00e1s precisa y pertinente.<\/p>\n\n\t\t<\/div>\n\t<\/div>\n\t\n\t<div id=\"accordion-2691098266\" class=\"accordion-item\">\n\t\t<a id=\"accordion-2691098266-label\" class=\"accordion-title plain\" href=\"#accordion-item-why-choose-us?\" aria-expanded=\"false\" aria-controls=\"accordion-2691098266-content\" >\n\t\t\t<button class=\"toggle\" aria-label=\"Toggle\"><i class=\"icon-angle-down\"><\/i><\/button>\n\t\t\t<span>\u00bfPor qu\u00e9 elegirnos?<\/span>\n\t\t<\/a>\n\t\t<div id=\"accordion-2691098266-content\" class=\"accordion-inner\" aria-labelledby=\"accordion-2691098266-label\" >\n\t\t\t\n\n<p>Sobre nosotros, En Nembutal Mann, nos dedicamos a:<\/p>\n<ul>\n<li><strong>Aportar experiencia:<\/strong>\u00a0Nuestro equipo trabaja sin descanso para ofrecer contenidos actualizados y bien documentados.<\/li>\n<li><strong>Fomentar la responsabilidad:<\/strong>\u00a0Promovemos un uso seguro e informado a trav\u00e9s de la educaci\u00f3n y la defensa.<\/li>\n<li><strong>Garantizar el cumplimiento:<\/strong>\u00a0Ayudamos a los usuarios a comprender el marco jur\u00eddico y \u00e9tico que rodea al Nembutal en Europa.<\/li>\n<\/ul>\n\n\t\t<\/div>\n\t<\/div>\n\t\n\t<div id=\"accordion-659303585\" class=\"accordion-item\">\n\t\t<a id=\"accordion-659303585-label\" class=\"accordion-title plain\" href=\"#accordion-item-our-values\" aria-expanded=\"false\" aria-controls=\"accordion-659303585-content\" >\n\t\t\t<button class=\"toggle\" aria-label=\"Toggle\"><i class=\"icon-angle-down\"><\/i><\/button>\n\t\t\t<span>Nuestros valores<\/span>\n\t\t<\/a>\n\t\t<div id=\"accordion-659303585-content\" class=\"accordion-inner\" aria-labelledby=\"accordion-659303585-label\" >\n\t\t\t\n\n<ul>\n<li><strong>Integridad:<\/strong>\u00a0Honestidad y precisi\u00f3n en todos los aspectos de nuestro trabajo.<\/li>\n<li><strong>Compasi\u00f3n:<\/strong>\u00a0Reconocer la naturaleza sensible de las aplicaciones de Nembutal y abordarlas con cuidado.<\/li>\n<li><strong>Educaci\u00f3n:<\/strong>\u00a0Capacitar a las personas mediante informaci\u00f3n accesible y fiable.<\/li>\n<\/ul>\n\n\t\t<\/div>\n\t<\/div>\n\t\n\n<\/div>\n<div class=\"accordion\">\n\n\t<div id=\"accordion-2856478343\" class=\"accordion-item\">\n\t\t<a id=\"accordion-2856478343-label\" class=\"accordion-title plain\" href=\"#accordion-item-our-vision\" aria-expanded=\"false\" aria-controls=\"accordion-2856478343-content\" >\n\t\t\t<button class=\"toggle\" aria-label=\"Toggle\"><i class=\"icon-angle-down\"><\/i><\/button>\n\t\t\t<span>Nuestra visi\u00f3n<\/span>\n\t\t<\/a>\n\t\t<div id=\"accordion-2856478343-content\" class=\"accordion-inner\" aria-labelledby=\"accordion-2856478343-label\" >\n\t\t\t\n\n<div class=\"wd-page-content main-page-wrapper\"><main class=\"wd-content-layout content-layout-wrapper container wd-sidebar-hidden-md-sm wd-sidebar-hidden-sm\" role=\"main\"><\/p>\n<div class=\"wd-content-area site-content\">\n<article id=\"post-20710\" class=\"entry-content post-20710 page type-page status-publish hentry\">\n<div class=\"elementor elementor-20710\" data-elementor-type=\"wp-page\" data-elementor-id=\"20710\" data-elementor-post-type=\"page\">\n<div class=\"wd-negative-gap elementor-element elementor-element-2b6a8ac e-flex e-con-boxed e-con e-parent e-lazyloaded\" data-id=\"2b6a8ac\" data-element_type=\"container\">\n<div class=\"e-con-inner\">\n<div class=\"elementor-element elementor-element-b6402df e-con-full e-flex e-con e-child\" data-id=\"b6402df\" data-element_type=\"container\">\n<div class=\"elementor-element elementor-element-9ee9c10 elementor-widget elementor-widget-n-accordion\" data-id=\"9ee9c10\" data-element_type=\"widget\" data-settings=\"{&quot;max_items_expended&quot;:&quot;multiple&quot;,&quot;default_state&quot;:&quot;expanded&quot;,&quot;n_accordion_animation_duration&quot;:{&quot;unit&quot;:&quot;ms&quot;,&quot;size&quot;:400,&quot;sizes&quot;:&#091;&#093;}}\" data-widget_type=\"nested-accordion.default\">\n<div class=\"elementor-widget-container\">\n<div class=\"e-n-accordion\" aria-label=\"Acorde\u00f3n. Abra los enlaces con Intro o Espacio, ci\u00e9rrelos con Escape y navegue con las teclas de flecha.\">\n<details id=\"e-n-accordion-item-1663\" class=\"e-n-accordion-item\" open=\"\">\n<div class=\"elementor-element elementor-element-bbc973d e-con-full e-flex e-con e-child\" role=\"region\" aria-labelledby=\"e-n-accordion-item-1663\" data-id=\"bbc973d\" data-element_type=\"container\">\n<div class=\"elementor-element elementor-element-197c6d8 elementor-widget elementor-widget-wd_text_block\" data-id=\"197c6d8\" data-element_type=\"widget\" data-widget_type=\"wd_text_block.default\">\n<div class=\"elementor-widget-container\">\n<div class=\"wd-text-block reset-last-child text-left color-title\">\n<p>Aspiramos a ser el principal recurso para la educaci\u00f3n relacionada con el Nembutal, colmando las lagunas de conocimiento y apoyando la toma de decisiones informadas para todos.<\/p>\n<\/div>\n<\/div>\n<\/div>\n<\/div>\n<\/details>\n<\/div>\n<\/div>\n<\/div>\n<\/div>\n<\/div>\n<\/div>\n<\/div>\n<\/article>\n<\/div>\n<p><\/main><\/div>\n<div class=\"wd-prefooter\">\n<div class=\"container wd-entry-content\">\n<div class=\"elementor elementor-258\" data-elementor-type=\"wp-post\" data-elementor-id=\"258\" data-elementor-post-type=\"cms_block\">\u00a0<\/div>\n<\/div>\n<\/div>\n\n\t\t<\/div>\n\t<\/div>\n\t\n\n<\/div>\n\n\t\t<\/div>\n\t\t\t\t\t<\/div>\n\n\t\n\n<\/div>\n\n\t\t<\/div>\n\t\t\t\t\t<\/div>\n\n\t\n\n<\/div>","protected":false},"excerpt":{"rendered":"","protected":false},"author":1,"featured_media":0,"parent":0,"menu_order":0,"comment_status":"closed","ping_status":"closed","template":"","meta":{"footnotes":""},"categories":[],"tags":[],"class_list":["post-17","page","type-page","status-publish","hentry"],"yoast_head":"<!-- This site is optimized with the Yoast SEO Premium plugin v26.2 (Yoast SEO v26.2) - https:\/\/yoast.com\/wordpress\/plugins\/seo\/ -->\n<title>About us - euthanasiasleep.com<\/title>\n<meta name=\"robots\" content=\"index, follow, max-snippet:-1, max-image-preview:large, max-video-preview:-1\" \/>\n<link rel=\"canonical\" href=\"https:\/\/euthanasiasleep.com\/es\/about-us\/\" \/>\n<meta property=\"og:locale\" content=\"es_MX\" \/>\n<meta property=\"og:type\" content=\"article\" \/>\n<meta property=\"og:title\" content=\"About us\" \/>\n<meta property=\"og:url\" content=\"https:\/\/euthanasiasleep.com\/es\/about-us\/\" \/>\n<meta property=\"og:site_name\" content=\"euthanasiasleep.com\" \/>\n<meta property=\"article:modified_time\" content=\"2025-03-03T15:36:27+00:00\" \/>\n<meta name=\"twitter:card\" content=\"summary_large_image\" \/>\n<meta name=\"twitter:label1\" content=\"Tiempo de lectura\" \/>\n\t<meta name=\"twitter:data1\" content=\"2 minutos\" \/>\n<script type=\"application\/ld+json\" class=\"yoast-schema-graph\">{\"@context\":\"https:\/\/schema.org\",\"@graph\":[{\"@type\":\"WebPage\",\"@id\":\"https:\/\/euthanasiasleep.com\/about-us\/\",\"url\":\"https:\/\/euthanasiasleep.com\/about-us\/\",\"name\":\"About us - euthanasiasleep.com\",\"isPartOf\":{\"@id\":\"https:\/\/euthanasiasleep.com\/#website\"},\"datePublished\":\"2025-03-01T20:07:58+00:00\",\"dateModified\":\"2025-03-03T15:36:27+00:00\",\"breadcrumb\":{\"@id\":\"https:\/\/euthanasiasleep.com\/about-us\/#breadcrumb\"},\"inLanguage\":\"es\",\"potentialAction\":[{\"@type\":\"ReadAction\",\"target\":[\"https:\/\/euthanasiasleep.com\/about-us\/\"]}]},{\"@type\":\"BreadcrumbList\",\"@id\":\"https:\/\/euthanasiasleep.com\/about-us\/#breadcrumb\",\"itemListElement\":[{\"@type\":\"ListItem\",\"position\":1,\"name\":\"Home\",\"item\":\"https:\/\/euthanasiasleep.com\/\"},{\"@type\":\"ListItem\",\"position\":2,\"name\":\"About us\"}]},{\"@type\":\"WebSite\",\"@id\":\"https:\/\/euthanasiasleep.com\/#website\",\"url\":\"https:\/\/euthanasiasleep.com\/\",\"name\":\"Euthanasia Sleep\",\"description\":\"Euthanasia Sleep\",\"publisher\":{\"@id\":\"https:\/\/euthanasiasleep.com\/#organization\"},\"alternateName\":\"EuthanasiaSleep\",\"potentialAction\":[{\"@type\":\"SearchAction\",\"target\":{\"@type\":\"EntryPoint\",\"urlTemplate\":\"https:\/\/euthanasiasleep.com\/?s={search_term_string}\"},\"query-input\":{\"@type\":\"PropertyValueSpecification\",\"valueRequired\":true,\"valueName\":\"search_term_string\"}}],\"inLanguage\":\"es\"},{\"@type\":\"Organization\",\"@id\":\"https:\/\/euthanasiasleep.com\/#organization\",\"name\":\"Euthanasia Sleep\",\"alternateName\":\"EuthanasiaSleep\",\"url\":\"https:\/\/euthanasiasleep.com\/\",\"logo\":{\"@type\":\"ImageObject\",\"inLanguage\":\"es\",\"@id\":\"https:\/\/euthanasiasleep.com\/#\/schema\/logo\/image\/\",\"url\":\"https:\/\/euthanasiasleep.com\/wp-content\/uploads\/2025\/03\/kisspng-health-care-public-health-medicine-hospital-cupped-hands-5b5bed5c4cf652.0198420915327511963153.jpg\",\"contentUrl\":\"https:\/\/euthanasiasleep.com\/wp-content\/uploads\/2025\/03\/kisspng-health-care-public-health-medicine-hospital-cupped-hands-5b5bed5c4cf652.0198420915327511963153.jpg\",\"width\":900,\"height\":800,\"caption\":\"Euthanasia Sleep\"},\"image\":{\"@id\":\"https:\/\/euthanasiasleep.com\/#\/schema\/logo\/image\/\"}}]}<\/script>\n<!-- \/ Yoast SEO Premium plugin. -->","yoast_head_json":{"title":"About us - euthanasiasleep.com","robots":{"index":"index","follow":"follow","max-snippet":"max-snippet:-1","max-image-preview":"max-image-preview:large","max-video-preview":"max-video-preview:-1"},"canonical":"https:\/\/euthanasiasleep.com\/es\/about-us\/","og_locale":"es_MX","og_type":"article","og_title":"About us","og_url":"https:\/\/euthanasiasleep.com\/es\/about-us\/","og_site_name":"euthanasiasleep.com","article_modified_time":"2025-03-03T15:36:27+00:00","twitter_card":"summary_large_image","twitter_misc":{"Tiempo de lectura":"2 minutos"},"schema":{"@context":"https:\/\/schema.org","@graph":[{"@type":"WebPage","@id":"https:\/\/euthanasiasleep.com\/about-us\/","url":"https:\/\/euthanasiasleep.com\/about-us\/","name":"About us - euthanasiasleep.com","isPartOf":{"@id":"https:\/\/euthanasiasleep.com\/#website"},"datePublished":"2025-03-01T20:07:58+00:00","dateModified":"2025-03-03T15:36:27+00:00","breadcrumb":{"@id":"https:\/\/euthanasiasleep.com\/about-us\/#breadcrumb"},"inLanguage":"es","potentialAction":[{"@type":"ReadAction","target":["https:\/\/euthanasiasleep.com\/about-us\/"]}]},{"@type":"BreadcrumbList","@id":"https:\/\/euthanasiasleep.com\/about-us\/#breadcrumb","itemListElement":[{"@type":"ListItem","position":1,"name":"Home","item":"https:\/\/euthanasiasleep.com\/"},{"@type":"ListItem","position":2,"name":"About us"}]},{"@type":"WebSite","@id":"https:\/\/euthanasiasleep.com\/#website","url":"https:\/\/euthanasiasleep.com\/","name":"Eutanasia Sue\u00f1o","description":"Eutanasia Sue\u00f1o","publisher":{"@id":"https:\/\/euthanasiasleep.com\/#organization"},"alternateName":"EuthanasiaSleep","potentialAction":[{"@type":"SearchAction","target":{"@type":"EntryPoint","urlTemplate":"https:\/\/euthanasiasleep.com\/?s={search_term_string}"},"query-input":{"@type":"PropertyValueSpecification","valueRequired":true,"valueName":"search_term_string"}}],"inLanguage":"es"},{"@type":"Organization","@id":"https:\/\/euthanasiasleep.com\/#organization","name":"Eutanasia Sue\u00f1o","alternateName":"EuthanasiaSleep","url":"https:\/\/euthanasiasleep.com\/","logo":{"@type":"ImageObject","inLanguage":"es","@id":"https:\/\/euthanasiasleep.com\/#\/schema\/logo\/image\/","url":"https:\/\/euthanasiasleep.com\/wp-content\/uploads\/2025\/03\/kisspng-health-care-public-health-medicine-hospital-cupped-hands-5b5bed5c4cf652.0198420915327511963153.jpg","contentUrl":"https:\/\/euthanasiasleep.com\/wp-content\/uploads\/2025\/03\/kisspng-health-care-public-health-medicine-hospital-cupped-hands-5b5bed5c4cf652.0198420915327511963153.jpg","width":900,"height":800,"caption":"Euthanasia Sleep"},"image":{"@id":"https:\/\/euthanasiasleep.com\/#\/schema\/logo\/image\/"}}]}},"_links":{"self":[{"href":"https:\/\/euthanasiasleep.com\/es\/wp-json\/wp\/v2\/pages\/17","targetHints":{"allow":["GET"]}}],"collection":[{"href":"https:\/\/euthanasiasleep.com\/es\/wp-json\/wp\/v2\/pages"}],"about":[{"href":"https:\/\/euthanasiasleep.com\/es\/wp-json\/wp\/v2\/types\/page"}],"author":[{"embeddable":true,"href":"https:\/\/euthanasiasleep.com\/es\/wp-json\/wp\/v2\/users\/1"}],"replies":[{"embeddable":true,"href":"https:\/\/euthanasiasleep.com\/es\/wp-json\/wp\/v2\/comments?post=17"}],"version-history":[{"count":6,"href":"https:\/\/euthanasiasleep.com\/es\/wp-json\/wp\/v2\/pages\/17\/revisions"}],"predecessor-version":[{"id":148,"href":"https:\/\/euthanasiasleep.com\/es\/wp-json\/wp\/v2\/pages\/17\/revisions\/148"}],"wp:attachment":[{"href":"https:\/\/euthanasiasleep.com\/es\/wp-json\/wp\/v2\/media?parent=17"}],"wp:term":[{"taxonomy":"category","embeddable":true,"href":"https:\/\/euthanasiasleep.com\/es\/wp-json\/wp\/v2\/categories?post=17"},{"taxonomy":"post_tag","embeddable":true,"href":"https:\/\/euthanasiasleep.com\/es\/wp-json\/wp\/v2\/tags?post=17"}],"curies":[{"name":"wp","href":"https:\/\/api.w.org\/{rel}","templated":true}]}}