{"id":112,"date":"2025-03-03T01:18:53","date_gmt":"2025-03-03T01:18:53","guid":{"rendered":"https:\/\/euthanasiasleep.com\/?page_id=112"},"modified":"2025-03-03T01:23:07","modified_gmt":"2025-03-03T01:23:07","slug":"terms-and-conditions","status":"publish","type":"page","link":"https:\/\/euthanasiasleep.com\/fr\/terms-and-conditions\/","title":{"rendered":"Conditions g\u00e9n\u00e9rales d'utilisation"},"content":{"rendered":"<section class=\"section\" id=\"section_1794471051\">\n\t\t<div class=\"section-bg fill\" >\n\t\t\t\t\t\t\t\t\t\n\t\t\t\n\n\t\t<\/div>\n\n\t\t\n\n\t\t<div class=\"section-content relative\">\n\t\t\t\n\n<div class=\"row align-center\"  id=\"row-775203453\">\n\n\n\t<div id=\"col-406546207\" class=\"col medium-10 small-12 large-10\"  >\n\t\t\t\t<div class=\"col-inner text-center\"  >\n\t\t\t\n\t\t\t\n\n\t<div id=\"text-363882687\" class=\"text\">\n\t\t\n\n<h2 class=\"wp-block-heading has-white-color has-text-color has-link-color\" style=\"text-align: left;\"><span data-text-color=\"primary\">Bienvenue \u00e0 euthanasiasleep<\/span><\/h2>\n<p style=\"text-align: left;\">Les pr\u00e9sentes conditions g\u00e9n\u00e9rales r\u00e9gissent votre utilisation de notre site web, de nos services et de tout contenu fourni par Nembutal Mann. En acc\u00e9dant \u00e0 ce site web ou en l'utilisant, vous acceptez de vous conformer \u00e0 ces conditions. Veuillez les lire attentivement.<\/p>\n<h3 class=\"wp-block-heading has-text-color has-link-color\" style=\"text-align: left;\">I. Utilisation g\u00e9n\u00e9rale<\/h3>\n<p style=\"text-align: left;\"><strong>I.1. L'\u00e9ligibilit\u00e9 :<\/strong>\u00a0Vous devez \u00eatre \u00e2g\u00e9 d'au moins 18 ans pour acc\u00e9der \u00e0 notre site web.<br \/><strong>I.1. Objectif du contenu :<\/strong>\u00a0Toutes les informations contenues dans ce site web sont fournies \u00e0 des fins \u00e9ducatives et informatives uniquement et ne constituent pas un avis m\u00e9dical.<\/p>\n<h3 class=\"wp-block-heading has-text-color has-link-color\" style=\"text-align: left;\"><strong>II. La propri\u00e9t\u00e9 intellectuelle<\/strong><\/h3>\n<p style=\"text-align: left;\"><strong>II.1. Droits d'auteur<\/strong>: Tout le contenu de ce site web, y compris les textes, les images et les \u00e9l\u00e9ments de conception, est la propri\u00e9t\u00e9 de Nembutal Mann et est prot\u00e9g\u00e9 par les lois sur les droits d'auteur.<br \/><strong>II.2. Restrictions :<\/strong>\u00a0Il est interdit de copier, de reproduire ou de distribuer tout mat\u00e9riel provenant de ce site web sans autorisation \u00e9crite pr\u00e9alable.<\/p>\n<h3 style=\"text-align: left;\"><strong>III. Responsabilit\u00e9s de l'utilisateur<\/strong><\/h3>\n<p style=\"text-align: left;\"><strong>III.1. Des informations exactes :<\/strong>\u00a0Lorsque vous utilisez nos services ou soumettez des demandes, vous acceptez de fournir des informations exactes et compl\u00e8tes.<br \/><strong>III.2. Actions interdites :<\/strong>\u00a0Vous acceptez de ne pas utiliser notre site web pour des activit\u00e9s ill\u00e9gales ou en violation des lois applicables.<\/p>\n<hr \/>\n<h3 style=\"text-align: left;\"><strong>IV. Clause de non-responsabilit\u00e9<\/strong><\/h3>\n<p style=\"text-align: left;\"><strong>IV.1 Aucune garantie :<\/strong>\u00a0<strong>Nembutal Mann<\/strong>\u00a0ne garantit pas l'exactitude ou l'exhaustivit\u00e9 des informations fournies sur ce site.<br \/><strong>IV.2 Responsabilit\u00e9 limit\u00e9e :<\/strong>\u00a0Nous ne sommes pas responsables des dommages directs ou indirects r\u00e9sultant de votre utilisation du site web.<\/p>\n<hr \/>\n<h3 style=\"text-align: left;\"><strong>V. Liens vers des sites web de tiers<\/strong><\/h3>\n<p style=\"text-align: left;\">Notre site web peut inclure des liens vers des sites web de tiers \u00e0 des fins d'information. Nous n'approuvons pas le contenu de ces sites et n'en assumons pas la responsabilit\u00e9.<\/p>\n<hr \/>\n<h3 style=\"text-align: left;\"><strong>VI. Politique de protection de la vie priv\u00e9e<\/strong><\/h3>\n<p style=\"text-align: left;\">Votre utilisation de ce site web est \u00e9galement r\u00e9gie par notre politique de confidentialit\u00e9, qui explique comment nous collectons, utilisons et prot\u00e9geons vos donn\u00e9es.<\/p>\n<hr \/>\n<h3 style=\"text-align: left;\"><strong>VII. Modifications des conditions<\/strong><\/h3>\n<p style=\"text-align: left;\">Nous nous r\u00e9servons le droit de mettre \u00e0 jour ou de modifier les pr\u00e9sentes conditions g\u00e9n\u00e9rales \u00e0 tout moment et sans pr\u00e9avis. Veuillez consulter r\u00e9guli\u00e8rement cette page pour prendre connaissance des changements \u00e9ventuels.<\/p>\n<h3 style=\"text-align: left;\"><strong>VIII. Droit applicable<\/strong><\/h3>\n<p style=\"text-align: left;\">Les pr\u00e9sentes conditions sont r\u00e9gies et interpr\u00e9t\u00e9es conform\u00e9ment aux lois de votre juridiction.<\/p>\n\t\t\n<style>\n#text-363882687 {\n  color: rgb(38, 131, 123);\n}\n#text-363882687 > * {\n  color: rgb(38, 131, 123);\n}\n<\/style>\n\t<\/div>\n\t\n\n\t\t<\/div>\n\t\t\t\t\t<\/div>\n\n\t\n\n<\/div>\n\n\t\t<\/div>\n\n\t\t\n<style>\n#section_1794471051 {\n  padding-top: 60px;\n  padding-bottom: 60px;\n  min-height: 300px;\n}\n<\/style>\n\t<\/section>","protected":false},"excerpt":{"rendered":"","protected":false},"author":1,"featured_media":0,"parent":0,"menu_order":0,"comment_status":"closed","ping_status":"closed","template":"","meta":{"footnotes":""},"categories":[],"tags":[],"class_list":["post-112","page","type-page","status-publish","hentry"],"yoast_head":"<!-- This site is optimized with the Yoast SEO Premium plugin v26.2 (Yoast SEO v26.2) - https:\/\/yoast.com\/wordpress\/plugins\/seo\/ -->\n<title>Terms and Conditions - euthanasiasleep.com<\/title>\n<meta name=\"robots\" content=\"index, follow, max-snippet:-1, max-image-preview:large, max-video-preview:-1\" \/>\n<link rel=\"canonical\" href=\"https:\/\/euthanasiasleep.com\/fr\/terms-and-conditions\/\" \/>\n<meta property=\"og:locale\" content=\"fr_FR\" \/>\n<meta property=\"og:type\" content=\"article\" \/>\n<meta property=\"og:title\" content=\"Terms and Conditions\" \/>\n<meta property=\"og:url\" content=\"https:\/\/euthanasiasleep.com\/fr\/terms-and-conditions\/\" \/>\n<meta property=\"og:site_name\" content=\"euthanasiasleep.com\" \/>\n<meta property=\"article:modified_time\" content=\"2025-03-03T01:23:07+00:00\" \/>\n<meta name=\"twitter:card\" content=\"summary_large_image\" \/>\n<meta name=\"twitter:label1\" content=\"Dur\u00e9e de lecture estim\u00e9e\" \/>\n\t<meta name=\"twitter:data1\" content=\"2 minutes\" \/>\n<script type=\"application\/ld+json\" class=\"yoast-schema-graph\">{\"@context\":\"https:\/\/schema.org\",\"@graph\":[{\"@type\":\"WebPage\",\"@id\":\"https:\/\/euthanasiasleep.com\/terms-and-conditions\/\",\"url\":\"https:\/\/euthanasiasleep.com\/terms-and-conditions\/\",\"name\":\"Terms and Conditions - euthanasiasleep.com\",\"isPartOf\":{\"@id\":\"https:\/\/euthanasiasleep.com\/#website\"},\"datePublished\":\"2025-03-03T01:18:53+00:00\",\"dateModified\":\"2025-03-03T01:23:07+00:00\",\"breadcrumb\":{\"@id\":\"https:\/\/euthanasiasleep.com\/terms-and-conditions\/#breadcrumb\"},\"inLanguage\":\"fr-FR\",\"potentialAction\":[{\"@type\":\"ReadAction\",\"target\":[\"https:\/\/euthanasiasleep.com\/terms-and-conditions\/\"]}]},{\"@type\":\"BreadcrumbList\",\"@id\":\"https:\/\/euthanasiasleep.com\/terms-and-conditions\/#breadcrumb\",\"itemListElement\":[{\"@type\":\"ListItem\",\"position\":1,\"name\":\"Home\",\"item\":\"https:\/\/euthanasiasleep.com\/\"},{\"@type\":\"ListItem\",\"position\":2,\"name\":\"Terms and Conditions\"}]},{\"@type\":\"WebSite\",\"@id\":\"https:\/\/euthanasiasleep.com\/#website\",\"url\":\"https:\/\/euthanasiasleep.com\/\",\"name\":\"Euthanasia Sleep\",\"description\":\"Euthanasia Sleep\",\"publisher\":{\"@id\":\"https:\/\/euthanasiasleep.com\/#organization\"},\"alternateName\":\"EuthanasiaSleep\",\"potentialAction\":[{\"@type\":\"SearchAction\",\"target\":{\"@type\":\"EntryPoint\",\"urlTemplate\":\"https:\/\/euthanasiasleep.com\/?s={search_term_string}\"},\"query-input\":{\"@type\":\"PropertyValueSpecification\",\"valueRequired\":true,\"valueName\":\"search_term_string\"}}],\"inLanguage\":\"fr-FR\"},{\"@type\":\"Organization\",\"@id\":\"https:\/\/euthanasiasleep.com\/#organization\",\"name\":\"Euthanasia Sleep\",\"alternateName\":\"EuthanasiaSleep\",\"url\":\"https:\/\/euthanasiasleep.com\/\",\"logo\":{\"@type\":\"ImageObject\",\"inLanguage\":\"fr-FR\",\"@id\":\"https:\/\/euthanasiasleep.com\/#\/schema\/logo\/image\/\",\"url\":\"https:\/\/euthanasiasleep.com\/wp-content\/uploads\/2025\/03\/kisspng-health-care-public-health-medicine-hospital-cupped-hands-5b5bed5c4cf652.0198420915327511963153.jpg\",\"contentUrl\":\"https:\/\/euthanasiasleep.com\/wp-content\/uploads\/2025\/03\/kisspng-health-care-public-health-medicine-hospital-cupped-hands-5b5bed5c4cf652.0198420915327511963153.jpg\",\"width\":900,\"height\":800,\"caption\":\"Euthanasia Sleep\"},\"image\":{\"@id\":\"https:\/\/euthanasiasleep.com\/#\/schema\/logo\/image\/\"}}]}<\/script>\n<!-- \/ Yoast SEO Premium plugin. -->","yoast_head_json":{"title":"Terms and Conditions - euthanasiasleep.com","robots":{"index":"index","follow":"follow","max-snippet":"max-snippet:-1","max-image-preview":"max-image-preview:large","max-video-preview":"max-video-preview:-1"},"canonical":"https:\/\/euthanasiasleep.com\/fr\/terms-and-conditions\/","og_locale":"fr_FR","og_type":"article","og_title":"Terms and Conditions","og_url":"https:\/\/euthanasiasleep.com\/fr\/terms-and-conditions\/","og_site_name":"euthanasiasleep.com","article_modified_time":"2025-03-03T01:23:07+00:00","twitter_card":"summary_large_image","twitter_misc":{"Dur\u00e9e de lecture estim\u00e9e":"2 minutes"},"schema":{"@context":"https:\/\/schema.org","@graph":[{"@type":"WebPage","@id":"https:\/\/euthanasiasleep.com\/terms-and-conditions\/","url":"https:\/\/euthanasiasleep.com\/terms-and-conditions\/","name":"Terms and Conditions - euthanasiasleep.com","isPartOf":{"@id":"https:\/\/euthanasiasleep.com\/#website"},"datePublished":"2025-03-03T01:18:53+00:00","dateModified":"2025-03-03T01:23:07+00:00","breadcrumb":{"@id":"https:\/\/euthanasiasleep.com\/terms-and-conditions\/#breadcrumb"},"inLanguage":"fr-FR","potentialAction":[{"@type":"ReadAction","target":["https:\/\/euthanasiasleep.com\/terms-and-conditions\/"]}]},{"@type":"BreadcrumbList","@id":"https:\/\/euthanasiasleep.com\/terms-and-conditions\/#breadcrumb","itemListElement":[{"@type":"ListItem","position":1,"name":"Home","item":"https:\/\/euthanasiasleep.com\/"},{"@type":"ListItem","position":2,"name":"Terms and Conditions"}]},{"@type":"WebSite","@id":"https:\/\/euthanasiasleep.com\/#website","url":"https:\/\/euthanasiasleep.com\/","name":"Euthanasie Sommeil","description":"Euthanasie Sommeil","publisher":{"@id":"https:\/\/euthanasiasleep.com\/#organization"},"alternateName":"EuthanasiaSleep","potentialAction":[{"@type":"SearchAction","target":{"@type":"EntryPoint","urlTemplate":"https:\/\/euthanasiasleep.com\/?s={search_term_string}"},"query-input":{"@type":"PropertyValueSpecification","valueRequired":true,"valueName":"search_term_string"}}],"inLanguage":"fr-FR"},{"@type":"Organization","@id":"https:\/\/euthanasiasleep.com\/#organization","name":"Euthanasie Sommeil","alternateName":"EuthanasiaSleep","url":"https:\/\/euthanasiasleep.com\/","logo":{"@type":"ImageObject","inLanguage":"fr-FR","@id":"https:\/\/euthanasiasleep.com\/#\/schema\/logo\/image\/","url":"https:\/\/euthanasiasleep.com\/wp-content\/uploads\/2025\/03\/kisspng-health-care-public-health-medicine-hospital-cupped-hands-5b5bed5c4cf652.0198420915327511963153.jpg","contentUrl":"https:\/\/euthanasiasleep.com\/wp-content\/uploads\/2025\/03\/kisspng-health-care-public-health-medicine-hospital-cupped-hands-5b5bed5c4cf652.0198420915327511963153.jpg","width":900,"height":800,"caption":"Euthanasia Sleep"},"image":{"@id":"https:\/\/euthanasiasleep.com\/#\/schema\/logo\/image\/"}}]}},"_links":{"self":[{"href":"https:\/\/euthanasiasleep.com\/fr\/wp-json\/wp\/v2\/pages\/112","targetHints":{"allow":["GET"]}}],"collection":[{"href":"https:\/\/euthanasiasleep.com\/fr\/wp-json\/wp\/v2\/pages"}],"about":[{"href":"https:\/\/euthanasiasleep.com\/fr\/wp-json\/wp\/v2\/types\/page"}],"author":[{"embeddable":true,"href":"https:\/\/euthanasiasleep.com\/fr\/wp-json\/wp\/v2\/users\/1"}],"replies":[{"embeddable":true,"href":"https:\/\/euthanasiasleep.com\/fr\/wp-json\/wp\/v2\/comments?post=112"}],"version-history":[{"count":2,"href":"https:\/\/euthanasiasleep.com\/fr\/wp-json\/wp\/v2\/pages\/112\/revisions"}],"predecessor-version":[{"id":114,"href":"https:\/\/euthanasiasleep.com\/fr\/wp-json\/wp\/v2\/pages\/112\/revisions\/114"}],"wp:attachment":[{"href":"https:\/\/euthanasiasleep.com\/fr\/wp-json\/wp\/v2\/media?parent=112"}],"wp:term":[{"taxonomy":"category","embeddable":true,"href":"https:\/\/euthanasiasleep.com\/fr\/wp-json\/wp\/v2\/categories?post=112"},{"taxonomy":"post_tag","embeddable":true,"href":"https:\/\/euthanasiasleep.com\/fr\/wp-json\/wp\/v2\/tags?post=112"}],"curies":[{"name":"wp","href":"https:\/\/api.w.org\/{rel}","templated":true}]}}