{"id":116,"date":"2025-03-03T01:25:18","date_gmt":"2025-03-03T01:25:18","guid":{"rendered":"https:\/\/euthanasiasleep.com\/?page_id=116"},"modified":"2025-03-03T01:39:16","modified_gmt":"2025-03-03T01:39:16","slug":"refund-and-return-policy","status":"publish","type":"page","link":"https:\/\/euthanasiasleep.com\/fr\/refund-and-return-policy\/","title":{"rendered":"Politique de remboursement et de retour"},"content":{"rendered":"<div class=\"banner has-hover\" id=\"banner-975528347\">\n          <div class=\"banner-inner fill\">\n        <div class=\"banner-bg fill\" >\n            <img loading=\"lazy\" decoding=\"async\" width=\"372\" height=\"248\" src=\"https:\/\/euthanasiasleep.com\/wp-content\/uploads\/2025\/03\/towfiqu-barbhuiya-w8p9cQDLX7I-unsplash-1-768x512-372x.webp\" class=\"bg attachment-large size-large\" alt=\"\" \/>                        <div class=\"overlay\"><\/div>            \n                    <\/div>\n\t\t\n        <div class=\"banner-layers container\">\n            <div class=\"fill banner-link\"><\/div>            \n\n   <div id=\"text-box-183531853\" class=\"text-box banner-layer x50 md-x50 lg-x50 y50 md-y50 lg-y50 res-text\">\n                                <div class=\"text-box-content text dark\">\n              \n              <div class=\"text-inner text-center\">\n                  \n\n\t<div id=\"text-3053223109\" class=\"text\">\n\t\t\n\n<h1 class=\"entry-title title\">Politique de remboursement et de retour<\/h1>\n\t\t\n<style>\n#text-3053223109 {\n  font-size: 0.9rem;\n}\n<\/style>\n\t<\/div>\n\t\n\n              <\/div>\n           <\/div>\n                            \n<style>\n#text-box-183531853 {\n  width: 60%;\n}\n#text-box-183531853 .text-box-content {\n  font-size: 100%;\n}\n<\/style>\n    <\/div>\n \n\n        <\/div>\n      <\/div>\n\n            \n<style>\n#banner-975528347 {\n  padding-top: 186px;\n}\n#banner-975528347 .overlay {\n  background-color: rgba(0, 0, 0, 0.872);\n}\n#banner-975528347 .banner-bg img {\n  object-position: 45% 51%;\n}\n<\/style>\n  <\/div>\n\n\n\n\t<section class=\"section\" id=\"section_1421081441\">\n\t\t<div class=\"section-bg fill\" >\n\t\t\t\t\t\t\t\t\t\n\t\t\t\n\n\t\t<\/div>\n\n\t\t\n\n\t\t<div class=\"section-content relative\">\n\t\t\t\n\n<div class=\"row align-center\"  id=\"row-120001584\">\n\n\n\t<div id=\"col-653946076\" class=\"col medium-10 small-12 large-10\"  >\n\t\t\t\t<div class=\"col-inner text-center\"  >\n\t\t\t\n\t\t\t\n\n<div class=\"elementor-element elementor-element-050d4fa wd-width-100 elementor-widget elementor-widget-wd_title\" data-id=\"050d4fa\" data-element_type=\"widget\" data-widget_type=\"wd_title.default\">\n<div class=\"elementor-widget-container\">\n<div class=\"title-wrapper wd-set-mb reset-last-child wd-title-color-default wd-title-style-default wd-title-size-default text-left\">\n<div class=\"title-subtitle subtitle-color-default subtitle-style-background wd-fontsize-xs\"><span data-text-color=\"primary\">Client\u00a0<strong>Satisfaction garantie<\/strong><\/span><\/div>\n<div class=\"liner-continer\">\n<h4 class=\"woodmart-title-container title wd-fontsize-l\">\u00a0<\/h4>\n<\/div>\n<div class=\"title-after_title reset-last-child wd-fontsize-xs\">\n<ul>\n<li><span data-text-color=\"primary\">Au\u00a0<a href=\"http:\/\/euthanasiasleep.com\/fr\/\"><strong>euthanasie sommeil<\/strong><\/a>Nous nous effor\u00e7ons de garantir \u00e0 nos clients une exp\u00e9rience sans faille. Si vous n'\u00eates pas satisfait de votre achat ou si vous rencontrez un probl\u00e8me, notre politique de remboursement et de retour d\u00e9crit vos droits et la mani\u00e8re dont nous pouvons vous aider.<\/span><\/li>\n<li><span data-text-color=\"primary\">Vous pouvez vous connecter \u00e0 votre page de compte pour voir la commande que vous souhaitez retourner.<\/span><\/li>\n<\/ul>\n<\/div>\n<\/div>\n<\/div>\n<\/div>\n<div class=\"elementor-element elementor-element-b42523b elementor-widget-divider--view-line elementor-widget elementor-widget-divider\" data-id=\"b42523b\" data-element_type=\"widget\" data-widget_type=\"divider.default\">\n<div class=\"elementor-widget-container\">\n<div class=\"elementor-divider\">\u00a0<\/div>\n<\/div>\n<\/div>\n<div class=\"elementor-element elementor-element-8c295c6 wd-width-100 elementor-widget elementor-widget-wd_title\" data-id=\"8c295c6\" data-element_type=\"widget\" data-widget_type=\"wd_title.default\">\n<div class=\"elementor-widget-container\">\n<div class=\"title-wrapper wd-set-mb reset-last-child wd-title-color-default wd-title-style-default wd-title-size-default text-left\">\n<div class=\"title-subtitle subtitle-color-default subtitle-style-background wd-fontsize-xs\"><span data-text-color=\"primary\">\u00c9ligibilit\u00e9 aux retours<\/span><\/div>\n<div class=\"liner-continer\">\n<h4 class=\"woodmart-title-container title wd-fontsize-l\">\u00a0<\/h4>\n<\/div>\n<div class=\"title-after_title reset-last-child wd-fontsize-xs\">\n<ul>\n<li>\n<p><span data-text-color=\"primary\">Nous acceptons les retours dans les conditions suivantes :<\/span><\/p>\n<ul>\n<li><span data-text-color=\"primary\">Le produit n'a pas \u00e9t\u00e9 utilis\u00e9, n'a pas \u00e9t\u00e9 ouvert et se trouve dans son emballage d'origine.<\/span><\/li>\n<li><span data-text-color=\"primary\">La demande de retour doit \u00eatre introduite dans les 14 jours suivant la livraison.<\/span><\/li>\n<li><span data-text-color=\"primary\">Une preuve d'achat, telle qu'une confirmation de commande ou un re\u00e7u, est fournie.<\/span><\/li>\n<\/ul>\n<p><span data-text-color=\"primary\"><strong>Remarque :<\/strong>\u00a0Certains articles peuvent ne pas \u00eatre repris pour des raisons de s\u00e9curit\u00e9 ou de r\u00e9glementation. Veuillez contacter notre \u00e9quipe d'assistance pour plus d'informations.<\/span><\/p>\n<\/li>\n<\/ul>\n<\/div>\n<\/div>\n<\/div>\n<\/div>\n<div class=\"elementor-element elementor-element-911a669 elementor-widget-divider--view-line elementor-widget elementor-widget-divider\" data-id=\"911a669\" data-element_type=\"widget\" data-widget_type=\"divider.default\">\n<div class=\"elementor-widget-container\">\n<div class=\"elementor-divider\">\u00a0<\/div>\n<\/div>\n<\/div>\n<div class=\"elementor-element elementor-element-0e402dd wd-width-100 elementor-widget elementor-widget-wd_title\" data-id=\"0e402dd\" data-element_type=\"widget\" data-widget_type=\"wd_title.default\">\n<div class=\"elementor-widget-container\">\n<div class=\"title-wrapper wd-set-mb reset-last-child wd-title-color-default wd-title-style-default wd-title-size-default text-left\">\n<div class=\"title-subtitle subtitle-color-default subtitle-style-background wd-fontsize-xs\"><span data-text-color=\"primary\">Politique de remboursement<\/span><\/div>\n<div class=\"liner-continer\">\n<h4 class=\"woodmart-title-container title wd-fontsize-l\">\u00a0<\/h4>\n<\/div>\n<div class=\"title-after_title reset-last-child wd-fontsize-xs\">\n<p><span data-text-color=\"primary\">Les remboursements sont effectu\u00e9s pour les retours approuv\u00e9s dans le cadre de ces directives :<\/span><\/p>\n<ul>\n<li><span data-text-color=\"primary\"><strong>Remboursement int\u00e9gral :<\/strong>\u00a0D\u00e9livr\u00e9 pour les articles retourn\u00e9s dans leur \u00e9tat d'origine.<\/span><\/li>\n<li><span data-text-color=\"primary\"><strong>Remboursements partiels :<\/strong>\u00a0S'applique aux articles qui ont \u00e9t\u00e9 endommag\u00e9s pendant le transport ou dont des \u00e9l\u00e9ments sont manquants.<\/span><\/li>\n<\/ul>\n<p><span data-text-color=\"primary\">Les remboursements seront effectu\u00e9s dans les 5 \u00e0 10 jours ouvrables suivant la r\u00e9ception et l'inspection de l'article retourn\u00e9.<\/span><\/p>\n<p>\u00a0<\/p>\n<\/div>\n<\/div>\n<\/div>\n<\/div>\n<div class=\"elementor-element elementor-element-da64a50 wd-width-100 elementor-widget elementor-widget-wd_title\" data-id=\"da64a50\" data-element_type=\"widget\" data-widget_type=\"wd_title.default\">\n<div class=\"elementor-widget-container\">\n<div class=\"title-wrapper wd-set-mb reset-last-child wd-title-color-default wd-title-style-default wd-title-size-default text-left\">\n<div class=\"liner-continer\">\n<h4 class=\"woodmart-title-container title wd-fontsize-l\"><span data-text-color=\"primary\">Comment demander un retour ou un remboursement<\/span><\/h4>\n<\/div>\n<div class=\"title-after_title reset-last-child wd-fontsize-xs\">\n<ol>\n<li><span data-text-color=\"primary\"><strong>Nous contacter<\/strong>: Envoyez-nous un courriel \u00e0\u00a0<strong><a rel=\"noopener\">service@nembutalman.com<\/a><\/strong>\u00a0ou utilisez notre formulaire de contact pour entamer le processus.<\/span><\/li>\n<li><span data-text-color=\"primary\"><strong>Fournir des d\u00e9tails<\/strong>: Indiquez votre num\u00e9ro de commande, le motif du retour et toutes les photos pertinentes (le cas \u00e9ch\u00e9ant).<\/span><\/li>\n<li><span data-text-color=\"primary\"><strong>Autorisation de retour<\/strong>: Attendez l'autorisation de retour et les instructions d'exp\u00e9dition de notre \u00e9quipe d'assistance.<\/span><\/li>\n<li><span data-text-color=\"primary\"><strong>Exp\u00e9dier l'article<\/strong>: Emballer le produit de mani\u00e8re s\u00e9curis\u00e9e et l'exp\u00e9dier \u00e0 l'adresse indiqu\u00e9e.<\/span><\/li>\n<\/ol>\n<\/div>\n<\/div>\n<\/div>\n<\/div>\n<div class=\"elementor-element elementor-element-8319d8c elementor-widget-divider--view-line elementor-widget elementor-widget-divider\" data-id=\"8319d8c\" data-element_type=\"widget\" data-widget_type=\"divider.default\">\n<div class=\"elementor-widget-container\">\n<div class=\"elementor-divider\">\u00a0<\/div>\n<\/div>\n<\/div>\n<div class=\"elementor-element elementor-element-859d9d1 wd-width-100 elementor-widget elementor-widget-wd_title\" data-id=\"859d9d1\" data-element_type=\"widget\" data-widget_type=\"wd_title.default\">\n<div class=\"elementor-widget-container\">\n<div class=\"title-wrapper wd-set-mb reset-last-child wd-title-color-default wd-title-style-default wd-title-size-default text-left\">\n<div class=\"title-subtitle subtitle-color-default subtitle-style-background wd-fontsize-xs\"><span data-text-color=\"primary\">Frais d'exp\u00e9dition pour les retours<\/span><\/div>\n<div class=\"liner-continer\">\n<h4 class=\"woodmart-title-container title wd-fontsize-l\">\u00a0<\/h4>\n<\/div>\n<div class=\"title-after_title reset-last-child wd-fontsize-xs\">\n<ul>\n<li><span data-text-color=\"primary\">Les frais de retour sont \u00e0 la charge du client, sauf si le retour est d\u00fb \u00e0 une erreur de notre part (par exemple, un mauvais article exp\u00e9di\u00e9).<\/span><\/li>\n<li><span data-text-color=\"primary\">Nous recommandons d'utiliser une m\u00e9thode d'exp\u00e9dition tra\u00e7able pour garantir une livraison s\u00fbre.<\/span><\/li>\n<\/ul>\n<\/div>\n<\/div>\n<\/div>\n<\/div>\n<div class=\"elementor-element elementor-element-b2f8309 elementor-widget-divider--view-line elementor-widget elementor-widget-divider\" data-id=\"b2f8309\" data-element_type=\"widget\" data-widget_type=\"divider.default\">\n<div class=\"elementor-widget-container\">\n<div class=\"elementor-divider\">\u00a0<\/div>\n<\/div>\n<\/div>\n<div class=\"elementor-element elementor-element-7687650 wd-width-100 elementor-widget elementor-widget-wd_title\" data-id=\"7687650\" data-element_type=\"widget\" data-widget_type=\"wd_title.default\">\n<div class=\"elementor-widget-container\">\n<div class=\"title-wrapper wd-set-mb reset-last-child wd-title-color-default wd-title-style-default wd-title-size-default text-left\">\n<div class=\"title-subtitle subtitle-color-default subtitle-style-background wd-fontsize-xs\"><span data-text-color=\"primary\">Articles non remboursables<\/span><\/div>\n<div class=\"liner-continer\">\n<h4 class=\"woodmart-title-container title wd-fontsize-l\">\u00a0<\/h4>\n<\/div>\n<div class=\"title-after_title reset-last-child wd-fontsize-xs\">\n<p><span data-text-color=\"primary\">Nous n'offrons pas de remboursement pour :<\/span><\/p>\n<ul>\n<li><span data-text-color=\"primary\">Produits achet\u00e9s sans autorisation pr\u00e9alable.<\/span><\/li>\n<li><span data-text-color=\"primary\">Les articles qui ont \u00e9t\u00e9 utilis\u00e9s, ouverts ou alt\u00e9r\u00e9s.<\/span><\/li>\n<li><span data-text-color=\"primary\">Commandes retenues ou confisqu\u00e9es par les douanes pour des raisons r\u00e9glementaires.<\/span><\/li>\n<\/ul>\n<p>\u00a0<\/p>\n<\/div>\n<\/div>\n<\/div>\n<\/div>\n<div class=\"elementor-element elementor-element-48d0e82 elementor-widget-divider--view-line elementor-widget elementor-widget-divider\" data-id=\"48d0e82\" data-element_type=\"widget\" data-widget_type=\"divider.default\">\n<div class=\"elementor-widget-container\">\n<div class=\"elementor-divider\">\u00a0<\/div>\n<\/div>\n<\/div>\n<div class=\"elementor-element elementor-element-c9dff48 wd-width-100 elementor-widget elementor-widget-wd_title\" data-id=\"c9dff48\" data-element_type=\"widget\" data-widget_type=\"wd_title.default\">\n<div class=\"elementor-widget-container\">\n<div class=\"title-wrapper wd-set-mb reset-last-child wd-title-color-default wd-title-style-default wd-title-size-default text-left\">\n<div class=\"title-subtitle subtitle-color-default subtitle-style-background wd-fontsize-xs\"><span data-text-color=\"primary\">Produits endommag\u00e9s ou d\u00e9fectueux<\/span><\/div>\n<div class=\"liner-continer\">\n<h4 class=\"woodmart-title-container title wd-fontsize-l\">\u00a0<\/h4>\n<\/div>\n<div class=\"title-after_title reset-last-child wd-fontsize-xs\">\n<ul>\n<li><span data-text-color=\"primary\">Si vous recevez un produit endommag\u00e9 ou d\u00e9fectueux, veuillez nous contacter imm\u00e9diatement. Nous pourrons vous proposer un remplacement ou un remboursement complet, en fonction de la situation.<\/span><\/li>\n<\/ul>\n<\/div>\n<\/div>\n<\/div>\n<\/div>\n\n\t\t<\/div>\n\t\t\t\t\t<\/div>\n\n\t\n\n<\/div>\n\n\t\t<\/div>\n\n\t\t\n<style>\n#section_1421081441 {\n  padding-top: 60px;\n  padding-bottom: 60px;\n  min-height: 300px;\n  background-color: rgb(0, 0, 0);\n}\n<\/style>\n\t<\/section>","protected":false},"excerpt":{"rendered":"","protected":false},"author":1,"featured_media":0,"parent":0,"menu_order":0,"comment_status":"closed","ping_status":"closed","template":"","meta":{"footnotes":""},"categories":[],"tags":[],"class_list":["post-116","page","type-page","status-publish","hentry"],"yoast_head":"<!-- This site is optimized with the Yoast SEO Premium plugin v26.2 (Yoast SEO v26.2) - https:\/\/yoast.com\/wordpress\/plugins\/seo\/ -->\n<title>Refund and Return Policy - euthanasiasleep.com<\/title>\n<meta name=\"robots\" content=\"index, follow, max-snippet:-1, max-image-preview:large, max-video-preview:-1\" \/>\n<link rel=\"canonical\" href=\"https:\/\/euthanasiasleep.com\/fr\/refund-and-return-policy\/\" \/>\n<meta property=\"og:locale\" content=\"fr_FR\" \/>\n<meta property=\"og:type\" content=\"article\" \/>\n<meta property=\"og:title\" content=\"Refund and Return Policy\" \/>\n<meta property=\"og:url\" content=\"https:\/\/euthanasiasleep.com\/fr\/refund-and-return-policy\/\" \/>\n<meta property=\"og:site_name\" content=\"euthanasiasleep.com\" \/>\n<meta property=\"article:modified_time\" content=\"2025-03-03T01:39:16+00:00\" \/>\n<meta name=\"twitter:card\" content=\"summary_large_image\" \/>\n<meta name=\"twitter:label1\" content=\"Dur\u00e9e de lecture estim\u00e9e\" \/>\n\t<meta name=\"twitter:data1\" content=\"2 minutes\" \/>\n<script type=\"application\/ld+json\" class=\"yoast-schema-graph\">{\"@context\":\"https:\/\/schema.org\",\"@graph\":[{\"@type\":\"WebPage\",\"@id\":\"https:\/\/euthanasiasleep.com\/refund-and-return-policy\/\",\"url\":\"https:\/\/euthanasiasleep.com\/refund-and-return-policy\/\",\"name\":\"Refund and Return Policy - euthanasiasleep.com\",\"isPartOf\":{\"@id\":\"https:\/\/euthanasiasleep.com\/#website\"},\"datePublished\":\"2025-03-03T01:25:18+00:00\",\"dateModified\":\"2025-03-03T01:39:16+00:00\",\"breadcrumb\":{\"@id\":\"https:\/\/euthanasiasleep.com\/refund-and-return-policy\/#breadcrumb\"},\"inLanguage\":\"fr-FR\",\"potentialAction\":[{\"@type\":\"ReadAction\",\"target\":[\"https:\/\/euthanasiasleep.com\/refund-and-return-policy\/\"]}]},{\"@type\":\"BreadcrumbList\",\"@id\":\"https:\/\/euthanasiasleep.com\/refund-and-return-policy\/#breadcrumb\",\"itemListElement\":[{\"@type\":\"ListItem\",\"position\":1,\"name\":\"Home\",\"item\":\"https:\/\/euthanasiasleep.com\/\"},{\"@type\":\"ListItem\",\"position\":2,\"name\":\"Refund and Return Policy\"}]},{\"@type\":\"WebSite\",\"@id\":\"https:\/\/euthanasiasleep.com\/#website\",\"url\":\"https:\/\/euthanasiasleep.com\/\",\"name\":\"Euthanasia Sleep\",\"description\":\"Euthanasia Sleep\",\"publisher\":{\"@id\":\"https:\/\/euthanasiasleep.com\/#organization\"},\"alternateName\":\"EuthanasiaSleep\",\"potentialAction\":[{\"@type\":\"SearchAction\",\"target\":{\"@type\":\"EntryPoint\",\"urlTemplate\":\"https:\/\/euthanasiasleep.com\/?s={search_term_string}\"},\"query-input\":{\"@type\":\"PropertyValueSpecification\",\"valueRequired\":true,\"valueName\":\"search_term_string\"}}],\"inLanguage\":\"fr-FR\"},{\"@type\":\"Organization\",\"@id\":\"https:\/\/euthanasiasleep.com\/#organization\",\"name\":\"Euthanasia Sleep\",\"alternateName\":\"EuthanasiaSleep\",\"url\":\"https:\/\/euthanasiasleep.com\/\",\"logo\":{\"@type\":\"ImageObject\",\"inLanguage\":\"fr-FR\",\"@id\":\"https:\/\/euthanasiasleep.com\/#\/schema\/logo\/image\/\",\"url\":\"https:\/\/euthanasiasleep.com\/wp-content\/uploads\/2025\/03\/kisspng-health-care-public-health-medicine-hospital-cupped-hands-5b5bed5c4cf652.0198420915327511963153.jpg\",\"contentUrl\":\"https:\/\/euthanasiasleep.com\/wp-content\/uploads\/2025\/03\/kisspng-health-care-public-health-medicine-hospital-cupped-hands-5b5bed5c4cf652.0198420915327511963153.jpg\",\"width\":900,\"height\":800,\"caption\":\"Euthanasia Sleep\"},\"image\":{\"@id\":\"https:\/\/euthanasiasleep.com\/#\/schema\/logo\/image\/\"}}]}<\/script>\n<!-- \/ Yoast SEO Premium plugin. -->","yoast_head_json":{"title":"Refund and Return Policy - euthanasiasleep.com","robots":{"index":"index","follow":"follow","max-snippet":"max-snippet:-1","max-image-preview":"max-image-preview:large","max-video-preview":"max-video-preview:-1"},"canonical":"https:\/\/euthanasiasleep.com\/fr\/refund-and-return-policy\/","og_locale":"fr_FR","og_type":"article","og_title":"Refund and Return Policy","og_url":"https:\/\/euthanasiasleep.com\/fr\/refund-and-return-policy\/","og_site_name":"euthanasiasleep.com","article_modified_time":"2025-03-03T01:39:16+00:00","twitter_card":"summary_large_image","twitter_misc":{"Dur\u00e9e de lecture estim\u00e9e":"2 minutes"},"schema":{"@context":"https:\/\/schema.org","@graph":[{"@type":"WebPage","@id":"https:\/\/euthanasiasleep.com\/refund-and-return-policy\/","url":"https:\/\/euthanasiasleep.com\/refund-and-return-policy\/","name":"Refund and Return Policy - euthanasiasleep.com","isPartOf":{"@id":"https:\/\/euthanasiasleep.com\/#website"},"datePublished":"2025-03-03T01:25:18+00:00","dateModified":"2025-03-03T01:39:16+00:00","breadcrumb":{"@id":"https:\/\/euthanasiasleep.com\/refund-and-return-policy\/#breadcrumb"},"inLanguage":"fr-FR","potentialAction":[{"@type":"ReadAction","target":["https:\/\/euthanasiasleep.com\/refund-and-return-policy\/"]}]},{"@type":"BreadcrumbList","@id":"https:\/\/euthanasiasleep.com\/refund-and-return-policy\/#breadcrumb","itemListElement":[{"@type":"ListItem","position":1,"name":"Home","item":"https:\/\/euthanasiasleep.com\/"},{"@type":"ListItem","position":2,"name":"Refund and Return Policy"}]},{"@type":"WebSite","@id":"https:\/\/euthanasiasleep.com\/#website","url":"https:\/\/euthanasiasleep.com\/","name":"Euthanasie Sommeil","description":"Euthanasie Sommeil","publisher":{"@id":"https:\/\/euthanasiasleep.com\/#organization"},"alternateName":"EuthanasiaSleep","potentialAction":[{"@type":"SearchAction","target":{"@type":"EntryPoint","urlTemplate":"https:\/\/euthanasiasleep.com\/?s={search_term_string}"},"query-input":{"@type":"PropertyValueSpecification","valueRequired":true,"valueName":"search_term_string"}}],"inLanguage":"fr-FR"},{"@type":"Organization","@id":"https:\/\/euthanasiasleep.com\/#organization","name":"Euthanasie Sommeil","alternateName":"EuthanasiaSleep","url":"https:\/\/euthanasiasleep.com\/","logo":{"@type":"ImageObject","inLanguage":"fr-FR","@id":"https:\/\/euthanasiasleep.com\/#\/schema\/logo\/image\/","url":"https:\/\/euthanasiasleep.com\/wp-content\/uploads\/2025\/03\/kisspng-health-care-public-health-medicine-hospital-cupped-hands-5b5bed5c4cf652.0198420915327511963153.jpg","contentUrl":"https:\/\/euthanasiasleep.com\/wp-content\/uploads\/2025\/03\/kisspng-health-care-public-health-medicine-hospital-cupped-hands-5b5bed5c4cf652.0198420915327511963153.jpg","width":900,"height":800,"caption":"Euthanasia Sleep"},"image":{"@id":"https:\/\/euthanasiasleep.com\/#\/schema\/logo\/image\/"}}]}},"_links":{"self":[{"href":"https:\/\/euthanasiasleep.com\/fr\/wp-json\/wp\/v2\/pages\/116","targetHints":{"allow":["GET"]}}],"collection":[{"href":"https:\/\/euthanasiasleep.com\/fr\/wp-json\/wp\/v2\/pages"}],"about":[{"href":"https:\/\/euthanasiasleep.com\/fr\/wp-json\/wp\/v2\/types\/page"}],"author":[{"embeddable":true,"href":"https:\/\/euthanasiasleep.com\/fr\/wp-json\/wp\/v2\/users\/1"}],"replies":[{"embeddable":true,"href":"https:\/\/euthanasiasleep.com\/fr\/wp-json\/wp\/v2\/comments?post=116"}],"version-history":[{"count":3,"href":"https:\/\/euthanasiasleep.com\/fr\/wp-json\/wp\/v2\/pages\/116\/revisions"}],"predecessor-version":[{"id":119,"href":"https:\/\/euthanasiasleep.com\/fr\/wp-json\/wp\/v2\/pages\/116\/revisions\/119"}],"wp:attachment":[{"href":"https:\/\/euthanasiasleep.com\/fr\/wp-json\/wp\/v2\/media?parent=116"}],"wp:term":[{"taxonomy":"category","embeddable":true,"href":"https:\/\/euthanasiasleep.com\/fr\/wp-json\/wp\/v2\/categories?post=116"},{"taxonomy":"post_tag","embeddable":true,"href":"https:\/\/euthanasiasleep.com\/fr\/wp-json\/wp\/v2\/tags?post=116"}],"curies":[{"name":"wp","href":"https:\/\/api.w.org\/{rel}","templated":true}]}}