{"id":17,"date":"2025-03-01T20:07:58","date_gmt":"2025-03-01T20:07:58","guid":{"rendered":"https:\/\/euthanasiasleep.com\/?page_id=17"},"modified":"2025-03-03T15:36:27","modified_gmt":"2025-03-03T15:36:27","slug":"about-us","status":"publish","type":"page","link":"https:\/\/euthanasiasleep.com\/fr\/about-us\/","title":{"rendered":"A propos de nous"},"content":{"rendered":"<div class=\"img has-hover x md-x lg-x y md-y lg-y\" id=\"image_634068308\">\n\t\t\t\t\t\t\t\t<div class=\"img-inner dark\" >\n\t\t\t<img loading=\"lazy\" decoding=\"async\" width=\"1000\" height=\"750\" src=\"https:\/\/euthanasiasleep.com\/wp-content\/uploads\/2025\/03\/About_us.webp\" class=\"attachment-large size-large\" alt=\"\" srcset=\"https:\/\/euthanasiasleep.com\/wp-content\/uploads\/2025\/03\/About_us.webp 1000w, https:\/\/euthanasiasleep.com\/wp-content\/uploads\/2025\/03\/About_us-300x225.webp 300w, https:\/\/euthanasiasleep.com\/wp-content\/uploads\/2025\/03\/About_us-768x576.webp 768w, https:\/\/euthanasiasleep.com\/wp-content\/uploads\/2025\/03\/About_us-600x450.webp 600w\" sizes=\"auto, (max-width: 1000px) 100vw, 1000px\" \/>\t\t\t\t\t\t\n\t\t\t\t\t<\/div>\n\t\t\t\t\t\t\t\t\n<style>\n#image_634068308 {\n  width: 100%;\n}\n<\/style>\n\t<\/div>\n\t\n\n<div class=\"row\"  id=\"row-1915879718\">\n\n\n\t<div id=\"col-660587931\" class=\"col small-12 large-12\"  >\n\t\t\t\t<div class=\"col-inner\"  >\n\t\t\t\n\t\t\t\n\n<div class=\"row\"  id=\"row-2121135294\">\n\n\n\t<div id=\"col-796545284\" class=\"col medium-6 small-12 large-6\"  >\n\t\t\t\t<div class=\"col-inner\"  >\n\t\t\t\n\t\t\t\n\n\n\t<section class=\"section dark\" id=\"section_374297226\">\n\t\t<div class=\"section-bg fill\" >\n\t\t\t\t\t\t\t\t\t\n\t\t\t\n\n\t\t<\/div>\n\n\t\t\n\n\t\t<div class=\"section-content relative\">\n\t\t\t\n\n<div class=\"row\"  id=\"row-1050834905\">\n\n\n\t<div id=\"col-81585790\" class=\"col small-12 large-12\"  >\n\t\t\t\t<div class=\"col-inner\"  >\n\t\t\t\n\t\t\t\n\n<div class=\"container section-title-container\" ><h1 class=\"section-title section-title-normal\"><b><\/b><span class=\"section-title-main\" >Qui sommes-nous ?<\/span><b><\/b><\/h1><\/div>\n\n\n\t\t<\/div>\n\t\t\t\t\t<\/div>\n\n\t\n\n<\/div>\n<p>Bienvenue \u00e0\u00a0<strong>L'euthanasie en sommeil <\/strong>Nous sommes un fournisseur fiable d'informations pr\u00e9cises et compl\u00e8tes sur le Nembutal (pentobarbital sodique). Notre mission est d'\u00e9duquer, d'informer et de responsabiliser les personnes \u00e0 la recherche d'informations fiables sur cette substance largement reconnue, ses applications et ses implications.<\/p>\n<p>Euthanasia Sleep est une plateforme en ligne agr\u00e9\u00e9e qui a pour mission de fournir des services d'euthanasie comp\u00e9tents et compatissants dans toute l'Europe, aux \u00c9tats-Unis et en Asie. Motiv\u00e9e par la vision de Huib Drion, notre \u00e9quipe de membres du clerg\u00e9 et de professionnels de la sant\u00e9 d\u00e9fend le droit \u00e0 une mort digne. Nous aidons les personnes souffrant de d\u00e9mence et d'autres maladies en phase terminale \u00e0 prendre des d\u00e9cisions \u00e9clair\u00e9es concernant leurs derniers jours. Nous fournissons nos services avec le plus grand soin et le plus grand respect, car nous accordons de l'importance \u00e0 la discr\u00e9tion et \u00e0 la confiance. Nous proposons \u00e9galement du mat\u00e9riel p\u00e9dagogique pour vous aider \u00e0 prendre les meilleures d\u00e9cisions et nous soutenons activement la l\u00e9galisation de l'euthanasie en Europe, aux \u00c9tats-Unis et en Asie.<br \/>Nous appr\u00e9cions la confiance que vous accordez \u00e0 Nembutal Mann tout au long de cette importante transition de vie.<\/p>\n\n\t\t<\/div>\n\n\t\t\n<style>\n#section_374297226 {\n  padding-top: 30px;\n  padding-bottom: 30px;\n  background-color: rgb(48, 149, 156);\n}\n<\/style>\n\t<\/section>\n\t\n\n\t\t<\/div>\n\t\t\t\t\t<\/div>\n\n\t\n\n\t<div id=\"col-2025820155\" class=\"col medium-6 small-12 large-6\"  >\n\t\t\t\t<div class=\"col-inner\"  >\n\t\t\t\n\t\t\t\n\n<div class=\"accordion\">\n\n\t<div id=\"accordion-3704681537\" class=\"accordion-item\">\n\t\t<a id=\"accordion-3704681537-label\" class=\"accordion-title plain\" href=\"#accordion-item-our-commitment\" aria-expanded=\"false\" aria-controls=\"accordion-3704681537-content\" >\n\t\t\t<button class=\"toggle\" aria-label=\"Basculer\"><i class=\"icon-angle-down\"><\/i><\/button>\n\t\t\t<span>Notre engagement<\/span>\n\t\t<\/a>\n\t\t<div id=\"accordion-3704681537-content\" class=\"accordion-inner\" aria-labelledby=\"accordion-3704681537-label\" >\n\t\t\t\n\n<p>Nous privil\u00e9gions la transparence, le professionnalisme et l'exactitude dans tous nos contenus. Que vous soyez un professionnel de la sant\u00e9, un chercheur ou un particulier \u00e0 la recherche d'options, notre plateforme constitue une ressource fiable pour en savoir plus :<\/p>\n<ul>\n<li>Utilisations m\u00e9dicales et v\u00e9t\u00e9rinaires du Nembutal.<\/li>\n<li>Dosage appropri\u00e9 et directives d'administration.<\/li>\n<li>R\u00e9glementations juridiques et consid\u00e9rations \u00e9thiques.<\/li>\n<\/ul>\n<p>Notre contenu fait l'objet de recherches m\u00e9ticuleuses et respecte des normes strictes afin de garantir que vous receviez uniquement les informations les plus pr\u00e9cises et les plus pertinentes.<\/p>\n\n\t\t<\/div>\n\t<\/div>\n\t\n\t<div id=\"accordion-1339819677\" class=\"accordion-item\">\n\t\t<a id=\"accordion-1339819677-label\" class=\"accordion-title plain\" href=\"#accordion-item-why-choose-us?\" aria-expanded=\"false\" aria-controls=\"accordion-1339819677-content\" >\n\t\t\t<button class=\"toggle\" aria-label=\"Basculer\"><i class=\"icon-angle-down\"><\/i><\/button>\n\t\t\t<span>Pourquoi nous choisir ?<\/span>\n\t\t<\/a>\n\t\t<div id=\"accordion-1339819677-content\" class=\"accordion-inner\" aria-labelledby=\"accordion-1339819677-label\" >\n\t\t\t\n\n<p>A propos de nous, Chez Nembutal Mann, nous nous engageons \u00e0.. :<\/p>\n<ul>\n<li><strong>Fournir une expertise :<\/strong>\u00a0Notre \u00e9quipe travaille sans rel\u00e2che pour fournir un contenu bien document\u00e9 et actualis\u00e9.<\/li>\n<li><strong>Favoriser la responsabilit\u00e9 :<\/strong>\u00a0Nous promouvons une utilisation s\u00fbre et inform\u00e9e par le biais de l'\u00e9ducation et de la d\u00e9fense des droits.<\/li>\n<li><strong>Garantir la conformit\u00e9 :<\/strong>\u00a0Nous aidons les utilisateurs \u00e0 comprendre le cadre juridique et \u00e9thique entourant le Nembutal en Europe.<\/li>\n<\/ul>\n\n\t\t<\/div>\n\t<\/div>\n\t\n\t<div id=\"accordion-4268840800\" class=\"accordion-item\">\n\t\t<a id=\"accordion-4268840800-label\" class=\"accordion-title plain\" href=\"#accordion-item-our-values\" aria-expanded=\"false\" aria-controls=\"accordion-4268840800-content\" >\n\t\t\t<button class=\"toggle\" aria-label=\"Basculer\"><i class=\"icon-angle-down\"><\/i><\/button>\n\t\t\t<span>Nos valeurs<\/span>\n\t\t<\/a>\n\t\t<div id=\"accordion-4268840800-content\" class=\"accordion-inner\" aria-labelledby=\"accordion-4268840800-label\" >\n\t\t\t\n\n<ul>\n<li><strong>Int\u00e9grit\u00e9 :<\/strong>\u00a0Respecter l'honn\u00eatet\u00e9 et la pr\u00e9cision dans tous les aspects de notre travail.<\/li>\n<li><strong>Compassion :<\/strong>\u00a0Reconna\u00eetre la nature sensible des applications du Nembutal et les traiter avec soin.<\/li>\n<li><strong>\u00c9ducation :<\/strong>\u00a0Donner aux individus les moyens d'agir gr\u00e2ce \u00e0 des informations accessibles et fiables.<\/li>\n<\/ul>\n\n\t\t<\/div>\n\t<\/div>\n\t\n\n<\/div>\n<div class=\"accordion\">\n\n\t<div id=\"accordion-2066035886\" class=\"accordion-item\">\n\t\t<a id=\"accordion-2066035886-label\" class=\"accordion-title plain\" href=\"#accordion-item-our-vision\" aria-expanded=\"false\" aria-controls=\"accordion-2066035886-content\" >\n\t\t\t<button class=\"toggle\" aria-label=\"Basculer\"><i class=\"icon-angle-down\"><\/i><\/button>\n\t\t\t<span>Notre vision<\/span>\n\t\t<\/a>\n\t\t<div id=\"accordion-2066035886-content\" class=\"accordion-inner\" aria-labelledby=\"accordion-2066035886-label\" >\n\t\t\t\n\n<div class=\"wd-page-content main-page-wrapper\"><main class=\"wd-content-layout content-layout-wrapper container wd-sidebar-hidden-md-sm wd-sidebar-hidden-sm\" role=\"main\"><\/p>\n<div class=\"wd-content-area site-content\">\n<article id=\"post-20710\" class=\"entry-content post-20710 page type-page status-publish hentry\">\n<div class=\"elementor elementor-20710\" data-elementor-type=\"wp-page\" data-elementor-id=\"20710\" data-elementor-post-type=\"page\">\n<div class=\"wd-negative-gap elementor-element elementor-element-2b6a8ac e-flex e-con-boxed e-con e-parent e-lazyloaded\" data-id=\"2b6a8ac\" data-element_type=\"container\">\n<div class=\"e-con-inner\">\n<div class=\"elementor-element elementor-element-b6402df e-con-full e-flex e-con e-child\" data-id=\"b6402df\" data-element_type=\"container\">\n<div class=\"elementor-element elementor-element-9ee9c10 elementor-widget elementor-widget-n-accordion\" data-id=\"9ee9c10\" data-element_type=\"widget\" data-settings=\"{&quot;max_items_expended&quot;:&quot;multiple&quot;,&quot;default_state&quot;:&quot;expanded&quot;,&quot;n_accordion_animation_duration&quot;:{&quot;unit&quot;:&quot;ms&quot;,&quot;size&quot;:400,&quot;sizes&quot;:&#091;&#093;}}\" data-widget_type=\"nested-accordion.default\">\n<div class=\"elementor-widget-container\">\n<div class=\"e-n-accordion\" aria-label=\"Accord\u00e9on. Ouvrez les liens avec Enter ou Space, fermez-les avec Escape et naviguez avec les touches fl\u00e9ch\u00e9es.\">\n<details id=\"e-n-accordion-item-1663\" class=\"e-n-accordion-item\" open=\"\">\n<div class=\"elementor-element elementor-element-bbc973d e-con-full e-flex e-con e-child\" role=\"region\" aria-labelledby=\"e-n-accordion-item-1663\" data-id=\"bbc973d\" data-element_type=\"container\">\n<div class=\"elementor-element elementor-element-197c6d8 elementor-widget elementor-widget-wd_text_block\" data-id=\"197c6d8\" data-element_type=\"widget\" data-widget_type=\"wd_text_block.default\">\n<div class=\"elementor-widget-container\">\n<div class=\"wd-text-block reset-last-child text-left color-title\">\n<p>Nous aspirons \u00e0 \u00eatre la principale source d'information sur le Nembutal, en comblant les lacunes en mati\u00e8re de connaissances et en favorisant une prise de d\u00e9cision \u00e9clair\u00e9e pour tous.<\/p>\n<\/div>\n<\/div>\n<\/div>\n<\/div>\n<\/details>\n<\/div>\n<\/div>\n<\/div>\n<\/div>\n<\/div>\n<\/div>\n<\/div>\n<\/article>\n<\/div>\n<p><\/main><\/div>\n<div class=\"wd-prefooter\">\n<div class=\"container wd-entry-content\">\n<div class=\"elementor elementor-258\" data-elementor-type=\"wp-post\" data-elementor-id=\"258\" data-elementor-post-type=\"cms_block\">\u00a0<\/div>\n<\/div>\n<\/div>\n\n\t\t<\/div>\n\t<\/div>\n\t\n\n<\/div>\n\n\t\t<\/div>\n\t\t\t\t\t<\/div>\n\n\t\n\n<\/div>\n\n\t\t<\/div>\n\t\t\t\t\t<\/div>\n\n\t\n\n<\/div>","protected":false},"excerpt":{"rendered":"","protected":false},"author":1,"featured_media":0,"parent":0,"menu_order":0,"comment_status":"closed","ping_status":"closed","template":"","meta":{"footnotes":""},"categories":[],"tags":[],"class_list":["post-17","page","type-page","status-publish","hentry"],"yoast_head":"<!-- This site is optimized with the Yoast SEO Premium plugin v26.2 (Yoast SEO v26.2) - https:\/\/yoast.com\/wordpress\/plugins\/seo\/ -->\n<title>About us - euthanasiasleep.com<\/title>\n<meta name=\"robots\" content=\"index, follow, max-snippet:-1, max-image-preview:large, max-video-preview:-1\" \/>\n<link rel=\"canonical\" href=\"https:\/\/euthanasiasleep.com\/fr\/about-us\/\" \/>\n<meta property=\"og:locale\" content=\"fr_FR\" \/>\n<meta property=\"og:type\" content=\"article\" \/>\n<meta property=\"og:title\" content=\"About us\" \/>\n<meta property=\"og:url\" content=\"https:\/\/euthanasiasleep.com\/fr\/about-us\/\" \/>\n<meta property=\"og:site_name\" content=\"euthanasiasleep.com\" \/>\n<meta property=\"article:modified_time\" content=\"2025-03-03T15:36:27+00:00\" \/>\n<meta name=\"twitter:card\" content=\"summary_large_image\" \/>\n<meta name=\"twitter:label1\" content=\"Dur\u00e9e de lecture estim\u00e9e\" \/>\n\t<meta name=\"twitter:data1\" content=\"2 minutes\" \/>\n<script type=\"application\/ld+json\" class=\"yoast-schema-graph\">{\"@context\":\"https:\/\/schema.org\",\"@graph\":[{\"@type\":\"WebPage\",\"@id\":\"https:\/\/euthanasiasleep.com\/about-us\/\",\"url\":\"https:\/\/euthanasiasleep.com\/about-us\/\",\"name\":\"About us - euthanasiasleep.com\",\"isPartOf\":{\"@id\":\"https:\/\/euthanasiasleep.com\/#website\"},\"datePublished\":\"2025-03-01T20:07:58+00:00\",\"dateModified\":\"2025-03-03T15:36:27+00:00\",\"breadcrumb\":{\"@id\":\"https:\/\/euthanasiasleep.com\/about-us\/#breadcrumb\"},\"inLanguage\":\"fr-FR\",\"potentialAction\":[{\"@type\":\"ReadAction\",\"target\":[\"https:\/\/euthanasiasleep.com\/about-us\/\"]}]},{\"@type\":\"BreadcrumbList\",\"@id\":\"https:\/\/euthanasiasleep.com\/about-us\/#breadcrumb\",\"itemListElement\":[{\"@type\":\"ListItem\",\"position\":1,\"name\":\"Home\",\"item\":\"https:\/\/euthanasiasleep.com\/\"},{\"@type\":\"ListItem\",\"position\":2,\"name\":\"About us\"}]},{\"@type\":\"WebSite\",\"@id\":\"https:\/\/euthanasiasleep.com\/#website\",\"url\":\"https:\/\/euthanasiasleep.com\/\",\"name\":\"Euthanasia Sleep\",\"description\":\"Euthanasia Sleep\",\"publisher\":{\"@id\":\"https:\/\/euthanasiasleep.com\/#organization\"},\"alternateName\":\"EuthanasiaSleep\",\"potentialAction\":[{\"@type\":\"SearchAction\",\"target\":{\"@type\":\"EntryPoint\",\"urlTemplate\":\"https:\/\/euthanasiasleep.com\/?s={search_term_string}\"},\"query-input\":{\"@type\":\"PropertyValueSpecification\",\"valueRequired\":true,\"valueName\":\"search_term_string\"}}],\"inLanguage\":\"fr-FR\"},{\"@type\":\"Organization\",\"@id\":\"https:\/\/euthanasiasleep.com\/#organization\",\"name\":\"Euthanasia Sleep\",\"alternateName\":\"EuthanasiaSleep\",\"url\":\"https:\/\/euthanasiasleep.com\/\",\"logo\":{\"@type\":\"ImageObject\",\"inLanguage\":\"fr-FR\",\"@id\":\"https:\/\/euthanasiasleep.com\/#\/schema\/logo\/image\/\",\"url\":\"https:\/\/euthanasiasleep.com\/wp-content\/uploads\/2025\/03\/kisspng-health-care-public-health-medicine-hospital-cupped-hands-5b5bed5c4cf652.0198420915327511963153.jpg\",\"contentUrl\":\"https:\/\/euthanasiasleep.com\/wp-content\/uploads\/2025\/03\/kisspng-health-care-public-health-medicine-hospital-cupped-hands-5b5bed5c4cf652.0198420915327511963153.jpg\",\"width\":900,\"height\":800,\"caption\":\"Euthanasia Sleep\"},\"image\":{\"@id\":\"https:\/\/euthanasiasleep.com\/#\/schema\/logo\/image\/\"}}]}<\/script>\n<!-- \/ Yoast SEO Premium plugin. -->","yoast_head_json":{"title":"About us - euthanasiasleep.com","robots":{"index":"index","follow":"follow","max-snippet":"max-snippet:-1","max-image-preview":"max-image-preview:large","max-video-preview":"max-video-preview:-1"},"canonical":"https:\/\/euthanasiasleep.com\/fr\/about-us\/","og_locale":"fr_FR","og_type":"article","og_title":"About us","og_url":"https:\/\/euthanasiasleep.com\/fr\/about-us\/","og_site_name":"euthanasiasleep.com","article_modified_time":"2025-03-03T15:36:27+00:00","twitter_card":"summary_large_image","twitter_misc":{"Dur\u00e9e de lecture estim\u00e9e":"2 minutes"},"schema":{"@context":"https:\/\/schema.org","@graph":[{"@type":"WebPage","@id":"https:\/\/euthanasiasleep.com\/about-us\/","url":"https:\/\/euthanasiasleep.com\/about-us\/","name":"About us - euthanasiasleep.com","isPartOf":{"@id":"https:\/\/euthanasiasleep.com\/#website"},"datePublished":"2025-03-01T20:07:58+00:00","dateModified":"2025-03-03T15:36:27+00:00","breadcrumb":{"@id":"https:\/\/euthanasiasleep.com\/about-us\/#breadcrumb"},"inLanguage":"fr-FR","potentialAction":[{"@type":"ReadAction","target":["https:\/\/euthanasiasleep.com\/about-us\/"]}]},{"@type":"BreadcrumbList","@id":"https:\/\/euthanasiasleep.com\/about-us\/#breadcrumb","itemListElement":[{"@type":"ListItem","position":1,"name":"Home","item":"https:\/\/euthanasiasleep.com\/"},{"@type":"ListItem","position":2,"name":"About us"}]},{"@type":"WebSite","@id":"https:\/\/euthanasiasleep.com\/#website","url":"https:\/\/euthanasiasleep.com\/","name":"Euthanasie Sommeil","description":"Euthanasie Sommeil","publisher":{"@id":"https:\/\/euthanasiasleep.com\/#organization"},"alternateName":"EuthanasiaSleep","potentialAction":[{"@type":"SearchAction","target":{"@type":"EntryPoint","urlTemplate":"https:\/\/euthanasiasleep.com\/?s={search_term_string}"},"query-input":{"@type":"PropertyValueSpecification","valueRequired":true,"valueName":"search_term_string"}}],"inLanguage":"fr-FR"},{"@type":"Organization","@id":"https:\/\/euthanasiasleep.com\/#organization","name":"Euthanasie Sommeil","alternateName":"EuthanasiaSleep","url":"https:\/\/euthanasiasleep.com\/","logo":{"@type":"ImageObject","inLanguage":"fr-FR","@id":"https:\/\/euthanasiasleep.com\/#\/schema\/logo\/image\/","url":"https:\/\/euthanasiasleep.com\/wp-content\/uploads\/2025\/03\/kisspng-health-care-public-health-medicine-hospital-cupped-hands-5b5bed5c4cf652.0198420915327511963153.jpg","contentUrl":"https:\/\/euthanasiasleep.com\/wp-content\/uploads\/2025\/03\/kisspng-health-care-public-health-medicine-hospital-cupped-hands-5b5bed5c4cf652.0198420915327511963153.jpg","width":900,"height":800,"caption":"Euthanasia Sleep"},"image":{"@id":"https:\/\/euthanasiasleep.com\/#\/schema\/logo\/image\/"}}]}},"_links":{"self":[{"href":"https:\/\/euthanasiasleep.com\/fr\/wp-json\/wp\/v2\/pages\/17","targetHints":{"allow":["GET"]}}],"collection":[{"href":"https:\/\/euthanasiasleep.com\/fr\/wp-json\/wp\/v2\/pages"}],"about":[{"href":"https:\/\/euthanasiasleep.com\/fr\/wp-json\/wp\/v2\/types\/page"}],"author":[{"embeddable":true,"href":"https:\/\/euthanasiasleep.com\/fr\/wp-json\/wp\/v2\/users\/1"}],"replies":[{"embeddable":true,"href":"https:\/\/euthanasiasleep.com\/fr\/wp-json\/wp\/v2\/comments?post=17"}],"version-history":[{"count":6,"href":"https:\/\/euthanasiasleep.com\/fr\/wp-json\/wp\/v2\/pages\/17\/revisions"}],"predecessor-version":[{"id":148,"href":"https:\/\/euthanasiasleep.com\/fr\/wp-json\/wp\/v2\/pages\/17\/revisions\/148"}],"wp:attachment":[{"href":"https:\/\/euthanasiasleep.com\/fr\/wp-json\/wp\/v2\/media?parent=17"}],"wp:term":[{"taxonomy":"category","embeddable":true,"href":"https:\/\/euthanasiasleep.com\/fr\/wp-json\/wp\/v2\/categories?post=17"},{"taxonomy":"post_tag","embeddable":true,"href":"https:\/\/euthanasiasleep.com\/fr\/wp-json\/wp\/v2\/tags?post=17"}],"curies":[{"name":"wp","href":"https:\/\/api.w.org\/{rel}","templated":true}]}}