{"id":112,"date":"2025-03-03T01:18:53","date_gmt":"2025-03-03T01:18:53","guid":{"rendered":"https:\/\/euthanasiasleep.com\/?page_id=112"},"modified":"2025-03-03T01:23:07","modified_gmt":"2025-03-03T01:23:07","slug":"terms-and-conditions","status":"publish","type":"page","link":"https:\/\/euthanasiasleep.com\/it\/terms-and-conditions\/","title":{"rendered":"Termini e condizioni"},"content":{"rendered":"<section class=\"section\" id=\"section_1474517112\">\n\t\t<div class=\"section-bg fill\" >\n\t\t\t\t\t\t\t\t\t\n\t\t\t\n\n\t\t<\/div>\n\n\t\t\n\n\t\t<div class=\"section-content relative\">\n\t\t\t\n\n<div class=\"row align-center\"  id=\"row-2009183389\">\n\n\n\t<div id=\"col-1758096834\" class=\"col medium-10 small-12 large-10\"  >\n\t\t\t\t<div class=\"col-inner text-center\"  >\n\t\t\t\n\t\t\t\n\n\t<div id=\"text-1850450350\" class=\"text\">\n\t\t\n\n<h2 class=\"wp-block-heading has-white-color has-text-color has-link-color\" style=\"text-align: left;\"><span data-text-color=\"primary\">Benvenuto a euthanasiasleep<\/span><\/h2>\n<p style=\"text-align: left;\">I presenti Termini e condizioni regolano l'utilizzo del nostro sito web, dei servizi e di qualsiasi contenuto fornito da Nembutal Mann. Accedendo o utilizzando questo sito web, l'utente accetta di rispettare tali termini. Si prega di leggerli attentamente.<\/p>\n<h3 class=\"wp-block-heading has-text-color has-link-color\" style=\"text-align: left;\">I. Uso generale<\/h3>\n<p style=\"text-align: left;\"><strong>I.1. Ammissibilit\u00e0:<\/strong>\u00a0Per accedere al nostro sito web \u00e8 necessario avere almeno 18 anni.<br \/><strong>I.1. Scopo del contenuto:<\/strong>\u00a0Tutte le informazioni contenute in questo sito web hanno uno scopo esclusivamente educativo e informativo e non costituiscono una consulenza medica.<\/p>\n<h3 class=\"wp-block-heading has-text-color has-link-color\" style=\"text-align: left;\"><strong>II. La propriet\u00e0 intellettuale<\/strong><\/h3>\n<p style=\"text-align: left;\"><strong>II.1. Copyright<\/strong>: Tutti i contenuti di questo sito web, compresi testi, immagini ed elementi di design, sono di propriet\u00e0 di Nembutal Mann e sono protetti dalle leggi sul copyright.<br \/><strong>II.2. Restrizioni:<\/strong>\u00a0Non \u00e8 consentito copiare, riprodurre o distribuire alcun materiale di questo sito web senza previo consenso scritto.<\/p>\n<h3 style=\"text-align: left;\"><strong>III. Responsabilit\u00e0 dell'utente<\/strong><\/h3>\n<p style=\"text-align: left;\"><strong>III.1. Informazioni accurate:<\/strong>\u00a0Quando si utilizzano i nostri servizi o si inviano richieste di informazioni, l'utente accetta di fornire informazioni accurate e complete.<br \/><strong>III.2. Azioni vietate:<\/strong>\u00a0L'utente accetta di non utilizzare il nostro sito web per attivit\u00e0 illegali o in violazione delle leggi vigenti.<\/p>\n<hr \/>\n<h3 style=\"text-align: left;\"><strong>IV. Esclusione di responsabilit\u00e0<\/strong><\/h3>\n<p style=\"text-align: left;\"><strong>IV.1 Nessuna garanzia:<\/strong>\u00a0<strong>Nembutal Mann<\/strong>\u00a0non garantisce l'accuratezza o la completezza delle informazioni fornite in questo sito web.<br \/><strong>IV.2 Responsabilit\u00e0 limitata:<\/strong>\u00a0Non siamo responsabili di eventuali danni diretti o indiretti derivanti dall'uso del sito web.<\/p>\n<hr \/>\n<h3 style=\"text-align: left;\"><strong>V. Link a siti web di terzi<\/strong><\/h3>\n<p style=\"text-align: left;\">Il nostro sito web pu\u00f2 contenere link a siti web di terzi a scopo informativo. Non approviamo n\u00e9 ci assumiamo la responsabilit\u00e0 per il contenuto di questi siti web.<\/p>\n<hr \/>\n<h3 style=\"text-align: left;\"><strong>VI. Politica sulla privacy<\/strong><\/h3>\n<p style=\"text-align: left;\">L'utilizzo di questo sito web \u00e8 regolato anche dalla nostra Informativa sulla privacy, che spiega come raccogliamo, utilizziamo e proteggiamo i vostri dati.<\/p>\n<hr \/>\n<h3 style=\"text-align: left;\"><strong>VII. Modifiche ai termini<\/strong><\/h3>\n<p style=\"text-align: left;\">Ci riserviamo il diritto di aggiornare o modificare i presenti Termini e condizioni in qualsiasi momento senza preavviso. Si prega di rivedere periodicamente questa pagina per eventuali modifiche.<\/p>\n<h3 style=\"text-align: left;\"><strong>VIII. Legge applicabile<\/strong><\/h3>\n<p style=\"text-align: left;\">I presenti Termini e condizioni sono disciplinati e interpretati in conformit\u00e0 alle leggi della giurisdizione di appartenenza.<\/p>\n\t\t\n<style>\n#text-1850450350 {\n  color: rgb(38, 131, 123);\n}\n#text-1850450350 > * {\n  color: rgb(38, 131, 123);\n}\n<\/style>\n\t<\/div>\n\t\n\n\t\t<\/div>\n\t\t\t\t\t<\/div>\n\n\t\n\n<\/div>\n\n\t\t<\/div>\n\n\t\t\n<style>\n#section_1474517112 {\n  padding-top: 60px;\n  padding-bottom: 60px;\n  min-height: 300px;\n}\n<\/style>\n\t<\/section>","protected":false},"excerpt":{"rendered":"","protected":false},"author":1,"featured_media":0,"parent":0,"menu_order":0,"comment_status":"closed","ping_status":"closed","template":"","meta":{"footnotes":""},"categories":[],"tags":[],"class_list":["post-112","page","type-page","status-publish","hentry"],"yoast_head":"<!-- This site is optimized with the Yoast SEO Premium plugin v26.2 (Yoast SEO v26.2) - https:\/\/yoast.com\/wordpress\/plugins\/seo\/ -->\n<title>Terms and Conditions - euthanasiasleep.com<\/title>\n<meta name=\"robots\" content=\"index, follow, max-snippet:-1, max-image-preview:large, max-video-preview:-1\" \/>\n<link rel=\"canonical\" href=\"https:\/\/euthanasiasleep.com\/it\/terms-and-conditions\/\" \/>\n<meta property=\"og:locale\" content=\"it_IT\" \/>\n<meta property=\"og:type\" content=\"article\" \/>\n<meta property=\"og:title\" content=\"Terms and Conditions\" \/>\n<meta property=\"og:url\" content=\"https:\/\/euthanasiasleep.com\/it\/terms-and-conditions\/\" \/>\n<meta property=\"og:site_name\" content=\"euthanasiasleep.com\" \/>\n<meta property=\"article:modified_time\" content=\"2025-03-03T01:23:07+00:00\" \/>\n<meta name=\"twitter:card\" content=\"summary_large_image\" \/>\n<meta name=\"twitter:label1\" content=\"Tempo di lettura stimato\" \/>\n\t<meta name=\"twitter:data1\" content=\"2 minuti\" \/>\n<script type=\"application\/ld+json\" class=\"yoast-schema-graph\">{\"@context\":\"https:\/\/schema.org\",\"@graph\":[{\"@type\":\"WebPage\",\"@id\":\"https:\/\/euthanasiasleep.com\/terms-and-conditions\/\",\"url\":\"https:\/\/euthanasiasleep.com\/terms-and-conditions\/\",\"name\":\"Terms and Conditions - euthanasiasleep.com\",\"isPartOf\":{\"@id\":\"https:\/\/euthanasiasleep.com\/#website\"},\"datePublished\":\"2025-03-03T01:18:53+00:00\",\"dateModified\":\"2025-03-03T01:23:07+00:00\",\"breadcrumb\":{\"@id\":\"https:\/\/euthanasiasleep.com\/terms-and-conditions\/#breadcrumb\"},\"inLanguage\":\"it-IT\",\"potentialAction\":[{\"@type\":\"ReadAction\",\"target\":[\"https:\/\/euthanasiasleep.com\/terms-and-conditions\/\"]}]},{\"@type\":\"BreadcrumbList\",\"@id\":\"https:\/\/euthanasiasleep.com\/terms-and-conditions\/#breadcrumb\",\"itemListElement\":[{\"@type\":\"ListItem\",\"position\":1,\"name\":\"Home\",\"item\":\"https:\/\/euthanasiasleep.com\/\"},{\"@type\":\"ListItem\",\"position\":2,\"name\":\"Terms and Conditions\"}]},{\"@type\":\"WebSite\",\"@id\":\"https:\/\/euthanasiasleep.com\/#website\",\"url\":\"https:\/\/euthanasiasleep.com\/\",\"name\":\"Euthanasia Sleep\",\"description\":\"Euthanasia Sleep\",\"publisher\":{\"@id\":\"https:\/\/euthanasiasleep.com\/#organization\"},\"alternateName\":\"EuthanasiaSleep\",\"potentialAction\":[{\"@type\":\"SearchAction\",\"target\":{\"@type\":\"EntryPoint\",\"urlTemplate\":\"https:\/\/euthanasiasleep.com\/?s={search_term_string}\"},\"query-input\":{\"@type\":\"PropertyValueSpecification\",\"valueRequired\":true,\"valueName\":\"search_term_string\"}}],\"inLanguage\":\"it-IT\"},{\"@type\":\"Organization\",\"@id\":\"https:\/\/euthanasiasleep.com\/#organization\",\"name\":\"Euthanasia Sleep\",\"alternateName\":\"EuthanasiaSleep\",\"url\":\"https:\/\/euthanasiasleep.com\/\",\"logo\":{\"@type\":\"ImageObject\",\"inLanguage\":\"it-IT\",\"@id\":\"https:\/\/euthanasiasleep.com\/#\/schema\/logo\/image\/\",\"url\":\"https:\/\/euthanasiasleep.com\/wp-content\/uploads\/2025\/03\/kisspng-health-care-public-health-medicine-hospital-cupped-hands-5b5bed5c4cf652.0198420915327511963153.jpg\",\"contentUrl\":\"https:\/\/euthanasiasleep.com\/wp-content\/uploads\/2025\/03\/kisspng-health-care-public-health-medicine-hospital-cupped-hands-5b5bed5c4cf652.0198420915327511963153.jpg\",\"width\":900,\"height\":800,\"caption\":\"Euthanasia Sleep\"},\"image\":{\"@id\":\"https:\/\/euthanasiasleep.com\/#\/schema\/logo\/image\/\"}}]}<\/script>\n<!-- \/ Yoast SEO Premium plugin. -->","yoast_head_json":{"title":"Terms and Conditions - euthanasiasleep.com","robots":{"index":"index","follow":"follow","max-snippet":"max-snippet:-1","max-image-preview":"max-image-preview:large","max-video-preview":"max-video-preview:-1"},"canonical":"https:\/\/euthanasiasleep.com\/it\/terms-and-conditions\/","og_locale":"it_IT","og_type":"article","og_title":"Terms and Conditions","og_url":"https:\/\/euthanasiasleep.com\/it\/terms-and-conditions\/","og_site_name":"euthanasiasleep.com","article_modified_time":"2025-03-03T01:23:07+00:00","twitter_card":"summary_large_image","twitter_misc":{"Tempo di lettura stimato":"2 minuti"},"schema":{"@context":"https:\/\/schema.org","@graph":[{"@type":"WebPage","@id":"https:\/\/euthanasiasleep.com\/terms-and-conditions\/","url":"https:\/\/euthanasiasleep.com\/terms-and-conditions\/","name":"Terms and Conditions - euthanasiasleep.com","isPartOf":{"@id":"https:\/\/euthanasiasleep.com\/#website"},"datePublished":"2025-03-03T01:18:53+00:00","dateModified":"2025-03-03T01:23:07+00:00","breadcrumb":{"@id":"https:\/\/euthanasiasleep.com\/terms-and-conditions\/#breadcrumb"},"inLanguage":"it-IT","potentialAction":[{"@type":"ReadAction","target":["https:\/\/euthanasiasleep.com\/terms-and-conditions\/"]}]},{"@type":"BreadcrumbList","@id":"https:\/\/euthanasiasleep.com\/terms-and-conditions\/#breadcrumb","itemListElement":[{"@type":"ListItem","position":1,"name":"Home","item":"https:\/\/euthanasiasleep.com\/"},{"@type":"ListItem","position":2,"name":"Terms and Conditions"}]},{"@type":"WebSite","@id":"https:\/\/euthanasiasleep.com\/#website","url":"https:\/\/euthanasiasleep.com\/","name":"Eutanasia Sonno","description":"Eutanasia Sonno","publisher":{"@id":"https:\/\/euthanasiasleep.com\/#organization"},"alternateName":"EuthanasiaSleep","potentialAction":[{"@type":"SearchAction","target":{"@type":"EntryPoint","urlTemplate":"https:\/\/euthanasiasleep.com\/?s={search_term_string}"},"query-input":{"@type":"PropertyValueSpecification","valueRequired":true,"valueName":"search_term_string"}}],"inLanguage":"it-IT"},{"@type":"Organization","@id":"https:\/\/euthanasiasleep.com\/#organization","name":"Eutanasia Sonno","alternateName":"EuthanasiaSleep","url":"https:\/\/euthanasiasleep.com\/","logo":{"@type":"ImageObject","inLanguage":"it-IT","@id":"https:\/\/euthanasiasleep.com\/#\/schema\/logo\/image\/","url":"https:\/\/euthanasiasleep.com\/wp-content\/uploads\/2025\/03\/kisspng-health-care-public-health-medicine-hospital-cupped-hands-5b5bed5c4cf652.0198420915327511963153.jpg","contentUrl":"https:\/\/euthanasiasleep.com\/wp-content\/uploads\/2025\/03\/kisspng-health-care-public-health-medicine-hospital-cupped-hands-5b5bed5c4cf652.0198420915327511963153.jpg","width":900,"height":800,"caption":"Euthanasia Sleep"},"image":{"@id":"https:\/\/euthanasiasleep.com\/#\/schema\/logo\/image\/"}}]}},"_links":{"self":[{"href":"https:\/\/euthanasiasleep.com\/it\/wp-json\/wp\/v2\/pages\/112","targetHints":{"allow":["GET"]}}],"collection":[{"href":"https:\/\/euthanasiasleep.com\/it\/wp-json\/wp\/v2\/pages"}],"about":[{"href":"https:\/\/euthanasiasleep.com\/it\/wp-json\/wp\/v2\/types\/page"}],"author":[{"embeddable":true,"href":"https:\/\/euthanasiasleep.com\/it\/wp-json\/wp\/v2\/users\/1"}],"replies":[{"embeddable":true,"href":"https:\/\/euthanasiasleep.com\/it\/wp-json\/wp\/v2\/comments?post=112"}],"version-history":[{"count":2,"href":"https:\/\/euthanasiasleep.com\/it\/wp-json\/wp\/v2\/pages\/112\/revisions"}],"predecessor-version":[{"id":114,"href":"https:\/\/euthanasiasleep.com\/it\/wp-json\/wp\/v2\/pages\/112\/revisions\/114"}],"wp:attachment":[{"href":"https:\/\/euthanasiasleep.com\/it\/wp-json\/wp\/v2\/media?parent=112"}],"wp:term":[{"taxonomy":"category","embeddable":true,"href":"https:\/\/euthanasiasleep.com\/it\/wp-json\/wp\/v2\/categories?post=112"},{"taxonomy":"post_tag","embeddable":true,"href":"https:\/\/euthanasiasleep.com\/it\/wp-json\/wp\/v2\/tags?post=112"}],"curies":[{"name":"wp","href":"https:\/\/api.w.org\/{rel}","templated":true}]}}